{"id":4115,"date":"2022-10-02T13:03:49","date_gmt":"2022-10-02T13:03:49","guid":{"rendered":"https:\/\/demir.av.tr\/kurumsal\/"},"modified":"2022-10-22T17:40:42","modified_gmt":"2022-10-22T17:40:42","slug":"kurumsal","status":"publish","type":"page","link":"https:\/\/demir.av.tr\/de\/kurumsal\/","title":{"rendered":"Uber Uns"},"content":{"rendered":"<p>[vc_row content_width=&#8220;grid&#8220; content_aligment=&#8220;center&#8220; triangle_shape=&#8220;no&#8220; css=&#8220;.vc_custom_1447774639285{padding-top: 60px !important;padding-bottom: 50px !important;}&#8220;][vc_column offset=&#8220;vc_col-lg-offset-1 vc_col-lg-10 vc_col-md-offset-0 vc_col-md-12&#8243;]<div class=\"mkd-separator-holder clearfix  mkd-separator-center mkd-separator-with-icon mkd-animate\" style=\"margin-top: 20px; margin-bottom: 20px\">\n\t<div class=\"mkd-separator\" style=\"border-color: #c18f59;border-style: solid;width: 108px\"><\/div>\n\t\t<div class=\"mkd-separator-icon\">\n\t\t\t                    <img loading=\"lazy\" decoding=\"async\" width=\"34\" height=\"23\" src=\"https:\/\/demir.av.tr\/wp-content\/uploads\/2015\/11\/h1-separator-custom-icon-1.png\" class=\"attachment-full size-full\" alt=\"a\" \/>\t\t\t\t\t\t<\/div>\n\t<div class=\"mkd-separator\" style=\"border-color: #c18f59;border-style: solid;width: 108px\"><\/div>\n<\/div>\n[vc_empty_space height=&#8220;10px&#8220;][vc_column_text]<\/p>\n<p style=\"text-align: justify;\">Seit ihrer Gr\u00fcndung ist die Kanzlei Demir &amp; Partners davon \u00fcberzeugt, durch strukturelle Dynamik, aktuellste Informationen, Spezialisierung ihrer Mitarbeiter auf verschiedene Fachgebiete sowie durch eine effektive Kombination dieses Fachwissens mit der vorhandenen Berufserfahrung ihren Mandanten die bestm\u00f6glichsten Dienstleistungen erbringen zu k\u00f6nnen.<\/p>\n<p>&nbsp;<\/p>\n<p style=\"text-align: justify;\">F\u00fcr unsere multinationalen und lokalen Mandanten bietet die Rechtsanwaltskanzlei Demir &amp; Partners Beratungen in den Sprachen Englisch und Deutsch ebenso wie in T\u00fcrkisch an. Inhaltlich bieten wir sowohl rechtliche Beratungen als auch Vertretungen in Gerichtsprozessen sowie die Durchf\u00fchrung anderen Verfahren. Im Rahmen der Beratungst\u00e4tigkeiten bieten wir unseren Mandanten insbesondere rechtliche Er\u00f6rterungen und Beratungen, Erl\u00e4uterungen von Verwaltungsverfahren und Einsch\u00e4tzungen hinsichtlich der Erfolgsaussichten einer Klage. Wir erstellen Vertragsentw\u00fcrfe, \u00fcberpr\u00fcfen bestehende Vertr\u00e4ge, passen diese im Bedarfsfall an oder stellen Ihnen Mustervertr\u00e4ge zur Verf\u00fcgung.<\/p>\n<p>&nbsp;<\/p>\n<p style=\"text-align: justify;\">Des Weiteren beraten und unterst\u00fctzen wir Mandanten bei der Gr\u00fcndung neuer Unternehmen oder Zweigstellen sowie bei Firmenfusionen oder \u2013\u00fcbernahmen. Auf Wunsch f\u00fchren wir dazu Due-Diligence-Pr\u00fcfungen und Bewertungen auf verschiedenen Ebenen durch. Ebenso bieten wir Hilfestellungen bei der Bewertung von Immobilien, der Bestellung von Hypotheken oder Pfandrechten sowie deren Eintragung oder ermitteln die f\u00fcr den Schutz geistigen Eigentums und gewerblicher Rechte oder hinsichtlich unlauteren Wettbewerbs notwendigen Informationen. Auch die Durchf\u00fchrung s\u00e4mtlicher erforderlicher beh\u00f6rdlicher Verfahren f\u00fcr unsere Mandanten geh\u00f6rt zu unserem Angebotsspektrum. Unsere Dienstleistungen auf verfahrensrechtlicher Ebene umfassen Klageerhebungen und Vertretungen in Gerichtsprozessen, die Durchf\u00fchrung von Schiedsverfahren, die Verfolgung von Inkassof\u00e4llen sowie die Herbeif\u00fchrung anderer gerichtlicher Entscheidungen.<\/p>\n<p>&nbsp;<\/p>\n<p style=\"text-align: justify;\">Die Verfolgung der Interessen unserer Mandanten mittels gerichtlicher Verfahren nimmt dabei den Hauptteil unserer Arbeit ein. Dar\u00fcber hinaus bieten wir aber umfangreiche weitere rechtliche Dienstleistungen, wie beispielsweise die Gestaltung von Vertr\u00e4gen zur Verhinderung von Rechtsstreitigkeiten oder die Durchf\u00fchrung von Schlichtungsgespr\u00e4chen im Namen der Mandanten, zur Entwicklung einvernehmlicher L\u00f6sungen im Falle von Streitigkeiten.<\/p>\n<p>&nbsp;<\/p>\n<p style=\"text-align: justify;\">Neben der Betreuung von Gesch\u00e4ftskunden bieten wir auch privaten Mandanten rechtliche Beratungen und Prozessvertretungen in vielen Bereichen, insbesondere bei Vertragsgestaltungen, zivilrechtlichen Klagen und dem Schutz von geistigem Eigentum.<\/p>\n<p>&nbsp;<\/p>\n<p style=\"text-align: justify;\">Unsere Marken- und Patentanw\u00e4lte bieten dar\u00fcber hinaus Dienstleistungen auf den Gebieten Markenrechte, Anmeldungen und Registrierungen von Patenten und gewerblichen Rechten sowie die Erhebung oder Abwehr von Beschwerden.<\/p>\n<p>&nbsp;<\/p>\n<p style=\"text-align: justify;\">Die Kanzlei Demir &amp; Partners zeichnet sich durch hohe Kompetenz und Einsatzbereitschaft ihrer Mitarbeiter &#8211; sowohl der Rechtsanw\u00e4lte als auch der Assistenten &#8211; aus. Dadurch sind wir in die Lage, unsere Dienstleistungen auf dem h\u00f6chstm\u00f6glichen Standard anzubieten, was uns nicht zuletzt durch die positiven R\u00fcckmeldungen unserer Mandanten best\u00e4tigt wird.<\/p>\n<p>[\/vc_column_text][\/vc_column][\/vc_row]<\/p>\n","protected":false},"excerpt":{"rendered":"<p>[vc_row content_width=&#8220;grid&#8220; content_aligment=&#8220;center&#8220; triangle_shape=&#8220;no&#8220; css=&#8220;.vc_custom_1447774639285{padding-top: 60px !important;padding-bottom: 50px !important;}&#8220;][vc_column offset=&#8220;vc_col-lg-offset-1 vc_col-lg-10 vc_col-md-offset-0 vc_col-md-12&#8243;][vc_empty_space height=&#8220;10px&#8220;][vc_column_text] Seit ihrer Gr\u00fcndung ist die Kanzlei Demir &amp; Partners davon \u00fcberzeugt, durch strukturelle Dynamik, aktuellste Informationen, Spezialisierung ihrer Mitarbeiter auf verschiedene Fachgebiete sowie durch eine effektive Kombination dieses Fachwissens mit der vorhandenen Berufserfahrung ihren Mandanten die bestm\u00f6glichsten Dienstleistungen erbringen zu k\u00f6nnen. &nbsp; F\u00fcr unsere multinationalen und lokalen Mandanten bietet die Rechtsanwaltskanzlei Demir &amp; Partners Beratungen in den Sprachen Englisch und Deutsch ebenso wie in T\u00fcrkisch an. Inhaltlich bieten wir sowohl rechtliche Beratungen als auch Vertretungen in Gerichtsprozessen sowie die Durchf\u00fchrung anderen Verfahren. Im Rahmen der Beratungst\u00e4tigkeiten&#8230;<\/p>\n","protected":false},"author":1,"featured_media":0,"parent":0,"menu_order":0,"comment_status":"closed","ping_status":"closed","template":"full-width.php","meta":{"footnotes":""},"class_list":["post-4115","page","type-page","status-publish","hentry"],"_links":{"self":[{"href":"https:\/\/demir.av.tr\/de\/wp-json\/wp\/v2\/pages\/4115","targetHints":{"allow":["GET"]}}],"collection":[{"href":"https:\/\/demir.av.tr\/de\/wp-json\/wp\/v2\/pages"}],"about":[{"href":"https:\/\/demir.av.tr\/de\/wp-json\/wp\/v2\/types\/page"}],"author":[{"embeddable":true,"href":"https:\/\/demir.av.tr\/de\/wp-json\/wp\/v2\/users\/1"}],"replies":[{"embeddable":true,"href":"https:\/\/demir.av.tr\/de\/wp-json\/wp\/v2\/comments?post=4115"}],"version-history":[{"count":3,"href":"https:\/\/demir.av.tr\/de\/wp-json\/wp\/v2\/pages\/4115\/revisions"}],"predecessor-version":[{"id":4122,"href":"https:\/\/demir.av.tr\/de\/wp-json\/wp\/v2\/pages\/4115\/revisions\/4122"}],"wp:attachment":[{"href":"https:\/\/demir.av.tr\/de\/wp-json\/wp\/v2\/media?parent=4115"}],"curies":[{"name":"wp","href":"https:\/\/api.w.org\/{rel}","templated":true}]}}