{"id":4150,"date":"2022-10-02T16:06:04","date_gmt":"2022-10-02T16:06:04","guid":{"rendered":"https:\/\/demir.av.tr\/faaliyet-alanlarimiz\/aile-ve-miras-hukuku\/"},"modified":"2023-07-14T14:53:52","modified_gmt":"2023-07-14T14:53:52","slug":"aile-ve-miras-hukuku","status":"publish","type":"page","link":"https:\/\/demir.av.tr\/de\/faaliyet-alanlarimiz\/aile-ve-miras-hukuku\/","title":{"rendered":"Familienrechtes"},"content":{"rendered":"<p>[vc_row content_width=&#8220;grid&#8220; triangle_shape=&#8220;no&#8220; css=&#8220;.vc_custom_1664728755715{padding-top: 60px !important;padding-bottom: 50px !important;}&#8220;][vc_column width=&#8220;2\/3&#8243;][vc_column_text]Wir bieten juristische Dienstleistungen und Beratung in Verhandlungsprozessen von Streitigkeiten aus dem Familienrecht f\u00fcr t\u00fcrkische und ausl\u00e4ndische Staatsangeh\u00f6rige an. In diesem Rahmen vertreten wir unsere Mandanten vor Gericht und versuchen ihre Beilegung herbeizuf\u00fchren. Hierf\u00fcr stehen wir unseren Mandaten bei der Durchf\u00fchrung von Einigungsprozessen zwischen den Parteien zur Seite und erbringen Rechtsdienstleistungen und Rechtsberatung im Rahmen der Bestimmungen des B\u00fcrgerlichen Gesetzbuches, internationaler Vertr\u00e4ge und Gesetze sowie des Schutzes des Privatlebens.<\/p>\n<p>&nbsp;<\/p>\n<p>Einige unserer Dienstleistungen im Bereich des Familienrechts sind wie folgt, aber nicht beschr\u00e4nkt auf:<\/p>\n<p>&nbsp;<\/p>\n<ul>\n<li>Vermittlung von vorehelichen Verm\u00f6gensvertr\u00e4gen<\/li>\n<li>Durchf\u00fchrung von Verhandlungsverfahren und Ausfertigen von Protokollen bei einvernehmlichen Scheidungen<\/li>\n<li>Vertretung unserer Mandanten in Scheidungsf\u00e4llen<\/li>\n<li>Durchf\u00fchrung des Rechtsverfahrens \u00fcber materielle und immaterielle Entsch\u00e4digungsanspr\u00fcche aus der Scheidung<\/li>\n<li>Durchf\u00fchrung der Verm\u00f6gensliquidation nach der Scheidung<\/li>\n<li>Durchf\u00fchrung des Rechtsweges in Abstammungsf\u00e4llen und Vaterschaftsfeststellung<\/li>\n<li>Beilegung von Sorgerechts- und Unterhaltsstreitigkeiten<\/li>\n<li>Erlangen einstweiliger Verf\u00fcgungen auf der Grundlage verschiedener Situationen<\/li>\n<li>Verwaltung von Rechtsverfahren bei Adoptionen<\/li>\n<\/ul>\n<p>[\/vc_column_text][\/vc_column][vc_column width=&#8220;1\/3&#8243;][vc_widget_sidebar sidebar_id=&#8220;faaliyet-alanlarimiz&#8220;][\/vc_column][\/vc_row]<\/p>\n","protected":false},"excerpt":{"rendered":"<p>[vc_row content_width=&#8220;grid&#8220; triangle_shape=&#8220;no&#8220; css=&#8220;.vc_custom_1664728755715{padding-top: 60px !important;padding-bottom: 50px !important;}&#8220;][vc_column width=&#8220;2\/3&#8243;][vc_column_text]Wir bieten juristische Dienstleistungen und Beratung in Verhandlungsprozessen von Streitigkeiten aus dem Familienrecht f\u00fcr t\u00fcrkische und ausl\u00e4ndische Staatsangeh\u00f6rige an. In diesem Rahmen vertreten wir unsere Mandanten vor Gericht und versuchen ihre Beilegung herbeizuf\u00fchren. Hierf\u00fcr stehen wir unseren Mandaten bei der Durchf\u00fchrung von Einigungsprozessen zwischen den Parteien zur Seite und erbringen Rechtsdienstleistungen und Rechtsberatung im Rahmen der Bestimmungen des B\u00fcrgerlichen Gesetzbuches, internationaler Vertr\u00e4ge und Gesetze sowie des Schutzes des Privatlebens. &nbsp; Einige unserer Dienstleistungen im Bereich des Familienrechts sind wie folgt, aber nicht beschr\u00e4nkt auf: &nbsp; Vermittlung von vorehelichen Verm\u00f6gensvertr\u00e4gen Durchf\u00fchrung von Verhandlungsverfahren&#8230;<\/p>\n","protected":false},"author":1,"featured_media":0,"parent":4127,"menu_order":0,"comment_status":"closed","ping_status":"closed","template":"full-width.php","meta":{"footnotes":""},"class_list":["post-4150","page","type-page","status-publish","hentry"],"_links":{"self":[{"href":"https:\/\/demir.av.tr\/de\/wp-json\/wp\/v2\/pages\/4150","targetHints":{"allow":["GET"]}}],"collection":[{"href":"https:\/\/demir.av.tr\/de\/wp-json\/wp\/v2\/pages"}],"about":[{"href":"https:\/\/demir.av.tr\/de\/wp-json\/wp\/v2\/types\/page"}],"author":[{"embeddable":true,"href":"https:\/\/demir.av.tr\/de\/wp-json\/wp\/v2\/users\/1"}],"replies":[{"embeddable":true,"href":"https:\/\/demir.av.tr\/de\/wp-json\/wp\/v2\/comments?post=4150"}],"version-history":[{"count":2,"href":"https:\/\/demir.av.tr\/de\/wp-json\/wp\/v2\/pages\/4150\/revisions"}],"predecessor-version":[{"id":4866,"href":"https:\/\/demir.av.tr\/de\/wp-json\/wp\/v2\/pages\/4150\/revisions\/4866"}],"up":[{"embeddable":true,"href":"https:\/\/demir.av.tr\/de\/wp-json\/wp\/v2\/pages\/4127"}],"wp:attachment":[{"href":"https:\/\/demir.av.tr\/de\/wp-json\/wp\/v2\/media?parent=4150"}],"curies":[{"name":"wp","href":"https:\/\/api.w.org\/{rel}","templated":true}]}}