{"id":4152,"date":"2022-10-02T16:03:57","date_gmt":"2022-10-02T16:03:57","guid":{"rendered":"https:\/\/demir.av.tr\/faaliyet-alanlarimiz\/basin-ve-medya-hukuku\/"},"modified":"2022-10-25T10:29:18","modified_gmt":"2022-10-25T10:29:18","slug":"basin-ve-medya-hukuku","status":"publish","type":"page","link":"https:\/\/demir.av.tr\/de\/faaliyet-alanlarimiz\/basin-ve-medya-hukuku\/","title":{"rendered":"Presserecht &#038; Medienrecht"},"content":{"rendered":"<p>[vc_row content_width=&#8220;grid&#8220; triangle_shape=&#8220;no&#8220; css=&#8220;.vc_custom_1664729471023{padding-top: 60px !important;padding-bottom: 50px !important;}&#8220;][vc_column width=&#8220;2\/3&#8243;][vc_column_text]<\/p>\n<p style=\"text-align: justify;\">Die Rechtsanwaltkanzlei Demir und Partner durchf\u00fchrt in vielen Bereichen achtsam T\u00e4tigkeiten die die juristische Interessen der Mandanten sch\u00fctzt, dazu geh\u00f6ren Abfertigung von Vertr\u00e4gen voran Sponsor-Vertr\u00e4ge, Werbungsvertr\u00e4ge, Managervertr\u00e4ge; Verfolgung von rechtliche und strafrechtliche Prozeduren vor schriftliche, visuelle und auditive Organen und RT\u00dcK (Oberste Rundfunk- und Fernsehrat) und andere administrative Beh\u00f6rden; Durchf\u00fchrung von T\u00e4tigkeiten wie gegen Ausstrahlungen, die durch die Medienorganen \u00fcbertragen werden und ehrenverletzende, die Anst\u00e4ndigkeit verletzende Beleidigungen und Beschuldigungen beinhalten, den Rechtsweg beschreiten; damit sowohl in Anbetracht an Ersatzrecht, als auch Widerrufantr\u00e4ge, der Schadenersatz bezahlt wird.<\/p>\n<p>[\/vc_column_text][\/vc_column][vc_column width=&#8220;1\/3&#8243;][vc_widget_sidebar sidebar_id=&#8220;faaliyet-alanlarimiz&#8220;][\/vc_column][\/vc_row]<\/p>\n","protected":false},"excerpt":{"rendered":"<p>[vc_row content_width=&#8220;grid&#8220; triangle_shape=&#8220;no&#8220; css=&#8220;.vc_custom_1664729471023{padding-top: 60px !important;padding-bottom: 50px !important;}&#8220;][vc_column width=&#8220;2\/3&#8243;][vc_column_text] Die Rechtsanwaltkanzlei Demir und Partner durchf\u00fchrt in vielen Bereichen achtsam T\u00e4tigkeiten die die juristische Interessen der Mandanten sch\u00fctzt, dazu geh\u00f6ren Abfertigung von Vertr\u00e4gen voran Sponsor-Vertr\u00e4ge, Werbungsvertr\u00e4ge, Managervertr\u00e4ge; Verfolgung von rechtliche und strafrechtliche Prozeduren vor schriftliche, visuelle und auditive Organen und RT\u00dcK (Oberste Rundfunk- und Fernsehrat) und andere administrative Beh\u00f6rden; Durchf\u00fchrung von T\u00e4tigkeiten wie gegen Ausstrahlungen, die durch die Medienorganen \u00fcbertragen werden und ehrenverletzende, die Anst\u00e4ndigkeit verletzende Beleidigungen und Beschuldigungen beinhalten, den Rechtsweg beschreiten; damit sowohl in Anbetracht an Ersatzrecht, als auch Widerrufantr\u00e4ge, der Schadenersatz bezahlt wird. [\/vc_column_text][\/vc_column][vc_column width=&#8220;1\/3&#8243;][vc_widget_sidebar sidebar_id=&#8220;faaliyet-alanlarimiz&#8220;][\/vc_column][\/vc_row]<\/p>\n","protected":false},"author":1,"featured_media":0,"parent":4127,"menu_order":0,"comment_status":"closed","ping_status":"closed","template":"full-width.php","meta":{"footnotes":""},"class_list":["post-4152","page","type-page","status-publish","hentry"],"_links":{"self":[{"href":"https:\/\/demir.av.tr\/de\/wp-json\/wp\/v2\/pages\/4152","targetHints":{"allow":["GET"]}}],"collection":[{"href":"https:\/\/demir.av.tr\/de\/wp-json\/wp\/v2\/pages"}],"about":[{"href":"https:\/\/demir.av.tr\/de\/wp-json\/wp\/v2\/types\/page"}],"author":[{"embeddable":true,"href":"https:\/\/demir.av.tr\/de\/wp-json\/wp\/v2\/users\/1"}],"replies":[{"embeddable":true,"href":"https:\/\/demir.av.tr\/de\/wp-json\/wp\/v2\/comments?post=4152"}],"version-history":[{"count":1,"href":"https:\/\/demir.av.tr\/de\/wp-json\/wp\/v2\/pages\/4152\/revisions"}],"predecessor-version":[{"id":4349,"href":"https:\/\/demir.av.tr\/de\/wp-json\/wp\/v2\/pages\/4152\/revisions\/4349"}],"up":[{"embeddable":true,"href":"https:\/\/demir.av.tr\/de\/wp-json\/wp\/v2\/pages\/4127"}],"wp:attachment":[{"href":"https:\/\/demir.av.tr\/de\/wp-json\/wp\/v2\/media?parent=4152"}],"curies":[{"name":"wp","href":"https:\/\/api.w.org\/{rel}","templated":true}]}}