{"id":4154,"date":"2022-10-02T16:04:20","date_gmt":"2022-10-02T16:04:20","guid":{"rendered":"https:\/\/demir.av.tr\/faaliyet-alanlarimiz\/bilisim-hukuku\/"},"modified":"2023-07-14T12:58:38","modified_gmt":"2023-07-14T12:58:38","slug":"bilisim-hukuku","status":"publish","type":"page","link":"https:\/\/demir.av.tr\/de\/faaliyet-alanlarimiz\/bilisim-hukuku\/","title":{"rendered":"Informatiksrecht"},"content":{"rendered":"<p>[vc_row content_width=&#8220;grid&#8220; triangle_shape=&#8220;no&#8220; css=&#8220;.vc_custom_1664729512635{padding-top: 60px !important;padding-bottom: 50px !important;}&#8220;][vc_column width=&#8220;2\/3&#8243;][vc_column_text]Angesichts der sich Tag f\u00fcr Tag weiterentwickelnden und wachsenden Technologie und im Lichte dieser Ver\u00e4nderungen bieten wir rechtliche Unterst\u00fctzung zu verschiedenen Themen im Bereich des Informationsrechts an. Einige von diesen sind; in Bezug auf Internetinhalte, Standort und Zugangsanbieter, die Verhinderung von Markenverletzungen \u00fcber das Internet, die rechtswidrige Verletzung, Zerst\u00f6rung und Sperrung des Informationssystems, die Sicherstellung aller Arten von Rechtsstreiten durch unserem Gesetz neu hinzugef\u00fcgte IT-Straftaten einschlie\u00dflich der Kopierung und Zerst\u00f6rung der Daten im Informationssystem sowie Obsz\u00f6nit\u00e4t, \u00a0Beseitigung wettbewerbsrechtlicher Streitigkeiten im Zusammenhang mit Domainnamen, rechtliche Unterst\u00fctzung bei Beleidigungen und Verletzungen von Pers\u00f6nlichkeitsrechten im Internet sowie \u00dcberwachung des Prozesses der in diesem Zusammenhang stehenden Zugangssperren, Diebstahl und Nutzung von Kreditkarten \u00fcber das Internet.<\/p>\n<p>&nbsp;<\/p>\n<p>In diesem Zusammenhang bietet unsere IT-Rechtsabteilung folgende Dienstleistungen in professioneller Weise an.<\/p>\n<p>&nbsp;<\/p>\n<ul>\n<li>Verfolgen der neuesten Entwicklungen im Bereich des IT-Rechts<\/li>\n<li>Rechtliche Beratung f\u00fcr Applikationen im Bereich des Onlinehandels und der elektronischen Signaturen<\/li>\n<li>Verfolgung und Feststellung von Verst\u00f6\u00dfen, die \u00fcber das Internet auftreten in Bezug auf Internetinhalte, Standort und Zugangsanbieter,<\/li>\n<\/ul>\n<p>Erstellen der rechtlichen Grundlage und die damit verbundene Rechtsberatung f\u00fcr Unternehmen, die Waren und Dienstleistungen \u00fcber das Internet verkaufen<\/p>\n<ul>\n<li>Rechtliche Risikoanalyse, Vertragsberatung und allgemeine Rechtsberatung zur Sicherstellung eines rechtlich einwandfreien Gesch\u00e4ftsablaufs<\/li>\n<\/ul>\n<p>Beratung zu Fragen des Informationsrechts, Marken- und Urheberrechts, Streitigkeiten in Bezug auf Domainnamen<\/p>\n<ul>\n<li>Beseitigung wettbewerbsrechtlicher Streitigkeiten im Bereich E-Commerce, Domainnamen, rechtliche Unterst\u00fctzung bei Beleidigungen und Verletzungen von Pers\u00f6nlichkeitsrechten \u00fcber das Internet sowie die diesbez\u00fcgliche \u00dcberwachung des Verfahrens der Zugriffssperre<\/li>\n<\/ul>\n<p style=\"text-align: justify;\">Verfolgung von str\u00e4flichen Ermittlungen zu mittels dem Internet durchgef\u00fchrten Straftaten wie Betrug, Diebstahl usw.<\/p>\n<p>[\/vc_column_text][\/vc_column][vc_column width=&#8220;1\/3&#8243;][vc_widget_sidebar sidebar_id=&#8220;faaliyet-alanlarimiz&#8220;][\/vc_column][\/vc_row]<\/p>\n","protected":false},"excerpt":{"rendered":"<p>[vc_row content_width=&#8220;grid&#8220; triangle_shape=&#8220;no&#8220; css=&#8220;.vc_custom_1664729512635{padding-top: 60px !important;padding-bottom: 50px !important;}&#8220;][vc_column width=&#8220;2\/3&#8243;][vc_column_text]Angesichts der sich Tag f\u00fcr Tag weiterentwickelnden und wachsenden Technologie und im Lichte dieser Ver\u00e4nderungen bieten wir rechtliche Unterst\u00fctzung zu verschiedenen Themen im Bereich des Informationsrechts an. Einige von diesen sind; in Bezug auf Internetinhalte, Standort und Zugangsanbieter, die Verhinderung von Markenverletzungen \u00fcber das Internet, die rechtswidrige Verletzung, Zerst\u00f6rung und Sperrung des Informationssystems, die Sicherstellung aller Arten von Rechtsstreiten durch unserem Gesetz neu hinzugef\u00fcgte IT-Straftaten einschlie\u00dflich der Kopierung und Zerst\u00f6rung der Daten im Informationssystem sowie Obsz\u00f6nit\u00e4t, \u00a0Beseitigung wettbewerbsrechtlicher Streitigkeiten im Zusammenhang mit Domainnamen, rechtliche Unterst\u00fctzung bei Beleidigungen und Verletzungen von Pers\u00f6nlichkeitsrechten im&#8230;<\/p>\n","protected":false},"author":1,"featured_media":0,"parent":4127,"menu_order":0,"comment_status":"closed","ping_status":"closed","template":"full-width.php","meta":{"footnotes":""},"class_list":["post-4154","page","type-page","status-publish","hentry"],"_links":{"self":[{"href":"https:\/\/demir.av.tr\/de\/wp-json\/wp\/v2\/pages\/4154","targetHints":{"allow":["GET"]}}],"collection":[{"href":"https:\/\/demir.av.tr\/de\/wp-json\/wp\/v2\/pages"}],"about":[{"href":"https:\/\/demir.av.tr\/de\/wp-json\/wp\/v2\/types\/page"}],"author":[{"embeddable":true,"href":"https:\/\/demir.av.tr\/de\/wp-json\/wp\/v2\/users\/1"}],"replies":[{"embeddable":true,"href":"https:\/\/demir.av.tr\/de\/wp-json\/wp\/v2\/comments?post=4154"}],"version-history":[{"count":2,"href":"https:\/\/demir.av.tr\/de\/wp-json\/wp\/v2\/pages\/4154\/revisions"}],"predecessor-version":[{"id":4800,"href":"https:\/\/demir.av.tr\/de\/wp-json\/wp\/v2\/pages\/4154\/revisions\/4800"}],"up":[{"embeddable":true,"href":"https:\/\/demir.av.tr\/de\/wp-json\/wp\/v2\/pages\/4127"}],"wp:attachment":[{"href":"https:\/\/demir.av.tr\/de\/wp-json\/wp\/v2\/media?parent=4154"}],"curies":[{"name":"wp","href":"https:\/\/api.w.org\/{rel}","templated":true}]}}