{"id":4156,"date":"2022-10-02T15:21:15","date_gmt":"2022-10-02T15:21:15","guid":{"rendered":"https:\/\/demir.av.tr\/faaliyet-alanlarimiz\/birlesme-devralma\/"},"modified":"2023-07-14T15:04:07","modified_gmt":"2023-07-14T15:04:07","slug":"birlesme-devralma","status":"publish","type":"page","link":"https:\/\/demir.av.tr\/de\/faaliyet-alanlarimiz\/birlesme-devralma\/","title":{"rendered":"ZUSAMMENSCHLUSS VON UNTERNEHMEN"},"content":{"rendered":"<p>[vc_row content_width=&#8220;grid&#8220; triangle_shape=&#8220;no&#8220; css=&#8220;.vc_custom_1664728886631{padding-top: 60px !important;padding-bottom: 50px !important;}&#8220;][vc_column width=&#8220;2\/3&#8243;][vc_column_text]<\/p>\n<p style=\"text-align: justify;\">Demir and Partners Law Firm bietet Unternehmen rechtliche Unterst\u00fctzung bei Fusions- und \u00dcbernahmeprozessen von in verschiedenen Sektoren t\u00e4tigen in- und ausl\u00e4ndischen Unternehmen an. Sollte ein Unternehmen ein anderes Unternehmen \u00fcbernehmen oder\u00a0 sich zu einem neuen Unternehmen zusammenschlie\u00dfen, bietet unsere Kanzlei Rechtsberatung bei Anteils\u00fcbertragungsvertr\u00e4gen, \u00c4nderungen der Gesellschaftsform, \u00dcberarbeitung der Gesch\u00e4ftsf\u00fchrung und Aktienstruktur.<\/p>\n<p>[\/vc_column_text][\/vc_column][vc_column width=&#8220;1\/3&#8243;][vc_widget_sidebar sidebar_id=&#8220;faaliyet-alanlarimiz&#8220;][\/vc_column][\/vc_row]<\/p>\n","protected":false},"excerpt":{"rendered":"<p>[vc_row content_width=&#8220;grid&#8220; triangle_shape=&#8220;no&#8220; css=&#8220;.vc_custom_1664728886631{padding-top: 60px !important;padding-bottom: 50px !important;}&#8220;][vc_column width=&#8220;2\/3&#8243;][vc_column_text] Demir and Partners Law Firm bietet Unternehmen rechtliche Unterst\u00fctzung bei Fusions- und \u00dcbernahmeprozessen von in verschiedenen Sektoren t\u00e4tigen in- und ausl\u00e4ndischen Unternehmen an. Sollte ein Unternehmen ein anderes Unternehmen \u00fcbernehmen oder\u00a0 sich zu einem neuen Unternehmen zusammenschlie\u00dfen, bietet unsere Kanzlei Rechtsberatung bei Anteils\u00fcbertragungsvertr\u00e4gen, \u00c4nderungen der Gesellschaftsform, \u00dcberarbeitung der Gesch\u00e4ftsf\u00fchrung und Aktienstruktur. [\/vc_column_text][\/vc_column][vc_column width=&#8220;1\/3&#8243;][vc_widget_sidebar sidebar_id=&#8220;faaliyet-alanlarimiz&#8220;][\/vc_column][\/vc_row]<\/p>\n","protected":false},"author":1,"featured_media":0,"parent":4127,"menu_order":0,"comment_status":"closed","ping_status":"closed","template":"full-width.php","meta":{"footnotes":""},"class_list":["post-4156","page","type-page","status-publish","hentry"],"_links":{"self":[{"href":"https:\/\/demir.av.tr\/de\/wp-json\/wp\/v2\/pages\/4156","targetHints":{"allow":["GET"]}}],"collection":[{"href":"https:\/\/demir.av.tr\/de\/wp-json\/wp\/v2\/pages"}],"about":[{"href":"https:\/\/demir.av.tr\/de\/wp-json\/wp\/v2\/types\/page"}],"author":[{"embeddable":true,"href":"https:\/\/demir.av.tr\/de\/wp-json\/wp\/v2\/users\/1"}],"replies":[{"embeddable":true,"href":"https:\/\/demir.av.tr\/de\/wp-json\/wp\/v2\/comments?post=4156"}],"version-history":[{"count":3,"href":"https:\/\/demir.av.tr\/de\/wp-json\/wp\/v2\/pages\/4156\/revisions"}],"predecessor-version":[{"id":4882,"href":"https:\/\/demir.av.tr\/de\/wp-json\/wp\/v2\/pages\/4156\/revisions\/4882"}],"up":[{"embeddable":true,"href":"https:\/\/demir.av.tr\/de\/wp-json\/wp\/v2\/pages\/4127"}],"wp:attachment":[{"href":"https:\/\/demir.av.tr\/de\/wp-json\/wp\/v2\/media?parent=4156"}],"curies":[{"name":"wp","href":"https:\/\/api.w.org\/{rel}","templated":true}]}}