{"id":4158,"date":"2022-10-02T16:05:16","date_gmt":"2022-10-02T16:05:16","guid":{"rendered":"https:\/\/demir.av.tr\/faaliyet-alanlarimiz\/ceza-hukuku\/"},"modified":"2022-10-25T10:32:19","modified_gmt":"2022-10-25T10:32:19","slug":"ceza-hukuku","status":"publish","type":"page","link":"https:\/\/demir.av.tr\/de\/faaliyet-alanlarimiz\/ceza-hukuku\/","title":{"rendered":"Strafrecht"},"content":{"rendered":"<p>[vc_row content_width=&#8220;grid&#8220; triangle_shape=&#8220;no&#8220; css=&#8220;.vc_custom_1664729584137{padding-top: 60px !important;padding-bottom: 50px !important;}&#8220;][vc_column width=&#8220;2\/3&#8243;][vc_column_text]<\/p>\n<p style=\"text-align: justify;\">Die Rechtsanwaltkanzlei Demir und Partner verteidigt die Verd\u00e4chtigen\/Beklagten in jeder Phase der Ermittlung und Strafverfolgung gem\u00e4\u00df des t\u00fcrkisches Strafgesetzbuches mit der Nummer 5237 und andere Straftaten der Gesetzgebung; au\u00dferdem verteidigt unsere Kanzlei die Antragstellern\/Beteiligten; und sie verfasst die Klagebeantwortung in Klagen vor das Kassationshofes und steht im Gericht bereit. Sonst gibt sie \u00fcber jede Angelegenheit mit Bezug auf das Strafrecht, Beratung.<\/p>\n<p>[\/vc_column_text][\/vc_column][vc_column width=&#8220;1\/3&#8243;][vc_widget_sidebar sidebar_id=&#8220;faaliyet-alanlarimiz&#8220;][\/vc_column][\/vc_row]<\/p>\n","protected":false},"excerpt":{"rendered":"<p>[vc_row content_width=&#8220;grid&#8220; triangle_shape=&#8220;no&#8220; css=&#8220;.vc_custom_1664729584137{padding-top: 60px !important;padding-bottom: 50px !important;}&#8220;][vc_column width=&#8220;2\/3&#8243;][vc_column_text] Die Rechtsanwaltkanzlei Demir und Partner verteidigt die Verd\u00e4chtigen\/Beklagten in jeder Phase der Ermittlung und Strafverfolgung gem\u00e4\u00df des t\u00fcrkisches Strafgesetzbuches mit der Nummer 5237 und andere Straftaten der Gesetzgebung; au\u00dferdem verteidigt unsere Kanzlei die Antragstellern\/Beteiligten; und sie verfasst die Klagebeantwortung in Klagen vor das Kassationshofes und steht im Gericht bereit. Sonst gibt sie \u00fcber jede Angelegenheit mit Bezug auf das Strafrecht, Beratung. [\/vc_column_text][\/vc_column][vc_column width=&#8220;1\/3&#8243;][vc_widget_sidebar sidebar_id=&#8220;faaliyet-alanlarimiz&#8220;][\/vc_column][\/vc_row]<\/p>\n","protected":false},"author":1,"featured_media":0,"parent":4127,"menu_order":0,"comment_status":"closed","ping_status":"closed","template":"full-width.php","meta":{"footnotes":""},"class_list":["post-4158","page","type-page","status-publish","hentry"],"_links":{"self":[{"href":"https:\/\/demir.av.tr\/de\/wp-json\/wp\/v2\/pages\/4158","targetHints":{"allow":["GET"]}}],"collection":[{"href":"https:\/\/demir.av.tr\/de\/wp-json\/wp\/v2\/pages"}],"about":[{"href":"https:\/\/demir.av.tr\/de\/wp-json\/wp\/v2\/types\/page"}],"author":[{"embeddable":true,"href":"https:\/\/demir.av.tr\/de\/wp-json\/wp\/v2\/users\/1"}],"replies":[{"embeddable":true,"href":"https:\/\/demir.av.tr\/de\/wp-json\/wp\/v2\/comments?post=4158"}],"version-history":[{"count":1,"href":"https:\/\/demir.av.tr\/de\/wp-json\/wp\/v2\/pages\/4158\/revisions"}],"predecessor-version":[{"id":4352,"href":"https:\/\/demir.av.tr\/de\/wp-json\/wp\/v2\/pages\/4158\/revisions\/4352"}],"up":[{"embeddable":true,"href":"https:\/\/demir.av.tr\/de\/wp-json\/wp\/v2\/pages\/4127"}],"wp:attachment":[{"href":"https:\/\/demir.av.tr\/de\/wp-json\/wp\/v2\/media?parent=4158"}],"curies":[{"name":"wp","href":"https:\/\/api.w.org\/{rel}","templated":true}]}}