{"id":4160,"date":"2022-10-02T16:06:46","date_gmt":"2022-10-02T16:06:46","guid":{"rendered":"https:\/\/demir.av.tr\/faaliyet-alanlarimiz\/dava-uyusmazlik\/"},"modified":"2022-10-25T10:44:18","modified_gmt":"2022-10-25T10:44:18","slug":"dava-uyusmazlik","status":"publish","type":"page","link":"https:\/\/demir.av.tr\/de\/faaliyet-alanlarimiz\/dava-uyusmazlik\/","title":{"rendered":"L\u00f6sung Von Rechtstreit &#038; Konflikten"},"content":{"rendered":"<p>[vc_row content_width=&#8220;grid&#8220; triangle_shape=&#8220;no&#8220; css=&#8220;.vc_custom_1664729747524{padding-top: 60px !important;padding-bottom: 50px !important;}&#8220;][vc_column width=&#8220;2\/3&#8243;][vc_column_text]<\/p>\n<p style=\"text-align: justify;\">Die Rechtsanwaltkanzlei Demir und Partner durchf\u00fchrt alle Klageerhebungen, die unter der ordentliche Gerichtsbarkeit und Verwaltungseinheiten eingesetzt sind und wegen der juristische Konflikten entstanden worden sind und umfasst auch deren Verfolgung. Au\u00dferdem wird jeder Art von Verfolgung der Prozesshandlungen und das Schiedsverfahren im nationalen und internationalen Bereich, durch unsere professioneller Rechtsanw\u00e4lten durchf\u00fchrt. Prinzipiell wird zuerst f\u00fcr die Verhinderung der Konflikten pr\u00e4ventive und vorbeugende Ma\u00dfnahmen getroffen, aber falls der Konflikt unvermeidbar ist, wird die beste Strategie f\u00fcr die Interesse der Mandanten verfolgt und die n\u00f6tigen Schritten f\u00fcr die k\u00fcrzeste L\u00f6sung beschreiten. Unsere Kanzlei fertigt das Manuskript f\u00fcr Anmeldungen, Mahnungen und Antworten zu Personen oder Anstalten und stellt achtsam sicher, dass es die Bezogenen erreicht, au\u00dferdem unterst\u00fctzt unsere Kanzlei, unsere Mandanten \u00fcber Angelegenheiten, die an den Justizbeh\u00f6rden widerscheint sind, oder nicht.<\/p>\n<p>[\/vc_column_text][\/vc_column][vc_column width=&#8220;1\/3&#8243;][vc_widget_sidebar sidebar_id=&#8220;faaliyet-alanlarimiz&#8220;][\/vc_column][\/vc_row]<\/p>\n","protected":false},"excerpt":{"rendered":"<p>[vc_row content_width=&#8220;grid&#8220; triangle_shape=&#8220;no&#8220; css=&#8220;.vc_custom_1664729747524{padding-top: 60px !important;padding-bottom: 50px !important;}&#8220;][vc_column width=&#8220;2\/3&#8243;][vc_column_text] Die Rechtsanwaltkanzlei Demir und Partner durchf\u00fchrt alle Klageerhebungen, die unter der ordentliche Gerichtsbarkeit und Verwaltungseinheiten eingesetzt sind und wegen der juristische Konflikten entstanden worden sind und umfasst auch deren Verfolgung. Au\u00dferdem wird jeder Art von Verfolgung der Prozesshandlungen und das Schiedsverfahren im nationalen und internationalen Bereich, durch unsere professioneller Rechtsanw\u00e4lten durchf\u00fchrt. Prinzipiell wird zuerst f\u00fcr die Verhinderung der Konflikten pr\u00e4ventive und vorbeugende Ma\u00dfnahmen getroffen, aber falls der Konflikt unvermeidbar ist, wird die beste Strategie f\u00fcr die Interesse der Mandanten verfolgt und die n\u00f6tigen Schritten f\u00fcr die k\u00fcrzeste L\u00f6sung beschreiten. Unsere Kanzlei&#8230;<\/p>\n","protected":false},"author":1,"featured_media":0,"parent":4127,"menu_order":0,"comment_status":"closed","ping_status":"closed","template":"full-width.php","meta":{"footnotes":""},"class_list":["post-4160","page","type-page","status-publish","hentry"],"_links":{"self":[{"href":"https:\/\/demir.av.tr\/de\/wp-json\/wp\/v2\/pages\/4160","targetHints":{"allow":["GET"]}}],"collection":[{"href":"https:\/\/demir.av.tr\/de\/wp-json\/wp\/v2\/pages"}],"about":[{"href":"https:\/\/demir.av.tr\/de\/wp-json\/wp\/v2\/types\/page"}],"author":[{"embeddable":true,"href":"https:\/\/demir.av.tr\/de\/wp-json\/wp\/v2\/users\/1"}],"replies":[{"embeddable":true,"href":"https:\/\/demir.av.tr\/de\/wp-json\/wp\/v2\/comments?post=4160"}],"version-history":[{"count":1,"href":"https:\/\/demir.av.tr\/de\/wp-json\/wp\/v2\/pages\/4160\/revisions"}],"predecessor-version":[{"id":4356,"href":"https:\/\/demir.av.tr\/de\/wp-json\/wp\/v2\/pages\/4160\/revisions\/4356"}],"up":[{"embeddable":true,"href":"https:\/\/demir.av.tr\/de\/wp-json\/wp\/v2\/pages\/4127"}],"wp:attachment":[{"href":"https:\/\/demir.av.tr\/de\/wp-json\/wp\/v2\/media?parent=4160"}],"curies":[{"name":"wp","href":"https:\/\/api.w.org\/{rel}","templated":true}]}}