{"id":4162,"date":"2022-10-02T15:22:06","date_gmt":"2022-10-02T15:22:06","guid":{"rendered":"https:\/\/demir.av.tr\/faaliyet-alanlarimiz\/enerji-hukuku\/"},"modified":"2023-07-14T13:25:01","modified_gmt":"2023-07-14T13:25:01","slug":"enerji-hukuku","status":"publish","type":"page","link":"https:\/\/demir.av.tr\/de\/faaliyet-alanlarimiz\/enerji-hukuku\/","title":{"rendered":"Energierecht"},"content":{"rendered":"<p>[vc_row content_width=&#8220;grid&#8220; triangle_shape=&#8220;no&#8220; css=&#8220;.vc_custom_1664728925853{padding-top: 60px !important;padding-bottom: 50px !important;}&#8220;][vc_column width=&#8220;2\/3&#8243;][vc_column_text]Die Anwaltskanzlei Demir ve Ortaklar\u0131 bietet Dienstleistungen f\u00fcr Unternehmen im Energiesektor, Energieversorger, Firmen, die sich mit Energiemarketing und -verteilung befassen, Unternehmen, die zur Bauung und Nutzung von Pipelines berechtigt sind, Firmen, die sich mit geothermischen Ressourcen befassen, sowie nationale und internationale Anwaltskanzleien, die dies in Erw\u00e4gung ziehen,\u00a0 bietet Prozessf\u00fchrungs- und Beratungsdienste f\u00fcr internationale Unternehmen und \u00f6ffentliche Institutionen in den Bereichen Finanzierung, Beratung, Genehmigungen von Institutionen, Projektberatung, Durchf\u00fchrung von Projekten und rechtliche Regelungen im Energierecht.<\/p>\n<p>&nbsp;<\/p>\n<p>Einige der Themen, zu denen wir Prozessf\u00fchrung und Beratung im Energierecht anbieten;<\/p>\n<p>&nbsp;<\/p>\n<ul>\n<li>Alle Arten von Transaktionen im Zusammenhang mit Lizenzen, Genehmigungen und Erlaubnissen im Zusammenhang mit dem Energiemarkt<\/li>\n<li>Durchf\u00fchrung aller Arten von Verfahren im Zusammenhang mit der EPDK,<\/li>\n<li>Rechtsberatung zur Finanzierung von Energieprojekten<\/li>\n<li>Beratung zu Energievertr\u00e4gen und Interessenvertretung bei Investitionsstreitigkeiten<\/li>\n<li>Gr\u00fcndung von Energieunternehmen, Erstellung von Due-Diligence-Berichten zu diesen Unternehmen, Anteils\u00fcbertragungen<\/li>\n<li>Rechtsberatung und Interessenvertretung bei Enteignungs-, Privatisierungs-, Fusions- und \u00dcbernahmeprozessen<\/li>\n<li>Entgegennahme des EIA-Berichts und Weiterverfolgung der gegen den EIA-Bericht eingereichten Klagen<\/li>\n<li>Rechtsberatung f\u00fcr Regelungen im Energierecht<\/li>\n<li>Stromerzeugung, -verteilung und -verkauf \/ Strommarkt<\/li>\n<li>Bauvertr\u00e4ge im Energiesektor<\/li>\n<li>Vermittlung von Stromanschluss- und \u00dcbertragungsvertr\u00e4gen<\/li>\n<li>Erstellung von Turbinen- und Installationsvertr\u00e4gen<\/li>\n<li>Vorbereitung von R\u00f6d\u00f6vans-Vertr\u00e4gen<\/li>\n<li>Erstellung von Distributor-H\u00e4ndler-Hauptvertr\u00e4gen<\/li>\n<li>Erstellung von EPC- und PPA-Vertr\u00e4gen<\/li>\n<li>Emission reduction purchase agreement (ERPA)<\/li>\n<li>Verlust- und Leckagekosten von Verbrauchern elektrischer Energie, Z\u00e4hlerablesung, Einzelhandelsverkaufsservice<\/li>\n<li>Durchf\u00fchrung von Rechtsdienstleistungen zur R\u00fcckerstattung des an die Stromverteilungsunternehmen gezahlten Preises im Rahmen des Netznutzungsentgelts.<\/li>\n<li>Aufhebung der von EMRA und Verwaltungsbeh\u00f6rden verh\u00e4ngten Bu\u00dfgelder<\/li>\n<\/ul>\n<p>&nbsp;<\/p>\n<p>Wir bieten juristische Dienstleistungen entsprechend den Bed\u00fcrfnissen der Branche an.[\/vc_column_text][\/vc_column][vc_column width=&#8220;1\/3&#8243;][vc_widget_sidebar sidebar_id=&#8220;faaliyet-alanlarimiz&#8220;][\/vc_column][\/vc_row]<\/p>\n","protected":false},"excerpt":{"rendered":"<p>[vc_row content_width=&#8220;grid&#8220; triangle_shape=&#8220;no&#8220; css=&#8220;.vc_custom_1664728925853{padding-top: 60px !important;padding-bottom: 50px !important;}&#8220;][vc_column width=&#8220;2\/3&#8243;][vc_column_text]Die Anwaltskanzlei Demir ve Ortaklar\u0131 bietet Dienstleistungen f\u00fcr Unternehmen im Energiesektor, Energieversorger, Firmen, die sich mit Energiemarketing und -verteilung befassen, Unternehmen, die zur Bauung und Nutzung von Pipelines berechtigt sind, Firmen, die sich mit geothermischen Ressourcen befassen, sowie nationale und internationale Anwaltskanzleien, die dies in Erw\u00e4gung ziehen,\u00a0 bietet Prozessf\u00fchrungs- und Beratungsdienste f\u00fcr internationale Unternehmen und \u00f6ffentliche Institutionen in den Bereichen Finanzierung, Beratung, Genehmigungen von Institutionen, Projektberatung, Durchf\u00fchrung von Projekten und rechtliche Regelungen im Energierecht. &nbsp; Einige der Themen, zu denen wir Prozessf\u00fchrung und Beratung im Energierecht anbieten; &nbsp; Alle Arten von Transaktionen&#8230;<\/p>\n","protected":false},"author":1,"featured_media":0,"parent":4127,"menu_order":0,"comment_status":"closed","ping_status":"closed","template":"full-width.php","meta":{"footnotes":""},"class_list":["post-4162","page","type-page","status-publish","hentry"],"_links":{"self":[{"href":"https:\/\/demir.av.tr\/de\/wp-json\/wp\/v2\/pages\/4162","targetHints":{"allow":["GET"]}}],"collection":[{"href":"https:\/\/demir.av.tr\/de\/wp-json\/wp\/v2\/pages"}],"about":[{"href":"https:\/\/demir.av.tr\/de\/wp-json\/wp\/v2\/types\/page"}],"author":[{"embeddable":true,"href":"https:\/\/demir.av.tr\/de\/wp-json\/wp\/v2\/users\/1"}],"replies":[{"embeddable":true,"href":"https:\/\/demir.av.tr\/de\/wp-json\/wp\/v2\/comments?post=4162"}],"version-history":[{"count":5,"href":"https:\/\/demir.av.tr\/de\/wp-json\/wp\/v2\/pages\/4162\/revisions"}],"predecessor-version":[{"id":4825,"href":"https:\/\/demir.av.tr\/de\/wp-json\/wp\/v2\/pages\/4162\/revisions\/4825"}],"up":[{"embeddable":true,"href":"https:\/\/demir.av.tr\/de\/wp-json\/wp\/v2\/pages\/4127"}],"wp:attachment":[{"href":"https:\/\/demir.av.tr\/de\/wp-json\/wp\/v2\/media?parent=4162"}],"curies":[{"name":"wp","href":"https:\/\/api.w.org\/{rel}","templated":true}]}}