{"id":4164,"date":"2022-10-02T16:01:30","date_gmt":"2022-10-02T16:01:30","guid":{"rendered":"https:\/\/demir.av.tr\/faaliyet-alanlarimiz\/gayrimenkul-hukuku\/"},"modified":"2023-07-14T13:28:00","modified_gmt":"2023-07-14T13:28:00","slug":"gayrimenkul-hukuku","status":"publish","type":"page","link":"https:\/\/demir.av.tr\/de\/faaliyet-alanlarimiz\/gayrimenkul-hukuku\/","title":{"rendered":"Immobilienrecht"},"content":{"rendered":"<p>[vc_row content_width=&#8220;grid&#8220; triangle_shape=&#8220;no&#8220; css=&#8220;.vc_custom_1664729086932{padding-top: 60px !important;padding-bottom: 50px !important;}&#8220;][vc_column width=&#8220;2\/3&#8243;][vc_column_text]Demir&amp;Partners Law Firm seht seinen Mandanten, die inl\u00e4ndische und ausl\u00e4ndische Immobilieninvestitionen beabsichtigen, mit der n\u00f6tigen Expertise in der sich stetig \u00e4ndernden Rechtswelt zur Seite. Neben der Beratung f\u00fcr die rechtliche Strukturierung von gro\u00dfen Einkaufs- und Wohnzentren und Bauprojekten bieten wir unseren Mandanten auch in der Verwaltung dieser Aktivit\u00e4ten die n\u00f6tige unterst\u00fctzt. Wir betreuen unsere in- und ausl\u00e4ndischen Mandanten l\u00f6sungsorientiert in Fragen des Immobilienerwerbs, insbesondere nach dem Grundbuchgesetz, der Wohnungsbaufinanzierung und der Steuergesetzgebung.<\/p>\n<p>&nbsp;<\/p>\n<p>Einige der von uns angebotenen Dienstleistungen sind:<\/p>\n<ul>\n<li>Streitbeilegung und Rechtsstreitigkeiten aus dem Mietrecht<\/li>\n<li>Beilegung von Streitigkeiten im Zusammenhang mit Landerwerb und Zoneneinteilung<\/li>\n<li>Aktivierung und Verwaltung von Einkaufs- und Wohnzentren<\/li>\n<li>Durchf\u00fchrung von Vertrags- und Streitbeilegungsprozessen aus dem Mietrecht von Gewerbefl\u00e4chen innerhalb von Einkaufszentren<\/li>\n<li>Vermittlung von Immobilienkaufvertr\u00e4gen<\/li>\n<li>Durchf\u00fchrung von Immobilien\u00fcbertragungstransaktionen,<\/li>\n<li>Begr\u00fcndung und Aufhebung dinglicher Rechte an Immobilien, Verfolgung von Transaktionen in den Grundbuch-, Kataster- und Katasterverwaltungen,<\/li>\n<li>Die Prozesse des Eigentumserwerbs durch Ausl\u00e4nder, die Aufhebung von Eigentumsurkunden, die Korrektur fehlerhafter Registrierungen, die Einreichung und Verfolgung von Klagen gegen Einmischung<\/li>\n<\/ul>\n<p>[\/vc_column_text][\/vc_column][vc_column width=&#8220;1\/3&#8243;][vc_widget_sidebar sidebar_id=&#8220;faaliyet-alanlarimiz&#8220;][\/vc_column][\/vc_row]<\/p>\n","protected":false},"excerpt":{"rendered":"<p>[vc_row content_width=&#8220;grid&#8220; triangle_shape=&#8220;no&#8220; css=&#8220;.vc_custom_1664729086932{padding-top: 60px !important;padding-bottom: 50px !important;}&#8220;][vc_column width=&#8220;2\/3&#8243;][vc_column_text]Demir&amp;Partners Law Firm seht seinen Mandanten, die inl\u00e4ndische und ausl\u00e4ndische Immobilieninvestitionen beabsichtigen, mit der n\u00f6tigen Expertise in der sich stetig \u00e4ndernden Rechtswelt zur Seite. Neben der Beratung f\u00fcr die rechtliche Strukturierung von gro\u00dfen Einkaufs- und Wohnzentren und Bauprojekten bieten wir unseren Mandanten auch in der Verwaltung dieser Aktivit\u00e4ten die n\u00f6tige unterst\u00fctzt. Wir betreuen unsere in- und ausl\u00e4ndischen Mandanten l\u00f6sungsorientiert in Fragen des Immobilienerwerbs, insbesondere nach dem Grundbuchgesetz, der Wohnungsbaufinanzierung und der Steuergesetzgebung. &nbsp; Einige der von uns angebotenen Dienstleistungen sind: Streitbeilegung und Rechtsstreitigkeiten aus dem Mietrecht Beilegung von Streitigkeiten im Zusammenhang mit&#8230;<\/p>\n","protected":false},"author":1,"featured_media":0,"parent":4127,"menu_order":0,"comment_status":"closed","ping_status":"closed","template":"full-width.php","meta":{"footnotes":""},"class_list":["post-4164","page","type-page","status-publish","hentry"],"_links":{"self":[{"href":"https:\/\/demir.av.tr\/de\/wp-json\/wp\/v2\/pages\/4164","targetHints":{"allow":["GET"]}}],"collection":[{"href":"https:\/\/demir.av.tr\/de\/wp-json\/wp\/v2\/pages"}],"about":[{"href":"https:\/\/demir.av.tr\/de\/wp-json\/wp\/v2\/types\/page"}],"author":[{"embeddable":true,"href":"https:\/\/demir.av.tr\/de\/wp-json\/wp\/v2\/users\/1"}],"replies":[{"embeddable":true,"href":"https:\/\/demir.av.tr\/de\/wp-json\/wp\/v2\/comments?post=4164"}],"version-history":[{"count":2,"href":"https:\/\/demir.av.tr\/de\/wp-json\/wp\/v2\/pages\/4164\/revisions"}],"predecessor-version":[{"id":4827,"href":"https:\/\/demir.av.tr\/de\/wp-json\/wp\/v2\/pages\/4164\/revisions\/4827"}],"up":[{"embeddable":true,"href":"https:\/\/demir.av.tr\/de\/wp-json\/wp\/v2\/pages\/4127"}],"wp:attachment":[{"href":"https:\/\/demir.av.tr\/de\/wp-json\/wp\/v2\/media?parent=4164"}],"curies":[{"name":"wp","href":"https:\/\/api.w.org\/{rel}","templated":true}]}}