{"id":4168,"date":"2022-10-02T16:03:15","date_gmt":"2022-10-02T16:03:15","guid":{"rendered":"https:\/\/demir.av.tr\/faaliyet-alanlarimiz\/icra-ve-iflas-hukuku\/"},"modified":"2023-07-14T14:13:48","modified_gmt":"2023-07-14T14:13:48","slug":"icra-ve-iflas-hukuku","status":"publish","type":"page","link":"https:\/\/demir.av.tr\/de\/faaliyet-alanlarimiz\/icra-ve-iflas-hukuku\/","title":{"rendered":"Betreibungsrecht &#038; Konkursrecht"},"content":{"rendered":"<p>[vc_row content_width=&#8220;grid&#8220; triangle_shape=&#8220;no&#8220; css=&#8220;.vc_custom_1664729392663{padding-top: 60px !important;padding-bottom: 50px !important;}&#8220;][vc_column width=&#8220;2\/3&#8243;][vc_column_text]Wir f\u00fchren f\u00fcr unsere in- und ausl\u00e4ndischen Mandanten die notwendigen Nachforschungen bei den Vollstreckungs\u00e4mtern zur Eintreibung von Forderungen durch. \u00a0Des Weiteren f\u00fchren wir Einspruchs- und\/oder Beschwerdeverfahren bez\u00fcglich der gegen sie eingeleiteten Vollstreckungsverfahren durch. In diesem Zusammenhang beantragen wir gegebenenfalls auch die Aufhebung von Einspr\u00fcchen. Neben der bedarfsgerechten juristischen Unterst\u00fctzung unserer Mandanten in allen Verfahren im Rahmen des Insolvenz- und Vollstreckungsrechts, wie z.B. der Verfolgung von L\u00f6schungs- und Negativfeststellungsf\u00e4llen und der Vertretung und Verfolgung unserer Mandanten in diesen F\u00e4llen, bieten wir auch die n\u00f6tige Unterst\u00fctzung in Angelegenheiten wie Konkordats-, Konkurs- und Umstrukturierungsma\u00dfnahmen.<\/p>\n<p>&nbsp;<\/p>\n<p>Zu den Dienstleistungen, die wir unseren in- und ausl\u00e4ndischen Mandanten auf dem Gebiet des Vollstreckungs- und Insolvenzrechts anbieten, geh\u00f6ren unter anderem die folgenden;<\/p>\n<p>&nbsp;<\/p>\n<ul>\n<li>Bereitstellung von Rechtsgutachten und Beratungsdiensten im Vollstreckungs- und Insolvenzrecht,<\/li>\n<li>Vertretung unserer Mandanten vor den Vollstreckungs\u00e4mtern und Gerichten<\/li>\n<li>Vollstreckung von Vollstreckungsverfahren, die gegen oder zu Gunsten unserer Mandanten eingeleitet wurden,<\/li>\n<li>Einleitung und Weiterverfolgung von Vollstreckungsverfahren vor Vollstreckungs\u00e4mtern,<\/li>\n<li>Vertretung unserer Mandanten bei Vergleichsverhandlungen und Erstellung der erforderlichen Protokolle,<\/li>\n<\/ul>\n<p>[\/vc_column_text][\/vc_column][vc_column width=&#8220;1\/3&#8243;][vc_widget_sidebar sidebar_id=&#8220;faaliyet-alanlarimiz&#8220;][\/vc_column][\/vc_row]<\/p>\n","protected":false},"excerpt":{"rendered":"<p>[vc_row content_width=&#8220;grid&#8220; triangle_shape=&#8220;no&#8220; css=&#8220;.vc_custom_1664729392663{padding-top: 60px !important;padding-bottom: 50px !important;}&#8220;][vc_column width=&#8220;2\/3&#8243;][vc_column_text]Wir f\u00fchren f\u00fcr unsere in- und ausl\u00e4ndischen Mandanten die notwendigen Nachforschungen bei den Vollstreckungs\u00e4mtern zur Eintreibung von Forderungen durch. \u00a0Des Weiteren f\u00fchren wir Einspruchs- und\/oder Beschwerdeverfahren bez\u00fcglich der gegen sie eingeleiteten Vollstreckungsverfahren durch. In diesem Zusammenhang beantragen wir gegebenenfalls auch die Aufhebung von Einspr\u00fcchen. Neben der bedarfsgerechten juristischen Unterst\u00fctzung unserer Mandanten in allen Verfahren im Rahmen des Insolvenz- und Vollstreckungsrechts, wie z.B. der Verfolgung von L\u00f6schungs- und Negativfeststellungsf\u00e4llen und der Vertretung und Verfolgung unserer Mandanten in diesen F\u00e4llen, bieten wir auch die n\u00f6tige Unterst\u00fctzung in Angelegenheiten wie Konkordats-, Konkurs- und Umstrukturierungsma\u00dfnahmen. &nbsp;&#8230;<\/p>\n","protected":false},"author":1,"featured_media":0,"parent":4127,"menu_order":0,"comment_status":"closed","ping_status":"closed","template":"full-width.php","meta":{"footnotes":""},"class_list":["post-4168","page","type-page","status-publish","hentry"],"_links":{"self":[{"href":"https:\/\/demir.av.tr\/de\/wp-json\/wp\/v2\/pages\/4168","targetHints":{"allow":["GET"]}}],"collection":[{"href":"https:\/\/demir.av.tr\/de\/wp-json\/wp\/v2\/pages"}],"about":[{"href":"https:\/\/demir.av.tr\/de\/wp-json\/wp\/v2\/types\/page"}],"author":[{"embeddable":true,"href":"https:\/\/demir.av.tr\/de\/wp-json\/wp\/v2\/users\/1"}],"replies":[{"embeddable":true,"href":"https:\/\/demir.av.tr\/de\/wp-json\/wp\/v2\/comments?post=4168"}],"version-history":[{"count":2,"href":"https:\/\/demir.av.tr\/de\/wp-json\/wp\/v2\/pages\/4168\/revisions"}],"predecessor-version":[{"id":4853,"href":"https:\/\/demir.av.tr\/de\/wp-json\/wp\/v2\/pages\/4168\/revisions\/4853"}],"up":[{"embeddable":true,"href":"https:\/\/demir.av.tr\/de\/wp-json\/wp\/v2\/pages\/4127"}],"wp:attachment":[{"href":"https:\/\/demir.av.tr\/de\/wp-json\/wp\/v2\/media?parent=4168"}],"curies":[{"name":"wp","href":"https:\/\/api.w.org\/{rel}","templated":true}]}}