{"id":4170,"date":"2022-10-02T16:04:47","date_gmt":"2022-10-02T16:04:47","guid":{"rendered":"https:\/\/demir.av.tr\/faaliyet-alanlarimiz\/idare-ve-vergi-hukuku\/"},"modified":"2023-07-14T12:16:49","modified_gmt":"2023-07-14T12:16:49","slug":"idare-ve-vergi-hukuku","status":"publish","type":"page","link":"https:\/\/demir.av.tr\/de\/faaliyet-alanlarimiz\/idare-ve-vergi-hukuku\/","title":{"rendered":"VERWALTUNGS- UND STEUERRECHT"},"content":{"rendered":"<p>[vc_row content_width=&#8220;grid&#8220; triangle_shape=&#8220;no&#8220; css=&#8220;.vc_custom_1664729548947{padding-top: 60px !important;padding-bottom: 50px !important;}&#8220;][vc_column width=&#8220;2\/3&#8243;][vc_column_text]<\/p>\n<p style=\"text-align: justify;\">Gegenstand des Verwaltungsrechts sind die rechtlichen und Strafrechtlichen Regulierungen f\u00fcr nat\u00fcrliche und juristische Personen, die sich aus den Handlungen der \u00f6ffentlichen Verwaltung ergeben. Diese Befugnisse der Verwaltung ergeben sich aus der Verfassung als auch aus den gesetzlichen Vorschriften.<\/p>\n<p>&nbsp;<\/p>\n<p style=\"text-align: justify;\">Die Kanzlei Demir&amp;Partners Law Firm bietet unseren Mandanten umfassende Rechtsberatung mit fachlicher Kompetenz und pers\u00f6nlichem Einsatz f\u00fcr alle Streitigkeiten aus dem Bereich des Verwaltungsrechtes an.<\/p>\n<p>&nbsp;<\/p>\n<p style=\"text-align: justify;\">Im Bereich des Steuerrechts, einer Fachdisziplin des Verwaltungsrechts, bieten wir f\u00fcr unsere Mandanten ebenfalls Rechtsberatung als auch rechtliche Vertretung beim Vorgehen gegen \u00f6ffentlichen Einrichtungen oder Regulierungen, insbesondere von Finanz\u00e4mtern, an.<\/p>\n<p>&nbsp;<\/p>\n<p style=\"text-align: justify;\">Unsere rechtlichen Dienstleistungen des Verwaltungs- und Steuerrechts umfassen vor Allem folgende Bereiche:<\/p>\n<p>&nbsp;<\/p>\n<ul>\n<li>Aufhebung von verwaltungsrechtlichen Sanktionen, welche durch das Steuer-\/Finanzamt erlassen werden<\/li>\n<li>Einstellung von Ermittlungen, Aufhebung von Verwaltungsstrafen und Entscheidungen \u00fcber die \u00dcbertragung von Eigentum an die \u00d6ffentlichkeit durch die Zollverwaltungen<\/li>\n<li>Verfolgung der vor der Verwaltung durchgef\u00fchrten Transaktionen<\/li>\n<li>Aufhebung der Entscheidungen von Stadtverwaltungen<\/li>\n<\/ul>\n<p>[\/vc_column_text][\/vc_column][vc_column width=&#8220;1\/3&#8243;][vc_widget_sidebar sidebar_id=&#8220;faaliyet-alanlarimiz&#8220;][\/vc_column][\/vc_row]<\/p>\n","protected":false},"excerpt":{"rendered":"<p>[vc_row content_width=&#8220;grid&#8220; triangle_shape=&#8220;no&#8220; css=&#8220;.vc_custom_1664729548947{padding-top: 60px !important;padding-bottom: 50px !important;}&#8220;][vc_column width=&#8220;2\/3&#8243;][vc_column_text] Gegenstand des Verwaltungsrechts sind die rechtlichen und Strafrechtlichen Regulierungen f\u00fcr nat\u00fcrliche und juristische Personen, die sich aus den Handlungen der \u00f6ffentlichen Verwaltung ergeben. Diese Befugnisse der Verwaltung ergeben sich aus der Verfassung als auch aus den gesetzlichen Vorschriften. &nbsp; Die Kanzlei Demir&amp;Partners Law Firm bietet unseren Mandanten umfassende Rechtsberatung mit fachlicher Kompetenz und pers\u00f6nlichem Einsatz f\u00fcr alle Streitigkeiten aus dem Bereich des Verwaltungsrechtes an. &nbsp; Im Bereich des Steuerrechts, einer Fachdisziplin des Verwaltungsrechts, bieten wir f\u00fcr unsere Mandanten ebenfalls Rechtsberatung als auch rechtliche Vertretung beim Vorgehen gegen \u00f6ffentlichen Einrichtungen oder Regulierungen,&#8230;<\/p>\n","protected":false},"author":1,"featured_media":0,"parent":4127,"menu_order":0,"comment_status":"closed","ping_status":"closed","template":"full-width.php","meta":{"footnotes":""},"class_list":["post-4170","page","type-page","status-publish","hentry"],"_links":{"self":[{"href":"https:\/\/demir.av.tr\/de\/wp-json\/wp\/v2\/pages\/4170","targetHints":{"allow":["GET"]}}],"collection":[{"href":"https:\/\/demir.av.tr\/de\/wp-json\/wp\/v2\/pages"}],"about":[{"href":"https:\/\/demir.av.tr\/de\/wp-json\/wp\/v2\/types\/page"}],"author":[{"embeddable":true,"href":"https:\/\/demir.av.tr\/de\/wp-json\/wp\/v2\/users\/1"}],"replies":[{"embeddable":true,"href":"https:\/\/demir.av.tr\/de\/wp-json\/wp\/v2\/comments?post=4170"}],"version-history":[{"count":4,"href":"https:\/\/demir.av.tr\/de\/wp-json\/wp\/v2\/pages\/4170\/revisions"}],"predecessor-version":[{"id":4796,"href":"https:\/\/demir.av.tr\/de\/wp-json\/wp\/v2\/pages\/4170\/revisions\/4796"}],"up":[{"embeddable":true,"href":"https:\/\/demir.av.tr\/de\/wp-json\/wp\/v2\/pages\/4127"}],"wp:attachment":[{"href":"https:\/\/demir.av.tr\/de\/wp-json\/wp\/v2\/media?parent=4170"}],"curies":[{"name":"wp","href":"https:\/\/api.w.org\/{rel}","templated":true}]}}