{"id":4172,"date":"2022-10-02T16:02:21","date_gmt":"2022-10-02T16:02:21","guid":{"rendered":"https:\/\/demir.av.tr\/faaliyet-alanlarimiz\/is-ve-sosyal-guvenlik-hukuku\/"},"modified":"2023-07-14T15:01:41","modified_gmt":"2023-07-14T15:01:41","slug":"is-ve-sosyal-guvenlik-hukuku","status":"publish","type":"page","link":"https:\/\/demir.av.tr\/de\/faaliyet-alanlarimiz\/is-ve-sosyal-guvenlik-hukuku\/","title":{"rendered":"ARBEITSSCHUTZRECHT"},"content":{"rendered":"<p>[vc_row content_width=&#8220;grid&#8220; triangle_shape=&#8220;no&#8220; css=&#8220;.vc_custom_1664729161574{padding-top: 60px !important;padding-bottom: 50px !important;}&#8220;][vc_column width=&#8220;2\/3&#8243;][vc_column_text]Demir und Partners Law Firm ber\u00e4t und unterst\u00fctzt ihre Mandanten auf unten aufgef\u00fchrte vielf\u00e4ltige Weise bei der Wahrung ihrer Rechte im Arbeits- und Sozialversicherungsrecht.<\/p>\n<p>&nbsp;<\/p>\n<ul>\n<li>Anfertigung von Einzel- und Kollektivarbeitsvertr\u00e4gen,<\/li>\n<li>\u00dcberarbeitung von Arbeitsvertr\u00e4gen im Lichte der erneuerten Rechtsprechung des Obersten Gerichtshofs,<\/li>\n<li>Bei Beendigungen von Arbeitsvertr\u00e4gen und Entlassungen, die rechtliche Begleitung bei dem Abmahn- und K\u00fcndigungsverfahren sowie rechtliche Beratung arbeitsrechtlicher Verfahrensprozesse,<\/li>\n<li>Eintreibung von Abfindungs-, K\u00fcndigungsentsch\u00e4digungen, \u00dcberstundenl\u00f6hnen und Lohnforderungen,<\/li>\n<li>Durchf\u00fchrung von Wiedereinstellungsverfahren,<\/li>\n<li style=\"text-align: justify;\">anwaltliche Begleitung bei Arbeitsunf\u00e4llen und Berufskrankheiten<\/li>\n<\/ul>\n<p>[\/vc_column_text][\/vc_column][vc_column width=&#8220;1\/3&#8243;][vc_widget_sidebar sidebar_id=&#8220;faaliyet-alanlarimiz&#8220;][\/vc_column][\/vc_row]<\/p>\n","protected":false},"excerpt":{"rendered":"<p>[vc_row content_width=&#8220;grid&#8220; triangle_shape=&#8220;no&#8220; css=&#8220;.vc_custom_1664729161574{padding-top: 60px !important;padding-bottom: 50px !important;}&#8220;][vc_column width=&#8220;2\/3&#8243;][vc_column_text]Demir und Partners Law Firm ber\u00e4t und unterst\u00fctzt ihre Mandanten auf unten aufgef\u00fchrte vielf\u00e4ltige Weise bei der Wahrung ihrer Rechte im Arbeits- und Sozialversicherungsrecht. &nbsp; Anfertigung von Einzel- und Kollektivarbeitsvertr\u00e4gen, \u00dcberarbeitung von Arbeitsvertr\u00e4gen im Lichte der erneuerten Rechtsprechung des Obersten Gerichtshofs, Bei Beendigungen von Arbeitsvertr\u00e4gen und Entlassungen, die rechtliche Begleitung bei dem Abmahn- und K\u00fcndigungsverfahren sowie rechtliche Beratung arbeitsrechtlicher Verfahrensprozesse, Eintreibung von Abfindungs-, K\u00fcndigungsentsch\u00e4digungen, \u00dcberstundenl\u00f6hnen und Lohnforderungen, Durchf\u00fchrung von Wiedereinstellungsverfahren, anwaltliche Begleitung bei Arbeitsunf\u00e4llen und Berufskrankheiten [\/vc_column_text][\/vc_column][vc_column width=&#8220;1\/3&#8243;][vc_widget_sidebar sidebar_id=&#8220;faaliyet-alanlarimiz&#8220;][\/vc_column][\/vc_row]<\/p>\n","protected":false},"author":1,"featured_media":0,"parent":4127,"menu_order":0,"comment_status":"closed","ping_status":"closed","template":"full-width.php","meta":{"footnotes":""},"class_list":["post-4172","page","type-page","status-publish","hentry"],"_links":{"self":[{"href":"https:\/\/demir.av.tr\/de\/wp-json\/wp\/v2\/pages\/4172","targetHints":{"allow":["GET"]}}],"collection":[{"href":"https:\/\/demir.av.tr\/de\/wp-json\/wp\/v2\/pages"}],"about":[{"href":"https:\/\/demir.av.tr\/de\/wp-json\/wp\/v2\/types\/page"}],"author":[{"embeddable":true,"href":"https:\/\/demir.av.tr\/de\/wp-json\/wp\/v2\/users\/1"}],"replies":[{"embeddable":true,"href":"https:\/\/demir.av.tr\/de\/wp-json\/wp\/v2\/comments?post=4172"}],"version-history":[{"count":3,"href":"https:\/\/demir.av.tr\/de\/wp-json\/wp\/v2\/pages\/4172\/revisions"}],"predecessor-version":[{"id":4878,"href":"https:\/\/demir.av.tr\/de\/wp-json\/wp\/v2\/pages\/4172\/revisions\/4878"}],"up":[{"embeddable":true,"href":"https:\/\/demir.av.tr\/de\/wp-json\/wp\/v2\/pages\/4127"}],"wp:attachment":[{"href":"https:\/\/demir.av.tr\/de\/wp-json\/wp\/v2\/media?parent=4172"}],"curies":[{"name":"wp","href":"https:\/\/api.w.org\/{rel}","templated":true}]}}