{"id":4174,"date":"2022-10-02T15:59:18","date_gmt":"2022-10-02T15:59:18","guid":{"rendered":"https:\/\/demir.av.tr\/faaliyet-alanlarimiz\/kira-hukuku\/"},"modified":"2022-10-25T08:48:54","modified_gmt":"2022-10-25T08:48:54","slug":"kira-hukuku","status":"publish","type":"page","link":"https:\/\/demir.av.tr\/de\/faaliyet-alanlarimiz\/kira-hukuku\/","title":{"rendered":"Mietrecht"},"content":{"rendered":"<p>[vc_row content_width=&#8220;grid&#8220; triangle_shape=&#8220;no&#8220; css=&#8220;.vc_custom_1664728963822{padding-top: 60px !important;padding-bottom: 50px !important;}&#8220;][vc_column width=&#8220;2\/3&#8243;][vc_column_text]<\/p>\n<p style=\"text-align: justify;\">Die Rechtsanwaltskanzlei Demir und Partner; sie betreut s\u00e4mtliche mietrechtliche Verfahren \u00fcber R\u00e4umlichkeiten, inbesondere \u00fcber gewerbliche Mietr\u00e4ume, \u00fcber Wohnr\u00e4ume, bereitet Untermietvertr\u00e4ge vor, passt vorhandene Mietvertr\u00e4ge an die Bedingungen des Marktes an und revidiert diese, wenn vertragliche Bedingungen aufgrund von wirtschaftlichen und politischen Entwicklungen zufolge die allt\u00e4gliche Erwartung \u00fcberschreiten. Zudem erstreckt sich die T\u00e4tigkeit der Kanzlei auf die Feststellung des Mietzinses, die K\u00fcndigung von Mietvertr\u00e4gen, die Geltendmachung von Forderungen aus dem Mietvertrag und sorgt f\u00fcr den effektiven Schutz der Rechte und Forderungen aus dem Mietvertrag und steht ihren Mandanten bei der L\u00f6sung von vertraglichen entstandenen Streitigkeiten auf juristischer Ebene beratend und unterst\u00fctzend zur Seite.<\/p>\n<p>[\/vc_column_text][\/vc_column][vc_column width=&#8220;1\/3&#8243;][vc_widget_sidebar sidebar_id=&#8220;faaliyet-alanlarimiz&#8220;][\/vc_column][\/vc_row]<\/p>\n","protected":false},"excerpt":{"rendered":"<p>[vc_row content_width=&#8220;grid&#8220; triangle_shape=&#8220;no&#8220; css=&#8220;.vc_custom_1664728963822{padding-top: 60px !important;padding-bottom: 50px !important;}&#8220;][vc_column width=&#8220;2\/3&#8243;][vc_column_text] Die Rechtsanwaltskanzlei Demir und Partner; sie betreut s\u00e4mtliche mietrechtliche Verfahren \u00fcber R\u00e4umlichkeiten, inbesondere \u00fcber gewerbliche Mietr\u00e4ume, \u00fcber Wohnr\u00e4ume, bereitet Untermietvertr\u00e4ge vor, passt vorhandene Mietvertr\u00e4ge an die Bedingungen des Marktes an und revidiert diese, wenn vertragliche Bedingungen aufgrund von wirtschaftlichen und politischen Entwicklungen zufolge die allt\u00e4gliche Erwartung \u00fcberschreiten. Zudem erstreckt sich die T\u00e4tigkeit der Kanzlei auf die Feststellung des Mietzinses, die K\u00fcndigung von Mietvertr\u00e4gen, die Geltendmachung von Forderungen aus dem Mietvertrag und sorgt f\u00fcr den effektiven Schutz der Rechte und Forderungen aus dem Mietvertrag und steht ihren Mandanten bei der L\u00f6sung von&#8230;<\/p>\n","protected":false},"author":1,"featured_media":0,"parent":4127,"menu_order":0,"comment_status":"closed","ping_status":"closed","template":"full-width.php","meta":{"footnotes":""},"class_list":["post-4174","page","type-page","status-publish","hentry"],"_links":{"self":[{"href":"https:\/\/demir.av.tr\/de\/wp-json\/wp\/v2\/pages\/4174","targetHints":{"allow":["GET"]}}],"collection":[{"href":"https:\/\/demir.av.tr\/de\/wp-json\/wp\/v2\/pages"}],"about":[{"href":"https:\/\/demir.av.tr\/de\/wp-json\/wp\/v2\/types\/page"}],"author":[{"embeddable":true,"href":"https:\/\/demir.av.tr\/de\/wp-json\/wp\/v2\/users\/1"}],"replies":[{"embeddable":true,"href":"https:\/\/demir.av.tr\/de\/wp-json\/wp\/v2\/comments?post=4174"}],"version-history":[{"count":1,"href":"https:\/\/demir.av.tr\/de\/wp-json\/wp\/v2\/pages\/4174\/revisions"}],"predecessor-version":[{"id":4340,"href":"https:\/\/demir.av.tr\/de\/wp-json\/wp\/v2\/pages\/4174\/revisions\/4340"}],"up":[{"embeddable":true,"href":"https:\/\/demir.av.tr\/de\/wp-json\/wp\/v2\/pages\/4127"}],"wp:attachment":[{"href":"https:\/\/demir.av.tr\/de\/wp-json\/wp\/v2\/media?parent=4174"}],"curies":[{"name":"wp","href":"https:\/\/api.w.org\/{rel}","templated":true}]}}