{"id":4178,"date":"2022-10-02T15:19:43","date_gmt":"2022-10-02T15:19:43","guid":{"rendered":"https:\/\/demir.av.tr\/faaliyet-alanlarimiz\/marka-ve-telif-haklari\/"},"modified":"2023-07-14T13:44:32","modified_gmt":"2023-07-14T13:44:32","slug":"marka-ve-telif-haklari","status":"publish","type":"page","link":"https:\/\/demir.av.tr\/de\/faaliyet-alanlarimiz\/marka-ve-telif-haklari\/","title":{"rendered":"GEWERBLICHER RECHTSSCHUTZ"},"content":{"rendered":"<p>[vc_row content_width=&#8220;grid&#8220; triangle_shape=&#8220;no&#8220; css=&#8220;.vc_custom_1664728796285{padding-top: 60px !important;padding-bottom: 50px !important;}&#8220;][vc_column width=&#8220;2\/3&#8243;][vc_column_text]Wir als Kanzlei Demir&amp;Partners sind eine der f\u00fchrenden Kanzleien in der T\u00fcrkei auf dem Gebiet des geistigen Eigentums in den Bereichen Markenrecht, Designrecht, Gebrauchsmuster und Urheberrecht. Unser Mandantenportfolio umfasst in diesem Bereich national und international bekannte Marken. Demir &amp; Partners ist eine international ausgerichtete Kanzlei und so sind auch unsere Mandate aus dem bereich des IP-Rechts haupts\u00e4chlich internationale Mandate. Unser Team besteht aus kompetenten, dynamischen, innovativen und gut ausgebildeten Mitarbeitern.<\/p>\n<p>&nbsp;<\/p>\n<p>Als eine der f\u00fchrenden Kanzleien im Bereich des geistigen Eigentums bieten wir eine breite Palette von Dienstleistungen an, Dies umfasst den Schutz vor F\u00e4lschungen, die Erledigung von Rechtsstreitigkeiten f\u00fcr Marken, Geschmacksmuster, Gebrauchsmuster und Urheberrechte von Unternehmen.<\/p>\n<p>&nbsp;<\/p>\n<p><strong>Bek\u00e4mpfung von F\u00e4lschungen<\/strong><\/p>\n<p><strong>\u00a0<\/strong><\/p>\n<p>Wir sch\u00fctzen die Marken unserer Mandanten, indem wir in der gesamten T\u00fcrkei Ma\u00dfnahmen zur Bek\u00e4mpfung von F\u00e4lschungen durchf\u00fchren. In Abstimmung mit den Marken- und Patentanw\u00e4lten und gegebenenfalls den au\u00dferhalb der Kanzlei t\u00e4tigen Markensicherheitsspezialisten bieten wir juristische Unterst\u00fctzung bei allen Arten von Rechts- und Strafsachen. Dabei richten wir uns nach den Arbeitsmodellen unserer Mandanten und k\u00f6nnen so den unterschiedlichen Anforderungen gerecht werden.<\/p>\n<p>&nbsp;<\/p>\n<p>Wir verfolgen aufmerksam die Aktuellen Entwicklungen im Bereich des Marken und Patenrechts und helfen unseren Mandanten dabei, ihre Markenrechte effektiv zu sch\u00fctzen. Wir arbeiten mit allen Zollbeh\u00f6rden in der T\u00fcrkei zusammen und sorgen daf\u00fcr, dass gef\u00e4lschte Produkte bei den Zollbeh\u00f6rden angehalten werden.<\/p>\n<p>&nbsp;<\/p>\n<p>Wir f\u00fchren Verfahren zur Bek\u00e4mpfung von F\u00e4lschungen durch, insbesondere:<\/p>\n<p>&nbsp;<\/p>\n<ul>\n<li>Erkennung von F\u00e4lschungen in Zusammenarbeit mit Notaren<\/li>\n<li>Strafrechtliche Verfolgung einschlie\u00dflich des Erreichens von Durchsuchungen,<\/li>\n<li>Durchsuchungen an den Adressen der Verd\u00e4chtigen,<\/li>\n<li>Vorbereitung aller n\u00f6tigen Antr\u00e4ge und Verfahren im Zusammenhang mit den Ermittlungen,<\/li>\n<li>Durchf\u00fchrung von Folgeverfahren und Begleitung der Anh\u00f6rungen,<\/li>\n<li>Durchf\u00fchrung der Vernichtung der beschlagnahmten Waren,<\/li>\n<li>Durchf\u00fchrung des Verfahrens zum Schutz der Marke bei den Zollbeh\u00f6rden sowie<br \/>\n\u00dcberwachung von Zoll\u00fcberg\u00e4ngen.<\/li>\n<li>\u00dcberwachung der Zollabfertigungen<\/li>\n<\/ul>\n<p>&nbsp;<\/p>\n<p><strong>Antragstellung und Verfolgung <\/strong><\/p>\n<p>&nbsp;<\/p>\n<p>Wir k\u00fcmmern uns um die Anmeldung, um Einspr\u00fcche sowie um Stellungnahmen in Bezug auf alle Markenrechtlichen und Patentrechtlichen\u00a0\u00a0 Sachverhalte, sowie um die Vorbereitung und Einreichung von Lizenzvertr\u00e4gen. Unsere Mandanten versorgen wir mit allen aktuellen Information zum Beispiel \u00fcber neue Vorschriften des t\u00fcrkischen Patent- und Markenamt (TPTO&#8220;), der WIPO und der EUIPO.<\/p>\n<p>Unsere auf diesem Gebiet sehr erfahrenen Rechtsanw\u00e4lten und Markenanw\u00e4lten f\u00fchren dabei alle n\u00f6tigen Schritte durch, um die Rechtsstreitigkeiten und Durchsetzungsverfahren erfolgreich durchzuf\u00fchren, wenn n\u00f6tig auch gerichtlich.<\/p>\n<p>&nbsp;<\/p>\n<p>In diesem Zusammenhang k\u00fcmmern wir uns insbesondere um:<\/p>\n<ul>\n<li>Richtigkeit der erfolgten Eintragung von Marken,<\/li>\n<li>Erstanmeldung und Erneuerung von Marken<\/li>\n<li>Einspruch gegen Antr\u00e4ge von Dritten,<\/li>\n<li>Widerspruchsverfahren gegen Markenanmeldungen,<\/li>\n<li>Verteidigung gegen Einw\u00e4nde oder Widerspr\u00fcche Dritter,<\/li>\n<li>Vorbereitung und Registrierung von Vereinbarungen \u00fcber Lizenzrechte<\/li>\n<\/ul>\n<p>&nbsp;<\/p>\n<p><strong>Nachverfolgung von Rechtsstreitigkeiten<\/strong><\/p>\n<p>&nbsp;<\/p>\n<p>Wir beraten unsere Mandanten bei m\u00f6glichen Streitigkeiten und bieten Rechtsbeistand sowohl in Straf- als auch in Zivilsachen. Wir initiieren und verfolgen die rechtlichen Verfahren in Bezug auf Bek\u00e4mpfung von F\u00e4lschungen, Interventionen von Zollbeh\u00f6rden oder Transaktionen vor dem TPTO. Wir k\u00f6nnen die folgenden Rechtsbehelfe in die Wege leiten, einschlie\u00dflich, aber nicht beschr\u00e4nkt auf die folgenden, im Rahmen des Rechtsstreits;<\/p>\n<p>&nbsp;<\/p>\n<ul>\n<li>Schadensersatz,<\/li>\n<li>Das Verhindern der beim Zoll zur\u00fcckgehaltenen Produkte durch das Erlangen einer einstweiligen Verf\u00fcgung durch das Gericht<\/li>\n<li>Verhinderung oder Unterbindung m\u00f6glicher Verst\u00f6\u00dfe,<\/li>\n<li>Beschlagnahme rechtsverletzender Produkte<\/li>\n<li>Vorbereitung und Einreichung von Antr\u00e4gen aller Art<\/li>\n<li>Nachverfolgung von Gerichtsverfahren, Teilnahme an Verhandlungen,<\/li>\n<li>Einspruch gegen Entscheidungen<\/li>\n<li>Vollstreckung der Gerichtsentscheidung<\/li>\n<\/ul>\n<p>[\/vc_column_text][\/vc_column][vc_column width=&#8220;1\/3&#8243;][vc_widget_sidebar sidebar_id=&#8220;faaliyet-alanlarimiz&#8220;][\/vc_column][\/vc_row]<\/p>\n","protected":false},"excerpt":{"rendered":"<p>[vc_row content_width=&#8220;grid&#8220; triangle_shape=&#8220;no&#8220; css=&#8220;.vc_custom_1664728796285{padding-top: 60px !important;padding-bottom: 50px !important;}&#8220;][vc_column width=&#8220;2\/3&#8243;][vc_column_text]Wir als Kanzlei Demir&amp;Partners sind eine der f\u00fchrenden Kanzleien in der T\u00fcrkei auf dem Gebiet des geistigen Eigentums in den Bereichen Markenrecht, Designrecht, Gebrauchsmuster und Urheberrecht. Unser Mandantenportfolio umfasst in diesem Bereich national und international bekannte Marken. Demir &amp; Partners ist eine international ausgerichtete Kanzlei und so sind auch unsere Mandate aus dem bereich des IP-Rechts haupts\u00e4chlich internationale Mandate. Unser Team besteht aus kompetenten, dynamischen, innovativen und gut ausgebildeten Mitarbeitern. &nbsp; Als eine der f\u00fchrenden Kanzleien im Bereich des geistigen Eigentums bieten wir eine breite Palette von Dienstleistungen an, Dies umfasst den&#8230;<\/p>\n","protected":false},"author":1,"featured_media":0,"parent":4127,"menu_order":0,"comment_status":"closed","ping_status":"closed","template":"full-width.php","meta":{"footnotes":""},"class_list":["post-4178","page","type-page","status-publish","hentry"],"_links":{"self":[{"href":"https:\/\/demir.av.tr\/de\/wp-json\/wp\/v2\/pages\/4178","targetHints":{"allow":["GET"]}}],"collection":[{"href":"https:\/\/demir.av.tr\/de\/wp-json\/wp\/v2\/pages"}],"about":[{"href":"https:\/\/demir.av.tr\/de\/wp-json\/wp\/v2\/types\/page"}],"author":[{"embeddable":true,"href":"https:\/\/demir.av.tr\/de\/wp-json\/wp\/v2\/users\/1"}],"replies":[{"embeddable":true,"href":"https:\/\/demir.av.tr\/de\/wp-json\/wp\/v2\/comments?post=4178"}],"version-history":[{"count":4,"href":"https:\/\/demir.av.tr\/de\/wp-json\/wp\/v2\/pages\/4178\/revisions"}],"predecessor-version":[{"id":4840,"href":"https:\/\/demir.av.tr\/de\/wp-json\/wp\/v2\/pages\/4178\/revisions\/4840"}],"up":[{"embeddable":true,"href":"https:\/\/demir.av.tr\/de\/wp-json\/wp\/v2\/pages\/4127"}],"wp:attachment":[{"href":"https:\/\/demir.av.tr\/de\/wp-json\/wp\/v2\/media?parent=4178"}],"curies":[{"name":"wp","href":"https:\/\/api.w.org\/{rel}","templated":true}]}}