{"id":4180,"date":"2022-10-02T16:05:41","date_gmt":"2022-10-02T16:05:41","guid":{"rendered":"https:\/\/demir.av.tr\/faaliyet-alanlarimiz\/rekabet\/"},"modified":"2023-07-14T14:47:05","modified_gmt":"2023-07-14T14:47:05","slug":"rekabet","status":"publish","type":"page","link":"https:\/\/demir.av.tr\/de\/faaliyet-alanlarimiz\/rekabet\/","title":{"rendered":"Wettbewerbsrecht"},"content":{"rendered":"<p>[vc_row content_width=&#8220;grid&#8220; triangle_shape=&#8220;no&#8220; css=&#8220;.vc_custom_1664729619088{padding-top: 60px !important;padding-bottom: 50px !important;}&#8220;][vc_column width=&#8220;2\/3&#8243;][vc_column_text]Wir bieten unseren Mandanten rechtliche Unterst\u00fctzung und Beratung im Rahmen der Aus\u00fcbung ihrer Gesch\u00e4ftst\u00e4tigkeit in \u00dcbereinstimmung mit anderen Vorschriften des Wettbewerbsrechts, insbesondere dem Gesetz Nr. 4054 zum Schutz des Wettbewerbs und die damit verbundene Ausarbeitung potenzieller Probleme und Bewertung und ihrer rechtlichen Konsequenzen.<\/p>\n<p>&nbsp;<\/p>\n<p>Einige der von uns angebotenen Dienstleistungen, einschlie\u00dflich, aber nicht beschr\u00e4nkt auf diese, sind wie folgt:<\/p>\n<p>&nbsp;<\/p>\n<ul>\n<li>Pr\u00fcfung der Aktivit\u00e4ten von Unternehmen im Rahmen des Wettbewerbsrechts<\/li>\n<li>Einholung von Genehmigungen der Wettbewerbsbeh\u00f6rde<\/li>\n<li>L\u00f6sung der Probleme, die sich aus den Wettbewerbsregeln ergeben<\/li>\n<li>Nachverfolgung von negativen Feststellungs- und Befreiungsantr\u00e4gen und damit verbundenen Prozessen und Verfahren<\/li>\n<li>Bewertung von Vertr\u00e4gen, insbesondere H\u00e4ndler- und Distributionsvertr\u00e4gen, in wettbewerbsrechtlicher Hinsicht<\/li>\n<\/ul>\n<p>[\/vc_column_text][\/vc_column][vc_column width=&#8220;1\/3&#8243;][vc_widget_sidebar sidebar_id=&#8220;faaliyet-alanlarimiz&#8220;][\/vc_column][\/vc_row]<\/p>\n","protected":false},"excerpt":{"rendered":"<p>[vc_row content_width=&#8220;grid&#8220; triangle_shape=&#8220;no&#8220; css=&#8220;.vc_custom_1664729619088{padding-top: 60px !important;padding-bottom: 50px !important;}&#8220;][vc_column width=&#8220;2\/3&#8243;][vc_column_text]Wir bieten unseren Mandanten rechtliche Unterst\u00fctzung und Beratung im Rahmen der Aus\u00fcbung ihrer Gesch\u00e4ftst\u00e4tigkeit in \u00dcbereinstimmung mit anderen Vorschriften des Wettbewerbsrechts, insbesondere dem Gesetz Nr. 4054 zum Schutz des Wettbewerbs und die damit verbundene Ausarbeitung potenzieller Probleme und Bewertung und ihrer rechtlichen Konsequenzen. &nbsp; Einige der von uns angebotenen Dienstleistungen, einschlie\u00dflich, aber nicht beschr\u00e4nkt auf diese, sind wie folgt: &nbsp; Pr\u00fcfung der Aktivit\u00e4ten von Unternehmen im Rahmen des Wettbewerbsrechts Einholung von Genehmigungen der Wettbewerbsbeh\u00f6rde L\u00f6sung der Probleme, die sich aus den Wettbewerbsregeln ergeben Nachverfolgung von negativen Feststellungs- und Befreiungsantr\u00e4gen und damit verbundenen&#8230;<\/p>\n","protected":false},"author":1,"featured_media":0,"parent":4127,"menu_order":0,"comment_status":"closed","ping_status":"closed","template":"full-width.php","meta":{"footnotes":""},"class_list":["post-4180","page","type-page","status-publish","hentry"],"_links":{"self":[{"href":"https:\/\/demir.av.tr\/de\/wp-json\/wp\/v2\/pages\/4180","targetHints":{"allow":["GET"]}}],"collection":[{"href":"https:\/\/demir.av.tr\/de\/wp-json\/wp\/v2\/pages"}],"about":[{"href":"https:\/\/demir.av.tr\/de\/wp-json\/wp\/v2\/types\/page"}],"author":[{"embeddable":true,"href":"https:\/\/demir.av.tr\/de\/wp-json\/wp\/v2\/users\/1"}],"replies":[{"embeddable":true,"href":"https:\/\/demir.av.tr\/de\/wp-json\/wp\/v2\/comments?post=4180"}],"version-history":[{"count":4,"href":"https:\/\/demir.av.tr\/de\/wp-json\/wp\/v2\/pages\/4180\/revisions"}],"predecessor-version":[{"id":4860,"href":"https:\/\/demir.av.tr\/de\/wp-json\/wp\/v2\/pages\/4180\/revisions\/4860"}],"up":[{"embeddable":true,"href":"https:\/\/demir.av.tr\/de\/wp-json\/wp\/v2\/pages\/4127"}],"wp:attachment":[{"href":"https:\/\/demir.av.tr\/de\/wp-json\/wp\/v2\/media?parent=4180"}],"curies":[{"name":"wp","href":"https:\/\/api.w.org\/{rel}","templated":true}]}}