{"id":4182,"date":"2022-10-02T15:59:47","date_gmt":"2022-10-02T15:59:47","guid":{"rendered":"https:\/\/demir.av.tr\/faaliyet-alanlarimiz\/sigorta-ve-sigorta-aracilari-hukuku\/"},"modified":"2023-07-14T13:05:50","modified_gmt":"2023-07-14T13:05:50","slug":"sigorta-ve-sigorta-aracilari-hukuku","status":"publish","type":"page","link":"https:\/\/demir.av.tr\/de\/faaliyet-alanlarimiz\/sigorta-ve-sigorta-aracilari-hukuku\/","title":{"rendered":"VERSICHERUNGSRECHT"},"content":{"rendered":"<p>[vc_row content_width=&#8220;grid&#8220; triangle_shape=&#8220;no&#8220; css=&#8220;.vc_custom_1664729049739{padding-top: 60px !important;padding-bottom: 50px !important;}&#8220;][vc_column width=&#8220;2\/3&#8243;][vc_column_text]<\/p>\n<ul>\n<li>Die Kanzlei Demir&amp;Partners Law Firm bietet Beratungsdienste an und vertritt nationale und internationale Versicherungs- und R\u00fcckversicherungsunternehmen in verschiedenen regulatorischen und operativen Angelegenheiten unter Ber\u00fccksichtigung des t\u00fcrkischen Versicherungsrechts.<\/li>\n<li>Beispiele hierf\u00fcr sind<\/li>\n<li>Rechtliche Vertretung von Versicherungs- und Versicherungsvermittlungsunternehmen bei allen Arten von Streitigkeiten im Zusammenhang mit Personen- oder Verkehrsunfallversicherungspolicen, einschlie\u00dflich Regressantr\u00e4gen gegen Dritte, im Einklang mit deren Interessen.<\/li>\n<li>Haftpflichtversicherung f\u00fcr Stra\u00dfentransporteure,<\/li>\n<li>Transportversicherung,<\/li>\n<li>Speditionshaftpflichtversicherung, Lagerhaftpflichtversicherung,<\/li>\n<li>Unfall-, Schadens-, Haftpflichtversicherung.<\/li>\n<\/ul>\n<p style=\"text-align: justify;\">Gestaltung der Bestimmungen der Versicherungspolicen und Beilegung von Streitigkeiten zwischen Versicherern und Versicherern, die sich aus diesen Policen ergeben<\/p>\n<p>[\/vc_column_text][\/vc_column][vc_column width=&#8220;1\/3&#8243;][vc_widget_sidebar sidebar_id=&#8220;faaliyet-alanlarimiz&#8220;][\/vc_column][\/vc_row]<\/p>\n","protected":false},"excerpt":{"rendered":"<p>[vc_row content_width=&#8220;grid&#8220; triangle_shape=&#8220;no&#8220; css=&#8220;.vc_custom_1664729049739{padding-top: 60px !important;padding-bottom: 50px !important;}&#8220;][vc_column width=&#8220;2\/3&#8243;][vc_column_text] Die Kanzlei Demir&amp;Partners Law Firm bietet Beratungsdienste an und vertritt nationale und internationale Versicherungs- und R\u00fcckversicherungsunternehmen in verschiedenen regulatorischen und operativen Angelegenheiten unter Ber\u00fccksichtigung des t\u00fcrkischen Versicherungsrechts. Beispiele hierf\u00fcr sind Rechtliche Vertretung von Versicherungs- und Versicherungsvermittlungsunternehmen bei allen Arten von Streitigkeiten im Zusammenhang mit Personen- oder Verkehrsunfallversicherungspolicen, einschlie\u00dflich Regressantr\u00e4gen gegen Dritte, im Einklang mit deren Interessen. Haftpflichtversicherung f\u00fcr Stra\u00dfentransporteure, Transportversicherung, Speditionshaftpflichtversicherung, Lagerhaftpflichtversicherung, Unfall-, Schadens-, Haftpflichtversicherung. Gestaltung der Bestimmungen der Versicherungspolicen und Beilegung von Streitigkeiten zwischen Versicherern und Versicherern, die sich aus diesen Policen ergeben [\/vc_column_text][\/vc_column][vc_column width=&#8220;1\/3&#8243;][vc_widget_sidebar sidebar_id=&#8220;faaliyet-alanlarimiz&#8220;][\/vc_column][\/vc_row]<\/p>\n","protected":false},"author":1,"featured_media":0,"parent":4127,"menu_order":0,"comment_status":"closed","ping_status":"closed","template":"full-width.php","meta":{"footnotes":""},"class_list":["post-4182","page","type-page","status-publish","hentry"],"_links":{"self":[{"href":"https:\/\/demir.av.tr\/de\/wp-json\/wp\/v2\/pages\/4182","targetHints":{"allow":["GET"]}}],"collection":[{"href":"https:\/\/demir.av.tr\/de\/wp-json\/wp\/v2\/pages"}],"about":[{"href":"https:\/\/demir.av.tr\/de\/wp-json\/wp\/v2\/types\/page"}],"author":[{"embeddable":true,"href":"https:\/\/demir.av.tr\/de\/wp-json\/wp\/v2\/users\/1"}],"replies":[{"embeddable":true,"href":"https:\/\/demir.av.tr\/de\/wp-json\/wp\/v2\/comments?post=4182"}],"version-history":[{"count":3,"href":"https:\/\/demir.av.tr\/de\/wp-json\/wp\/v2\/pages\/4182\/revisions"}],"predecessor-version":[{"id":4804,"href":"https:\/\/demir.av.tr\/de\/wp-json\/wp\/v2\/pages\/4182\/revisions\/4804"}],"up":[{"embeddable":true,"href":"https:\/\/demir.av.tr\/de\/wp-json\/wp\/v2\/pages\/4127"}],"wp:attachment":[{"href":"https:\/\/demir.av.tr\/de\/wp-json\/wp\/v2\/media?parent=4182"}],"curies":[{"name":"wp","href":"https:\/\/api.w.org\/{rel}","templated":true}]}}