{"id":4184,"date":"2022-10-02T15:20:36","date_gmt":"2022-10-02T15:20:36","guid":{"rendered":"https:\/\/demir.av.tr\/faaliyet-alanlarimiz\/sirketler-ve-ticaret-hukuku\/"},"modified":"2023-07-14T13:12:00","modified_gmt":"2023-07-14T13:12:00","slug":"sirketler-ve-ticaret-hukuku","status":"publish","type":"page","link":"https:\/\/demir.av.tr\/de\/faaliyet-alanlarimiz\/sirketler-ve-ticaret-hukuku\/","title":{"rendered":"GESELLSCHAFTS- UND HANDELSRECHT"},"content":{"rendered":"<p>[vc_row content_width=&#8220;grid&#8220; triangle_shape=&#8220;no&#8220; css=&#8220;.vc_custom_1664728832196{padding-top: 60px !important;padding-bottom: 50px !important;}&#8220;][vc_column width=&#8220;2\/3&#8243;][vc_column_text]Die Rechtsanw\u00e4lte von Demir&amp;Partners Law\u00a0 Firm haben Expertise auf dem Gebiet des Gesellschafts- und Handelsrecht. In diesem Zusammenhang bieten sie eine umfassende Rechtsberatung in allen Angelegenheiten, die die rechtlichen Bed\u00fcrfnisse unserer in- und ausl\u00e4ndischen Firmenkunden und rechtlichen Anforderungen erf\u00fcllen. Wir bieten unseren in- und ausl\u00e4ndischen Firmenkunden, die in verschiedenen Wirtschaftsbereichen t\u00e4tig sind, Rechtsberatung mit alternativen L\u00f6sungsvorschl\u00e4gen unter Ber\u00fccksichtigung ihrer wirtschaftlichen und rechtlichen Bed\u00fcrfnisse an:<\/p>\n<p>&nbsp;<\/p>\n<ul>\n<li>Organisation von Versammlungen des Vorstandes oder der Generalversammlung, Durchf\u00fchrung von Kapitalerh\u00f6hungen oder Kapitalherabsetzungen und das damit verbundene Registrierungsverfahren,<\/li>\n<li>Erstellung von Gesellschaftsvertr\u00e4gen, Aktion\u00e4rsvereinbarungen, Familienverfassungen und Absichtserkl\u00e4rungen<\/li>\n<li>Rechtsberatung in allen allt\u00e4glichen Belangen von Unternehmen<\/li>\n<li>Beratung bei der Gr\u00fcndung und Verwaltung von Unternehmen<\/li>\n<li>Gr\u00fcndung von Unternehmen mit ausl\u00e4ndischem oder inl\u00e4ndischem Kapital und der damit verbundene Prozess beim Handelsregister<\/li>\n<li>Vorbereitung von Aktienaussch\u00fcttungs- und Aktien\u00fcbertragungsprozessen sowie Aktienkauf-\/verkaufsvertr\u00e4gen und Aktion\u00e4rsvertr\u00e4gen, die die Beziehungen zwischen Aktion\u00e4ren regeln<\/li>\n<li>Streitbeilegung, Mediation<\/li>\n<\/ul>\n<p style=\"text-align: justify;\">Verfahren im Bereich des Wettbewerbsrechts, insbesondere Unterbindung von unlauterem Wettbewerb, Ausarbeitung von Wettbewerbsverboten in Vertr\u00e4gen, von Geheimhaltungsvertr\u00e4gen, Marketingvertr\u00e4gen, Lizenzvertr\u00e4gen, Dienstleistungsvertr\u00e4gen, Outsourcing-Vertr\u00e4gen<\/p>\n<p>[\/vc_column_text][\/vc_column][vc_column width=&#8220;1\/3&#8243;][vc_widget_sidebar sidebar_id=&#8220;faaliyet-alanlarimiz&#8220;][\/vc_column][\/vc_row]<\/p>\n","protected":false},"excerpt":{"rendered":"<p>[vc_row content_width=&#8220;grid&#8220; triangle_shape=&#8220;no&#8220; css=&#8220;.vc_custom_1664728832196{padding-top: 60px !important;padding-bottom: 50px !important;}&#8220;][vc_column width=&#8220;2\/3&#8243;][vc_column_text]Die Rechtsanw\u00e4lte von Demir&amp;Partners Law\u00a0 Firm haben Expertise auf dem Gebiet des Gesellschafts- und Handelsrecht. In diesem Zusammenhang bieten sie eine umfassende Rechtsberatung in allen Angelegenheiten, die die rechtlichen Bed\u00fcrfnisse unserer in- und ausl\u00e4ndischen Firmenkunden und rechtlichen Anforderungen erf\u00fcllen. Wir bieten unseren in- und ausl\u00e4ndischen Firmenkunden, die in verschiedenen Wirtschaftsbereichen t\u00e4tig sind, Rechtsberatung mit alternativen L\u00f6sungsvorschl\u00e4gen unter Ber\u00fccksichtigung ihrer wirtschaftlichen und rechtlichen Bed\u00fcrfnisse an: &nbsp; Organisation von Versammlungen des Vorstandes oder der Generalversammlung, Durchf\u00fchrung von Kapitalerh\u00f6hungen oder Kapitalherabsetzungen und das damit verbundene Registrierungsverfahren, Erstellung von Gesellschaftsvertr\u00e4gen, Aktion\u00e4rsvereinbarungen, Familienverfassungen und Absichtserkl\u00e4rungen Rechtsberatung in&#8230;<\/p>\n","protected":false},"author":1,"featured_media":0,"parent":4127,"menu_order":0,"comment_status":"closed","ping_status":"closed","template":"full-width.php","meta":{"footnotes":""},"class_list":["post-4184","page","type-page","status-publish","hentry"],"_links":{"self":[{"href":"https:\/\/demir.av.tr\/de\/wp-json\/wp\/v2\/pages\/4184","targetHints":{"allow":["GET"]}}],"collection":[{"href":"https:\/\/demir.av.tr\/de\/wp-json\/wp\/v2\/pages"}],"about":[{"href":"https:\/\/demir.av.tr\/de\/wp-json\/wp\/v2\/types\/page"}],"author":[{"embeddable":true,"href":"https:\/\/demir.av.tr\/de\/wp-json\/wp\/v2\/users\/1"}],"replies":[{"embeddable":true,"href":"https:\/\/demir.av.tr\/de\/wp-json\/wp\/v2\/comments?post=4184"}],"version-history":[{"count":3,"href":"https:\/\/demir.av.tr\/de\/wp-json\/wp\/v2\/pages\/4184\/revisions"}],"predecessor-version":[{"id":4810,"href":"https:\/\/demir.av.tr\/de\/wp-json\/wp\/v2\/pages\/4184\/revisions\/4810"}],"up":[{"embeddable":true,"href":"https:\/\/demir.av.tr\/de\/wp-json\/wp\/v2\/pages\/4127"}],"wp:attachment":[{"href":"https:\/\/demir.av.tr\/de\/wp-json\/wp\/v2\/media?parent=4184"}],"curies":[{"name":"wp","href":"https:\/\/api.w.org\/{rel}","templated":true}]}}