{"id":4186,"date":"2022-10-02T16:01:51","date_gmt":"2022-10-02T16:01:51","guid":{"rendered":"https:\/\/demir.av.tr\/faaliyet-alanlarimiz\/sozlesmeler-hukuku\/"},"modified":"2023-07-14T14:25:20","modified_gmt":"2023-07-14T14:25:20","slug":"sozlesmeler-hukuku","status":"publish","type":"page","link":"https:\/\/demir.av.tr\/de\/faaliyet-alanlarimiz\/sozlesmeler-hukuku\/","title":{"rendered":"Vertragsrecht"},"content":{"rendered":"<p>[vc_row content_width=&#8220;grid&#8220; triangle_shape=&#8220;no&#8220; css=&#8220;.vc_custom_1664729124553{padding-top: 60px !important;padding-bottom: 50px !important;}&#8220;][vc_column width=&#8220;2\/3&#8243;][vc_column_text]Wir bieten unseren in- und ausl\u00e4ndischen Mandanten Rechtsdienstleistungen und -beratung bei der Vorbereitung, Verhandlung und Umsetzung aller Arten von Vertragstexten, die sich aus dem B\u00fcrgerlichen Gesetzbuch, dem Obligationenrecht, dem Wohnungseigentumsrecht, dem Arbeitsrecht und anderen Rechtsvorschriften ergeben, sowie bei Gerichtsverfahren und Rechtsbehelfen f\u00fcr vertragliche Rechte und Forderungen.<\/p>\n<p>Einige der Vertragstypen, welche nach Bedarf und angelehnt an der wachsenden Vielfalt mit den Anforderungen der neuen Zeit vorbereitet werden, sind wie folgt;<\/p>\n<p>&nbsp;<\/p>\n<ul>\n<li>Kaufvertr\u00e4ge<\/li>\n<li>Kaufvertr\u00e4ge f\u00fcr E-Handel<\/li>\n<li>Arbeitsvertr\u00e4ge<\/li>\n<li>Abonnementvertr\u00e4ge<\/li>\n<li>Transportvertr\u00e4ge<\/li>\n<li>Versicherungsvertr\u00e4ge<\/li>\n<li>Vergleichs,- und Abtretungsprotokolle<\/li>\n<li>Gesellschafter- und Beteiligungsvertr\u00e4ge<\/li>\n<li>Schiedsvereinbarungen<\/li>\n<li>Marken- und Patent Nutzungsvertr\u00e4ge<\/li>\n<li>Urheber- und Lizenzvereinbarungen<\/li>\n<li>Finanzierungsleasingvertr\u00e4ge<\/li>\n<li>Werkvertr\u00e4ge<\/li>\n<li>Dienstleistungsvertr\u00e4ge<\/li>\n<li>Vorverkaufsvertrag f\u00fcr Immobilien<\/li>\n<li>Immobilienmiet- und Untermietvertr\u00e4ge<\/li>\n<li>Pachtvertr\u00e4ge<\/li>\n<li>Gew\u00e4hrleistungsvertr\u00e4ge<\/li>\n<li>Timesharing-Vertr\u00e4ge<\/li>\n<li>Filiale- und autorisierte Servicevertr\u00e4ge<\/li>\n<li>Agenturvertr\u00e4ge<\/li>\n<li>Distributionsvertr\u00e4ge<\/li>\n<li>Hypotheken- und Darlehensvertr\u00e4ge<\/li>\n<li>Kautionsvertr\u00e4ge,<\/li>\n<li>Scheidungs- und Ehevertr\u00e4ge,<\/li>\n<li>Erbteilungsvertr\u00e4ge<\/li>\n<li>Schenkungsvertr\u00e4ge<\/li>\n<\/ul>\n<p>[\/vc_column_text][\/vc_column][vc_column width=&#8220;1\/3&#8243;][vc_widget_sidebar sidebar_id=&#8220;faaliyet-alanlarimiz&#8220;][\/vc_column][\/vc_row]<\/p>\n","protected":false},"excerpt":{"rendered":"<p>[vc_row content_width=&#8220;grid&#8220; triangle_shape=&#8220;no&#8220; css=&#8220;.vc_custom_1664729124553{padding-top: 60px !important;padding-bottom: 50px !important;}&#8220;][vc_column width=&#8220;2\/3&#8243;][vc_column_text]Wir bieten unseren in- und ausl\u00e4ndischen Mandanten Rechtsdienstleistungen und -beratung bei der Vorbereitung, Verhandlung und Umsetzung aller Arten von Vertragstexten, die sich aus dem B\u00fcrgerlichen Gesetzbuch, dem Obligationenrecht, dem Wohnungseigentumsrecht, dem Arbeitsrecht und anderen Rechtsvorschriften ergeben, sowie bei Gerichtsverfahren und Rechtsbehelfen f\u00fcr vertragliche Rechte und Forderungen. Einige der Vertragstypen, welche nach Bedarf und angelehnt an der wachsenden Vielfalt mit den Anforderungen der neuen Zeit vorbereitet werden, sind wie folgt; &nbsp; Kaufvertr\u00e4ge Kaufvertr\u00e4ge f\u00fcr E-Handel Arbeitsvertr\u00e4ge Abonnementvertr\u00e4ge Transportvertr\u00e4ge Versicherungsvertr\u00e4ge Vergleichs,- und Abtretungsprotokolle Gesellschafter- und Beteiligungsvertr\u00e4ge Schiedsvereinbarungen Marken- und Patent Nutzungsvertr\u00e4ge Urheber- und Lizenzvereinbarungen&#8230;<\/p>\n","protected":false},"author":1,"featured_media":0,"parent":4127,"menu_order":0,"comment_status":"closed","ping_status":"closed","template":"full-width.php","meta":{"footnotes":""},"class_list":["post-4186","page","type-page","status-publish","hentry"],"_links":{"self":[{"href":"https:\/\/demir.av.tr\/de\/wp-json\/wp\/v2\/pages\/4186","targetHints":{"allow":["GET"]}}],"collection":[{"href":"https:\/\/demir.av.tr\/de\/wp-json\/wp\/v2\/pages"}],"about":[{"href":"https:\/\/demir.av.tr\/de\/wp-json\/wp\/v2\/types\/page"}],"author":[{"embeddable":true,"href":"https:\/\/demir.av.tr\/de\/wp-json\/wp\/v2\/users\/1"}],"replies":[{"embeddable":true,"href":"https:\/\/demir.av.tr\/de\/wp-json\/wp\/v2\/comments?post=4186"}],"version-history":[{"count":2,"href":"https:\/\/demir.av.tr\/de\/wp-json\/wp\/v2\/pages\/4186\/revisions"}],"predecessor-version":[{"id":4857,"href":"https:\/\/demir.av.tr\/de\/wp-json\/wp\/v2\/pages\/4186\/revisions\/4857"}],"up":[{"embeddable":true,"href":"https:\/\/demir.av.tr\/de\/wp-json\/wp\/v2\/pages\/4127"}],"wp:attachment":[{"href":"https:\/\/demir.av.tr\/de\/wp-json\/wp\/v2\/media?parent=4186"}],"curies":[{"name":"wp","href":"https:\/\/api.w.org\/{rel}","templated":true}]}}