{"id":4188,"date":"2022-10-02T16:03:32","date_gmt":"2022-10-02T16:03:32","guid":{"rendered":"https:\/\/demir.av.tr\/faaliyet-alanlarimiz\/tahkim\/"},"modified":"2022-10-25T10:28:44","modified_gmt":"2022-10-25T10:28:44","slug":"tahkim","status":"publish","type":"page","link":"https:\/\/demir.av.tr\/de\/faaliyet-alanlarimiz\/tahkim\/","title":{"rendered":"Schlichtungsverfahren"},"content":{"rendered":"<p>[vc_row content_width=&#8220;grid&#8220; triangle_shape=&#8220;no&#8220; css=&#8220;.vc_custom_1664729432485{padding-top: 60px !important;padding-bottom: 50px !important;}&#8220;][vc_column width=&#8220;2\/3&#8243;][vc_column_text]<\/p>\n<p style=\"text-align: justify;\">Die Rechtsanwaltkanzlei Demir und Partner, gibt Vorkenntnisse \u00fcber den Ablauf sowohl internationale gewerbliche Schlichtung als auch nationale Schlichtung, an seine Mandanten, die erfordern, ihre Kompetenzkonflikt nicht im Gericht sondern mit der Schlichtungskomitee zu l\u00f6sen. Die in diesem Bereich spezialisierten Rechtsanw\u00e4lten unserer Kanzlei geben an unsere Mandanten juristische Beratungen wie einen Schlichtungsvertrag abschlie\u00dfen, die Schlichtungskomitee w\u00e4hlen, die Vertragsbeschl\u00fcsse vorbereiten, den Ort, an dem die Konflikt aufgekl\u00e4rt wird, zu w\u00e4hlen und den Ablauf zu bestimmen. Das Schlichtungsverfahren, das auch eine Zeitersparnis f\u00fcr die L\u00f6sung der Konflikt ist und auch Flexibilit\u00e4t an den Verfahrensordnungen gew\u00e4hrleistet, wird deshalb von unseren Anw\u00e4lten sehr oft als Hilfsmittel und f\u00fcr die Vertretung der Mandanten verwendet. Au\u00dferdem hat unsere Kanzlei an den Konflikten der Schiedsgericht f\u00fcr internationalen Sport, viele Erfahrungen.<\/p>\n<p>[\/vc_column_text][\/vc_column][vc_column width=&#8220;1\/3&#8243;][vc_widget_sidebar sidebar_id=&#8220;faaliyet-alanlarimiz&#8220;][\/vc_column][\/vc_row]<\/p>\n","protected":false},"excerpt":{"rendered":"<p>[vc_row content_width=&#8220;grid&#8220; triangle_shape=&#8220;no&#8220; css=&#8220;.vc_custom_1664729432485{padding-top: 60px !important;padding-bottom: 50px !important;}&#8220;][vc_column width=&#8220;2\/3&#8243;][vc_column_text] Die Rechtsanwaltkanzlei Demir und Partner, gibt Vorkenntnisse \u00fcber den Ablauf sowohl internationale gewerbliche Schlichtung als auch nationale Schlichtung, an seine Mandanten, die erfordern, ihre Kompetenzkonflikt nicht im Gericht sondern mit der Schlichtungskomitee zu l\u00f6sen. Die in diesem Bereich spezialisierten Rechtsanw\u00e4lten unserer Kanzlei geben an unsere Mandanten juristische Beratungen wie einen Schlichtungsvertrag abschlie\u00dfen, die Schlichtungskomitee w\u00e4hlen, die Vertragsbeschl\u00fcsse vorbereiten, den Ort, an dem die Konflikt aufgekl\u00e4rt wird, zu w\u00e4hlen und den Ablauf zu bestimmen. Das Schlichtungsverfahren, das auch eine Zeitersparnis f\u00fcr die L\u00f6sung der Konflikt ist und auch Flexibilit\u00e4t an den Verfahrensordnungen&#8230;<\/p>\n","protected":false},"author":1,"featured_media":0,"parent":4127,"menu_order":0,"comment_status":"closed","ping_status":"closed","template":"full-width.php","meta":{"footnotes":""},"class_list":["post-4188","page","type-page","status-publish","hentry"],"_links":{"self":[{"href":"https:\/\/demir.av.tr\/de\/wp-json\/wp\/v2\/pages\/4188","targetHints":{"allow":["GET"]}}],"collection":[{"href":"https:\/\/demir.av.tr\/de\/wp-json\/wp\/v2\/pages"}],"about":[{"href":"https:\/\/demir.av.tr\/de\/wp-json\/wp\/v2\/types\/page"}],"author":[{"embeddable":true,"href":"https:\/\/demir.av.tr\/de\/wp-json\/wp\/v2\/users\/1"}],"replies":[{"embeddable":true,"href":"https:\/\/demir.av.tr\/de\/wp-json\/wp\/v2\/comments?post=4188"}],"version-history":[{"count":1,"href":"https:\/\/demir.av.tr\/de\/wp-json\/wp\/v2\/pages\/4188\/revisions"}],"predecessor-version":[{"id":4348,"href":"https:\/\/demir.av.tr\/de\/wp-json\/wp\/v2\/pages\/4188\/revisions\/4348"}],"up":[{"embeddable":true,"href":"https:\/\/demir.av.tr\/de\/wp-json\/wp\/v2\/pages\/4127"}],"wp:attachment":[{"href":"https:\/\/demir.av.tr\/de\/wp-json\/wp\/v2\/media?parent=4188"}],"curies":[{"name":"wp","href":"https:\/\/api.w.org\/{rel}","templated":true}]}}