{"id":4190,"date":"2022-10-02T15:16:06","date_gmt":"2022-10-02T15:16:06","guid":{"rendered":"https:\/\/demir.av.tr\/faaliyet-alanlarimiz\/tasima-ve-lojistik\/"},"modified":"2023-07-14T13:16:09","modified_gmt":"2023-07-14T13:16:09","slug":"tasima-ve-lojistik","status":"publish","type":"page","link":"https:\/\/demir.av.tr\/de\/faaliyet-alanlarimiz\/tasima-ve-lojistik\/","title":{"rendered":"TRANSPORTRECHT"},"content":{"rendered":"<p>[vc_row content_width=&#8220;grid&#8220; triangle_shape=&#8220;no&#8220; css=&#8220;.vc_custom_1664728708951{padding-top: 60px !important;padding-bottom: 50px !important;}&#8220;][vc_column width=&#8220;2\/3&#8243;][vc_column_text]Wir beraten unsere f\u00fchrenden Kundenunternehmen im Transportsektor, der ein untrennbarer Bestandteil des Wirtschaftslebens ist, in allen Fragen im Bereich des Land-, See-, Luft- und Schienentransports. Neben der Erbringung von Rechtsdienstleistungen auf h\u00f6chstem Niveau f\u00fcr Unternehmen mit in- und ausl\u00e4ndischen Partnern im Transportbereich bieten wir bei der Beilegung von Streitigkeiten und bei der Nachverfolgung von F\u00e4llen auch Rechtsdienstleistungen an, die auf die Bed\u00fcrfnisse unserer Mandanten in vielen verschiedenen Bereichen zugeschnitten sind, wie z. B. der Strukturierung und Einhaltung branchenspezifischer Gesetze.<\/p>\n<p>&nbsp;<\/p>\n<p>Einige der von uns angebotenen Dienstleistungen sind folgende:;<\/p>\n<p>&nbsp;<\/p>\n<ul>\n<li>Haftung des Frachtf\u00fchrers (CMR) f\u00fcr Sch\u00e4den,<\/li>\n<li>Schadensersatzhaftung von Luft- und Seetransportveranstaltern<\/li>\n<li>Streitigkeiten, bei denen es um Sch\u00e4den w\u00e4hrend des See- oder Lufttransports geht,<\/li>\n<\/ul>\n<p>&nbsp;<\/p>\n<p style=\"text-align: justify;\">Verfolgung von Zivilklagen bez\u00fcglich der Entsch\u00e4digung von durch Transportt\u00e4tigkeiten \u00a0verursachten Sch\u00e4den<\/p>\n<p>[\/vc_column_text][\/vc_column][vc_column width=&#8220;1\/3&#8243;][vc_widget_sidebar sidebar_id=&#8220;faaliyet-alanlarimiz&#8220;][\/vc_column][\/vc_row]<\/p>\n","protected":false},"excerpt":{"rendered":"<p>[vc_row content_width=&#8220;grid&#8220; triangle_shape=&#8220;no&#8220; css=&#8220;.vc_custom_1664728708951{padding-top: 60px !important;padding-bottom: 50px !important;}&#8220;][vc_column width=&#8220;2\/3&#8243;][vc_column_text]Wir beraten unsere f\u00fchrenden Kundenunternehmen im Transportsektor, der ein untrennbarer Bestandteil des Wirtschaftslebens ist, in allen Fragen im Bereich des Land-, See-, Luft- und Schienentransports. Neben der Erbringung von Rechtsdienstleistungen auf h\u00f6chstem Niveau f\u00fcr Unternehmen mit in- und ausl\u00e4ndischen Partnern im Transportbereich bieten wir bei der Beilegung von Streitigkeiten und bei der Nachverfolgung von F\u00e4llen auch Rechtsdienstleistungen an, die auf die Bed\u00fcrfnisse unserer Mandanten in vielen verschiedenen Bereichen zugeschnitten sind, wie z. B. der Strukturierung und Einhaltung branchenspezifischer Gesetze. &nbsp; Einige der von uns angebotenen Dienstleistungen sind folgende:; &nbsp; Haftung des Frachtf\u00fchrers&#8230;<\/p>\n","protected":false},"author":1,"featured_media":0,"parent":4127,"menu_order":0,"comment_status":"closed","ping_status":"closed","template":"full-width.php","meta":{"footnotes":""},"class_list":["post-4190","page","type-page","status-publish","hentry"],"_links":{"self":[{"href":"https:\/\/demir.av.tr\/de\/wp-json\/wp\/v2\/pages\/4190","targetHints":{"allow":["GET"]}}],"collection":[{"href":"https:\/\/demir.av.tr\/de\/wp-json\/wp\/v2\/pages"}],"about":[{"href":"https:\/\/demir.av.tr\/de\/wp-json\/wp\/v2\/types\/page"}],"author":[{"embeddable":true,"href":"https:\/\/demir.av.tr\/de\/wp-json\/wp\/v2\/users\/1"}],"replies":[{"embeddable":true,"href":"https:\/\/demir.av.tr\/de\/wp-json\/wp\/v2\/comments?post=4190"}],"version-history":[{"count":4,"href":"https:\/\/demir.av.tr\/de\/wp-json\/wp\/v2\/pages\/4190\/revisions"}],"predecessor-version":[{"id":4817,"href":"https:\/\/demir.av.tr\/de\/wp-json\/wp\/v2\/pages\/4190\/revisions\/4817"}],"up":[{"embeddable":true,"href":"https:\/\/demir.av.tr\/de\/wp-json\/wp\/v2\/pages\/4127"}],"wp:attachment":[{"href":"https:\/\/demir.av.tr\/de\/wp-json\/wp\/v2\/media?parent=4190"}],"curies":[{"name":"wp","href":"https:\/\/api.w.org\/{rel}","templated":true}]}}