{"id":4192,"date":"2022-10-02T16:02:47","date_gmt":"2022-10-02T16:02:47","guid":{"rendered":"https:\/\/demir.av.tr\/faaliyet-alanlarimiz\/tuketici-hukuku\/"},"modified":"2023-07-14T13:58:24","modified_gmt":"2023-07-14T13:58:24","slug":"tuketici-hukuku","status":"publish","type":"page","link":"https:\/\/demir.av.tr\/de\/faaliyet-alanlarimiz\/tuketici-hukuku\/","title":{"rendered":"Verbraucherrechte"},"content":{"rendered":"<p>[vc_row content_width=&#8220;grid&#8220; triangle_shape=&#8220;no&#8220; css=&#8220;.vc_custom_1664729349636{padding-top: 60px !important;padding-bottom: 50px !important;}&#8220;][vc_column width=&#8220;2\/3&#8243;][vc_column_text]Wir unterst\u00fctzen und beraten unsere Mandanten mit l\u00f6sungsorientierten Ans\u00e4tzen, insbesondere bei der Einhaltung des Verbraucherschutzgesetzes Nr. 6502 und der damit zusammenh\u00e4ngenden Gesetzgebung, bei der Vertretung unserer Mandanten vor den Gerichten und den zust\u00e4ndigen Institutionen in Streitf\u00e4llen, die im Rahmen des Gesetzes entstehen, sowie bei der Beilegung von Streitf\u00e4llen.<\/p>\n<p>&nbsp;<\/p>\n<p>Im Bereich des Verbraucherrechts bieten wir unter anderem die folgenden Rechtsdienstleistungen an;<\/p>\n<p>&nbsp;<\/p>\n<ul>\n<li>Vertretung unserer Mandanten vor den Verbraucherschlichtungsaussch\u00fcssen, Verfolgung der Prozesse und Verfahren<\/li>\n<li>Beilegung von Verbraucherstreitigkeiten, wegen mangelbehafteten Waren und Dienstleistungen, und Weiterverfolgung des Beilegungsverfahrens<\/li>\n<li>Verwaltung von Schlichtungsverfahren im Zusammenhang mit Verbraucherstreitigkeiten<\/li>\n<li>Vertretung unserer Mandanten vor Verbraucher-, Handels- und Oberlandesgerichten und Beratung in diesem Zusammenhang<\/li>\n<\/ul>\n<p>&nbsp;<\/p>\n<p style=\"text-align: justify;\">Organisation und Verwaltung der Beziehungen von Unternehmen mit landesweiten Vertragsh\u00e4ndlernetzwerken zu ihren H\u00e4ndlern in rechtlicher Hinsicht, L\u00f6sung der sich aus diesen Beziehungen ergebenden Probleme und Bereitstellung der erforderlichen rechtlichen Expertise.<\/p>\n<p>[\/vc_column_text][\/vc_column][vc_column width=&#8220;1\/3&#8243;][vc_widget_sidebar sidebar_id=&#8220;faaliyet-alanlarimiz&#8220;][\/vc_column][\/vc_row]<\/p>\n","protected":false},"excerpt":{"rendered":"<p>[vc_row content_width=&#8220;grid&#8220; triangle_shape=&#8220;no&#8220; css=&#8220;.vc_custom_1664729349636{padding-top: 60px !important;padding-bottom: 50px !important;}&#8220;][vc_column width=&#8220;2\/3&#8243;][vc_column_text]Wir unterst\u00fctzen und beraten unsere Mandanten mit l\u00f6sungsorientierten Ans\u00e4tzen, insbesondere bei der Einhaltung des Verbraucherschutzgesetzes Nr. 6502 und der damit zusammenh\u00e4ngenden Gesetzgebung, bei der Vertretung unserer Mandanten vor den Gerichten und den zust\u00e4ndigen Institutionen in Streitf\u00e4llen, die im Rahmen des Gesetzes entstehen, sowie bei der Beilegung von Streitf\u00e4llen. &nbsp; Im Bereich des Verbraucherrechts bieten wir unter anderem die folgenden Rechtsdienstleistungen an; &nbsp; Vertretung unserer Mandanten vor den Verbraucherschlichtungsaussch\u00fcssen, Verfolgung der Prozesse und Verfahren Beilegung von Verbraucherstreitigkeiten, wegen mangelbehafteten Waren und Dienstleistungen, und Weiterverfolgung des Beilegungsverfahrens Verwaltung von Schlichtungsverfahren im Zusammenhang mit Verbraucherstreitigkeiten&#8230;<\/p>\n","protected":false},"author":1,"featured_media":0,"parent":4127,"menu_order":0,"comment_status":"closed","ping_status":"closed","template":"full-width.php","meta":{"footnotes":""},"class_list":["post-4192","page","type-page","status-publish","hentry"],"_links":{"self":[{"href":"https:\/\/demir.av.tr\/de\/wp-json\/wp\/v2\/pages\/4192","targetHints":{"allow":["GET"]}}],"collection":[{"href":"https:\/\/demir.av.tr\/de\/wp-json\/wp\/v2\/pages"}],"about":[{"href":"https:\/\/demir.av.tr\/de\/wp-json\/wp\/v2\/types\/page"}],"author":[{"embeddable":true,"href":"https:\/\/demir.av.tr\/de\/wp-json\/wp\/v2\/users\/1"}],"replies":[{"embeddable":true,"href":"https:\/\/demir.av.tr\/de\/wp-json\/wp\/v2\/comments?post=4192"}],"version-history":[{"count":2,"href":"https:\/\/demir.av.tr\/de\/wp-json\/wp\/v2\/pages\/4192\/revisions"}],"predecessor-version":[{"id":4850,"href":"https:\/\/demir.av.tr\/de\/wp-json\/wp\/v2\/pages\/4192\/revisions\/4850"}],"up":[{"embeddable":true,"href":"https:\/\/demir.av.tr\/de\/wp-json\/wp\/v2\/pages\/4127"}],"wp:attachment":[{"href":"https:\/\/demir.av.tr\/de\/wp-json\/wp\/v2\/media?parent=4192"}],"curies":[{"name":"wp","href":"https:\/\/api.w.org\/{rel}","templated":true}]}}