{"id":4358,"date":"2022-10-02T17:40:41","date_gmt":"2022-10-02T17:40:41","guid":{"rendered":"https:\/\/demir.av.tr\/ekibimiz\/av-abdullah-resul-demir\/"},"modified":"2022-10-25T11:25:20","modified_gmt":"2022-10-25T11:25:20","slug":"av-abdullah-resul-demir","status":"publish","type":"page","link":"https:\/\/demir.av.tr\/de\/ekibimiz\/av-abdullah-resul-demir\/","title":{"rendered":"RA. Abdullah Resul DEM\u0130R"},"content":{"rendered":"<p>[vc_row content_width=&#8220;grid&#8220; triangle_shape=&#8220;no&#8220; css=&#8220;.vc_custom_1664732035358{padding-top: 60px !important;padding-bottom: 50px !important;}&#8220;][vc_column width=&#8220;1\/4&#8243;][vc_single_image image=&#8220;2708&#8243; img_size=&#8220;full&#8220; style=&#8220;vc_box_circle_2&#8243;][\/vc_column][vc_column width=&#8220;3\/4&#8243;][vc_column_text]<\/p>\n<p style=\"text-align: justify;\">Abdullah Resul Demir absolvierte im 2004 das Gymnasium Yusuf Kalkavan und im 2009 die juristische Fakult\u00e4t der Maltepe Universit\u00e4t. Danach machte er sein Magister in dem Bereich internationales Handelsrecht im 2011 an der Universit\u00e4t Bournemouth.<\/p>\n<p style=\"text-align: justify;\">Abdullah Resul Demir ist in diesen Bereichen t\u00e4tig;<\/p>\n<ul>\n<li>M\u00fcndliche und schriftliche juristische Beratungen an Gesellschaften und Mandanten; Erstellung von Vertr\u00e4ge; Pr\u00fcfung und Interpretieren von Vertr\u00e4ge; Ausf\u00fchrung von Versammlungen in Namen des Mandates; sowohl Abfertigungen des Hauptvertrages der Gesellschaft, als auch Vorbereitungen f\u00fcr die Gr\u00fcndung einer Aktiengesellschaft oder Gesellschaft mit beschr\u00e4nkter Haftung; \u00c4nderungen an den Gesellschaftsgrundvertr\u00e4ge, Bearbeitungen an den Hauptversammlungen, die \u00dcbernahme, \u00dcbereignung und Registrierung der Gesch\u00e4ftsanteile, die \u00c4nderung der Rechtsform; die n\u00f6tige Abfertigungen in Bezug auf das Gesellschafterrecht wie die Fusion, die \u00dcbernahme der Gesellschaft<\/li>\n<li>Insbesonders in dem Bereich Markenrechte mit Bezug auf der Besch\u00fctzung der geistigen Eigentumsrechte die Straf- und Zivilprozesse verfolgen, Nichtigkeit der Marken, die Feststellung und Verhinderung von Verletzungen der Markenrechte, materielle und immaterielle Schadenersatzklagen wegen der Verletzung der Markenrechte, Produkten, die den Versto\u00df betreffen, durch einstweilige Anerkennung, beim Zoll oder bei anderen Kan\u00e4len beschlagnehmen; Antr\u00e4ge, Durchsuchungsanordnungen wegen der Verletzung der Markenrechte an die Staatsanwaltschaft beantragen; die Strafprozesse, die durch der Verletzung der Markenrechte entstanden worden sind zu verfolgen; Beschlagnahme der imitierten G\u00fcter; Klagen gegen die L\u00f6schung der Firmentitel, die eine Markenverletzung verursachen, erstellen; Sperrung der Zugriff von Domain, die eine Markenverletzung verursachen.<\/li>\n<li>Insbesonders in dem Bereich Gesch\u00e4ftsmieten mit Bezug auf der Abfertigung von Mietvertr\u00e4ge der Immobilien des Mandates; Vollstreckungsverfahren f\u00fcr die Einl\u00f6sung des Mietbetrages durchf\u00fchren; Entleerung der Immobilien.<\/li>\n<li>Klagen f\u00fcr die Besch\u00fctzung von Rechten der Mandanten mit Bezug auf die Verschiebung des Konkurses im Namen der Forderer und der Grundeigent\u00fcmer.<\/li>\n<li>Durchf\u00fchrung von Abwicklung des G\u00fcterstandes bei vereinbarte und strittige Scheidungsklagen mit Bezug auf dem Familienrecht.<\/li>\n<li>Antr\u00e4ge f\u00fcr Arbeitserlaubnis, Staatsangeh\u00f6rigkeitserlaubnis und Aufenthaltsgenehmigung stellen, dies erneuern und vollbringen.<\/li>\n<\/ul>\n<p>Abdullah Resul Demir, gibt in unsere Kanzlei juristische Beratung und beschreitet den Rechtsweg an einheimischen und internationalen Mandanten \u00fcberwiegend in den Bereichen Gesellschaftsrecht, geistliche und gewerbliche Eigentumsrecht, Immobilienrecht. Seine Fremdsprache ist Englisch.[\/vc_column_text][\/vc_column][\/vc_row]<\/p>\n","protected":false},"excerpt":{"rendered":"<p>[vc_row content_width=&#8220;grid&#8220; triangle_shape=&#8220;no&#8220; css=&#8220;.vc_custom_1664732035358{padding-top: 60px !important;padding-bottom: 50px !important;}&#8220;][vc_column width=&#8220;1\/4&#8243;][vc_single_image image=&#8220;2708&#8243; img_size=&#8220;full&#8220; style=&#8220;vc_box_circle_2&#8243;][\/vc_column][vc_column width=&#8220;3\/4&#8243;][vc_column_text] Abdullah Resul Demir absolvierte im 2004 das Gymnasium Yusuf Kalkavan und im 2009 die juristische Fakult\u00e4t der Maltepe Universit\u00e4t. Danach machte er sein Magister in dem Bereich internationales Handelsrecht im 2011 an der Universit\u00e4t Bournemouth. Abdullah Resul Demir ist in diesen Bereichen t\u00e4tig; M\u00fcndliche und schriftliche juristische Beratungen an Gesellschaften und Mandanten; Erstellung von Vertr\u00e4ge; Pr\u00fcfung und Interpretieren von Vertr\u00e4ge; Ausf\u00fchrung von Versammlungen in Namen des Mandates; sowohl Abfertigungen des Hauptvertrages der Gesellschaft, als auch Vorbereitungen f\u00fcr die Gr\u00fcndung einer Aktiengesellschaft oder Gesellschaft mit beschr\u00e4nkter Haftung; \u00c4nderungen&#8230;<\/p>\n","protected":false},"author":1,"featured_media":3964,"parent":4129,"menu_order":0,"comment_status":"closed","ping_status":"closed","template":"full-width.php","meta":{"footnotes":""},"class_list":["post-4358","page","type-page","status-publish","has-post-thumbnail","hentry"],"_links":{"self":[{"href":"https:\/\/demir.av.tr\/de\/wp-json\/wp\/v2\/pages\/4358","targetHints":{"allow":["GET"]}}],"collection":[{"href":"https:\/\/demir.av.tr\/de\/wp-json\/wp\/v2\/pages"}],"about":[{"href":"https:\/\/demir.av.tr\/de\/wp-json\/wp\/v2\/types\/page"}],"author":[{"embeddable":true,"href":"https:\/\/demir.av.tr\/de\/wp-json\/wp\/v2\/users\/1"}],"replies":[{"embeddable":true,"href":"https:\/\/demir.av.tr\/de\/wp-json\/wp\/v2\/comments?post=4358"}],"version-history":[{"count":2,"href":"https:\/\/demir.av.tr\/de\/wp-json\/wp\/v2\/pages\/4358\/revisions"}],"predecessor-version":[{"id":4399,"href":"https:\/\/demir.av.tr\/de\/wp-json\/wp\/v2\/pages\/4358\/revisions\/4399"}],"up":[{"embeddable":true,"href":"https:\/\/demir.av.tr\/de\/wp-json\/wp\/v2\/pages\/4129"}],"wp:featuredmedia":[{"embeddable":true,"href":"https:\/\/demir.av.tr\/de\/wp-json\/wp\/v2\/media\/3964"}],"wp:attachment":[{"href":"https:\/\/demir.av.tr\/de\/wp-json\/wp\/v2\/media?parent=4358"}],"curies":[{"name":"wp","href":"https:\/\/api.w.org\/{rel}","templated":true}]}}