{"id":4360,"date":"2022-10-02T17:35:11","date_gmt":"2022-10-02T17:35:11","guid":{"rendered":"https:\/\/demir.av.tr\/ekibimiz\/av-arb-taner-demir\/"},"modified":"2023-05-15T19:22:06","modified_gmt":"2023-05-15T19:22:06","slug":"av-arb-taner-demir","status":"publish","type":"page","link":"https:\/\/demir.av.tr\/de\/ekibimiz\/av-arb-taner-demir\/","title":{"rendered":"RA. Taner DEM\u0130R"},"content":{"rendered":"<p>[vc_row content_width=&#8220;grid&#8220; triangle_shape=&#8220;no&#8220; css=&#8220;.vc_custom_1664732035358{padding-top: 60px !important;padding-bottom: 50px !important;}&#8220;][vc_column width=&#8220;1\/4&#8243;][vc_single_image image=&#8220;4560&#8243; img_size=&#8220;full&#8220; style=&#8220;vc_box_circle_2&#8243;][\/vc_column][vc_column width=&#8220;3\/4&#8243;][vc_column_text]<\/p>\n<p style=\"text-align: justify;\">Rechtsanwalt Taner Demir absolvierte im 1991, die Berufsschule Ankara f\u00fcr Justiz. Im 1995 schlie\u00df er die juristische Fakult\u00e4t an der Ankara Universit\u00e4t und in demselben Jahr wurde er Kandidat f\u00fcr das gerichtliche Richteramt. Aber weil er seine berufliche Laufbahn als Rechtsanwalt weitergehen wollte, verlie\u00df er die Kandidatur in dem Richteramt und begann als Rechtsanwalt zu arbeiten. Bis 2002 war er als Partner einer Rechtsanwaltkanzlei t\u00e4tig, danach gr\u00fcndete er die seine eigene Kanzlei Demir &amp; Partner. Rechtsanwalt Taner Demir, der auch Markenvertreter, Patentvertreter und Mediator ist, kann sehr gut Deutsch und Englisch.<\/p>\n<p>&nbsp;<\/p>\n<p style=\"text-align: justify;\">Er hat au\u00dferdem Mitgliedschaft in der Deutsch-T\u00fcrkischen Handelskammer, International Trademark Association (INTA) und ist Betriebsausschussmitglied an der Foreign Economic Relations Board (DE\u0130K) Schweden und Arbeitsbeirat \u00d6sterreich.<\/p>\n<p>&nbsp;<\/p>\n<p style=\"text-align: justify;\">Rechtsanwalt Taner Demir ist insbesonders in diesen Bereichen spezialisiert;<\/p>\n<p>&nbsp;<\/p>\n<p style=\"text-align: justify;\">\u2022\u200bDie Fusion, \u00dcbernahme, Aufteilung des Unternehmens; Abfertigung der Vertrag f\u00fcr Anteils\u00fcbernahme, Um\u00e4nderung der Betriebsart, Gesellschaftsvertrag, die Veranstaltung der Auslandinvestition in der T\u00fcrkei, die Abfertigung des Beteiligungsgesch\u00e4ftsvertrages und Gesellschaftervertrag.<\/p>\n<p>&nbsp;<\/p>\n<p style=\"text-align: justify;\">\u2022\u200bDie Abfertigung der Vertr\u00e4ge zwischen t\u00fcrkische und ausl\u00e4ndische Unternehmens mit Bezug auf internationales Recht, \u00c4u\u00dferungen \u00fcber Auslandskapital, Steuern, Gesetzgebungen der Gesellschaftsrecht von Investitionen im Inland\/Ausland geben und den n\u00f6tigen Infrastruktur vorbereiten, Beratung \u00fcber F\u00f6rderung und Auslandskapital, Abfertigung von Vertr\u00e4gen wie Absatzvertretung, Franchising usw.<\/p>\n<p>&nbsp;<\/p>\n<p style=\"text-align: justify;\">\u2022\u200bRegelungen von Konflikten der Gegenst\u00e4nde, die wegen dem Verlust, Schaden und Versp\u00e4tung der Transporten mit den Verkehrsmitteln (Landstra\u00dfen, Seewegen, Luftlinie und Eisenbahnen) innerhalb des Inlands oder Auslands vorkommen; Regelungen von Konflikten zwischen dem Versicherer und der Versicherungsanstalt, die ihre rechtliche Verpflichtungen mit den Policen, die die Bedingungen und Grenzen beinhalten, abgesichert haben; Feststellung der Inkassierung von Pr\u00e4mien des Versicherungsanstalten und ob sie die Pr\u00e4mie verdient hat.<\/p>\n<p>&nbsp;<\/p>\n<p style=\"text-align: justify;\">\u2022\u200bAntrag f\u00fcr Strafe und Rechtswege mit Bezug auf der Besch\u00fctzung der geistigen Eigentumsrechten von Gesellschaften und Personen; in diesem Zusammenhang Klagen gegen die Entscheidungen der TPE, gegen Nichtigkeit der Marken, negative Feststellung f\u00fcr die Verletzung der Markenrechte, Feststellung von Beweisen, Aussetzung von die Verletzung der Markenrechte, Beseitigung des Versto\u00dfes; mit materiellen und immateriellen Schadenersatzklagen, Produkten, die den Versto\u00df betreffen, durch einstweilige Anerkennung, beim Zoll oder bei anderen Kan\u00e4len beschlagnehmen und damit das Strafverfahren gegen den Versto\u00df der Markenrechte durchf\u00fchren; Anklagen gegen den Staatsanwaltschaft; Durchsuchungsanordnung beantragen und Beschlagnahme der imitierten G\u00fcter; Anklagen f\u00fcr den Firmenschutz und L\u00f6schung; Verfolgung der Strafverfahren, die , gem\u00e4\u00df des Urheberrechtsgesetzes gegen insbesonders die materielle und immaterielle Rechte der Urheber besch\u00fctzen und damit den Versto\u00df verhindern.<\/p>\n<p>[\/vc_column_text][\/vc_column][\/vc_row]<\/p>\n","protected":false},"excerpt":{"rendered":"<p>[vc_row content_width=&#8220;grid&#8220; triangle_shape=&#8220;no&#8220; css=&#8220;.vc_custom_1664732035358{padding-top: 60px !important;padding-bottom: 50px !important;}&#8220;][vc_column width=&#8220;1\/4&#8243;][vc_single_image image=&#8220;4560&#8243; img_size=&#8220;full&#8220; style=&#8220;vc_box_circle_2&#8243;][\/vc_column][vc_column width=&#8220;3\/4&#8243;][vc_column_text] Rechtsanwalt Taner Demir absolvierte im 1991, die Berufsschule Ankara f\u00fcr Justiz. Im 1995 schlie\u00df er die juristische Fakult\u00e4t an der Ankara Universit\u00e4t und in demselben Jahr wurde er Kandidat f\u00fcr das gerichtliche Richteramt. Aber weil er seine berufliche Laufbahn als Rechtsanwalt weitergehen wollte, verlie\u00df er die Kandidatur in dem Richteramt und begann als Rechtsanwalt zu arbeiten. Bis 2002 war er als Partner einer Rechtsanwaltkanzlei t\u00e4tig, danach gr\u00fcndete er die seine eigene Kanzlei Demir &amp; Partner. Rechtsanwalt Taner Demir, der auch Markenvertreter, Patentvertreter und Mediator ist, kann sehr&#8230;<\/p>\n","protected":false},"author":1,"featured_media":0,"parent":4129,"menu_order":0,"comment_status":"closed","ping_status":"closed","template":"full-width.php","meta":{"footnotes":""},"class_list":["post-4360","page","type-page","status-publish","hentry"],"_links":{"self":[{"href":"https:\/\/demir.av.tr\/de\/wp-json\/wp\/v2\/pages\/4360","targetHints":{"allow":["GET"]}}],"collection":[{"href":"https:\/\/demir.av.tr\/de\/wp-json\/wp\/v2\/pages"}],"about":[{"href":"https:\/\/demir.av.tr\/de\/wp-json\/wp\/v2\/types\/page"}],"author":[{"embeddable":true,"href":"https:\/\/demir.av.tr\/de\/wp-json\/wp\/v2\/users\/1"}],"replies":[{"embeddable":true,"href":"https:\/\/demir.av.tr\/de\/wp-json\/wp\/v2\/comments?post=4360"}],"version-history":[{"count":5,"href":"https:\/\/demir.av.tr\/de\/wp-json\/wp\/v2\/pages\/4360\/revisions"}],"predecessor-version":[{"id":4564,"href":"https:\/\/demir.av.tr\/de\/wp-json\/wp\/v2\/pages\/4360\/revisions\/4564"}],"up":[{"embeddable":true,"href":"https:\/\/demir.av.tr\/de\/wp-json\/wp\/v2\/pages\/4129"}],"wp:attachment":[{"href":"https:\/\/demir.av.tr\/de\/wp-json\/wp\/v2\/media?parent=4360"}],"curies":[{"name":"wp","href":"https:\/\/api.w.org\/{rel}","templated":true}]}}