{"id":4362,"date":"2022-10-02T17:49:32","date_gmt":"2022-10-02T17:49:32","guid":{"rendered":"https:\/\/demir.av.tr\/ekibimiz\/av-elif-uzun-ll-m\/"},"modified":"2023-05-16T18:37:33","modified_gmt":"2023-05-16T18:37:33","slug":"av-elif-uzun-ll-m","status":"publish","type":"page","link":"https:\/\/demir.av.tr\/de\/ekibimiz\/av-elif-uzun-ll-m\/","title":{"rendered":"RA. Elif UZUN, LL.M."},"content":{"rendered":"<p>[vc_row content_width=&#8220;grid&#8220; triangle_shape=&#8220;no&#8220; css=&#8220;.vc_custom_1664732035358{padding-top: 60px !important;padding-bottom: 50px !important;}&#8220;][vc_column width=&#8220;1\/4&#8243;][vc_single_image image=&#8220;4623&#8243; img_size=&#8220;full&#8220; style=&#8220;vc_box_circle_2&#8243;][\/vc_column][vc_column width=&#8220;3\/4&#8243;][vc_column_text]1978 geboren in Bielefeld, Deutschland<br \/>\n1997 Abitur auf dem Gymnasium am Waldhof in Bielefeld<br \/>\n1999 Studium der Rechtswissenschaften an der Westf\u00e4lischen-Wilhems-Universit\u00e4t M\u00fcnste<br \/>\n2008 Erstes Juristisches Staatsexamen in M\u00fcnster Westfalen, Nordrhein Westfalen<br \/>\n2012 Zweites Juristisches Staatsexamen nach dem Referendariat in M\u00fcnster, D\u00fcsseldorf, NRW<br \/>\n2012-2015 Justiziarin in der Rechtsabteilung einer bekannten Unternehmensgesellschaft<br \/>\n2016 Rechtswissenschaftliches Studium an der Universit\u00e4t Istanbul<br \/>\n2018 LL.M. Masterstudium deutsch-t\u00fcrkischen Wirtschaftsrecht der Universit\u00e4t zu K\u00f6ln und Bilgi Universit\u00e4t Istanbul<br \/>\n2018 Rechtsreferendariat und Rechtsanwaltszulassung bei der Rechtsanwaltskammer Istanbul<br \/>\n2019 Allgemeine Vereidigung als Dolmetscherin in der deutschen und t\u00fcrkischen Sprache durch OLG Hamm<\/p>\n<p>Frau Rechtsanw\u00e4ltin Elif Uzun ist deutsche Rechtsanw\u00e4ltin mit t\u00fcrkischem Hintergrund. Sie spricht flie\u00dfend Deutsch, T\u00fcrkisch und gut Englisch. Sie geh\u00f6rt der Rechtsanwaltskammer Hamm, sowie der Rechtsanwaltskammer Istanbul an und ist durch das Oberlandesgericht Hamm als allgemein vereidigte Dolmetscherin in der deutschen und t\u00fcrkischen Sprache in Nordrhein-Westfalen zugelassen.[\/vc_column_text][\/vc_column][\/vc_row]<\/p>\n","protected":false},"excerpt":{"rendered":"<p>[vc_row content_width=&#8220;grid&#8220; triangle_shape=&#8220;no&#8220; css=&#8220;.vc_custom_1664732035358{padding-top: 60px !important;padding-bottom: 50px !important;}&#8220;][vc_column width=&#8220;1\/4&#8243;][vc_single_image image=&#8220;4623&#8243; img_size=&#8220;full&#8220; style=&#8220;vc_box_circle_2&#8243;][\/vc_column][vc_column width=&#8220;3\/4&#8243;][vc_column_text]1978 geboren in Bielefeld, Deutschland 1997 Abitur auf dem Gymnasium am Waldhof in Bielefeld 1999 Studium der Rechtswissenschaften an der Westf\u00e4lischen-Wilhems-Universit\u00e4t M\u00fcnste 2008 Erstes Juristisches Staatsexamen in M\u00fcnster Westfalen, Nordrhein Westfalen 2012 Zweites Juristisches Staatsexamen nach dem Referendariat in M\u00fcnster, D\u00fcsseldorf, NRW 2012-2015 Justiziarin in der Rechtsabteilung einer bekannten Unternehmensgesellschaft 2016 Rechtswissenschaftliches Studium an der Universit\u00e4t Istanbul 2018 LL.M. Masterstudium deutsch-t\u00fcrkischen Wirtschaftsrecht der Universit\u00e4t zu K\u00f6ln und Bilgi Universit\u00e4t Istanbul 2018 Rechtsreferendariat und Rechtsanwaltszulassung bei der Rechtsanwaltskammer Istanbul 2019 Allgemeine Vereidigung als Dolmetscherin in der deutschen und t\u00fcrkischen&#8230;<\/p>\n","protected":false},"author":1,"featured_media":0,"parent":4129,"menu_order":0,"comment_status":"closed","ping_status":"closed","template":"full-width.php","meta":{"footnotes":""},"class_list":["post-4362","page","type-page","status-publish","hentry"],"_links":{"self":[{"href":"https:\/\/demir.av.tr\/de\/wp-json\/wp\/v2\/pages\/4362","targetHints":{"allow":["GET"]}}],"collection":[{"href":"https:\/\/demir.av.tr\/de\/wp-json\/wp\/v2\/pages"}],"about":[{"href":"https:\/\/demir.av.tr\/de\/wp-json\/wp\/v2\/types\/page"}],"author":[{"embeddable":true,"href":"https:\/\/demir.av.tr\/de\/wp-json\/wp\/v2\/users\/1"}],"replies":[{"embeddable":true,"href":"https:\/\/demir.av.tr\/de\/wp-json\/wp\/v2\/comments?post=4362"}],"version-history":[{"count":3,"href":"https:\/\/demir.av.tr\/de\/wp-json\/wp\/v2\/pages\/4362\/revisions"}],"predecessor-version":[{"id":4628,"href":"https:\/\/demir.av.tr\/de\/wp-json\/wp\/v2\/pages\/4362\/revisions\/4628"}],"up":[{"embeddable":true,"href":"https:\/\/demir.av.tr\/de\/wp-json\/wp\/v2\/pages\/4129"}],"wp:attachment":[{"href":"https:\/\/demir.av.tr\/de\/wp-json\/wp\/v2\/media?parent=4362"}],"curies":[{"name":"wp","href":"https:\/\/api.w.org\/{rel}","templated":true}]}}