{"id":4364,"date":"2022-10-02T17:45:56","date_gmt":"2022-10-02T17:45:56","guid":{"rendered":"https:\/\/demir.av.tr\/ekibimiz\/av-gizem-saatci-akbulut\/"},"modified":"2023-05-16T18:19:23","modified_gmt":"2023-05-16T18:19:23","slug":"av-gizem-saatci-akbulut","status":"publish","type":"page","link":"https:\/\/demir.av.tr\/de\/ekibimiz\/av-gizem-saatci-akbulut\/","title":{"rendered":"RA. Gizem SAAT\u00c7\u0130 AKBULUT"},"content":{"rendered":"<p>[vc_row content_width=&#8220;grid&#8220; triangle_shape=&#8220;no&#8220; css=&#8220;.vc_custom_1664732035358{padding-top: 60px !important;padding-bottom: 50px !important;}&#8220;][vc_column width=&#8220;1\/4&#8243;][vc_single_image image=&#8220;4594&#8243; img_size=&#8220;full&#8220; style=&#8220;vc_box_circle_2&#8243;][\/vc_column][vc_column width=&#8220;3\/4&#8243;][vc_column_text]<\/p>\n<p style=\"text-align: justify;\">Rechtsanw\u00e4ltin Gizem SAAT\u00c7I AKBULUT absolvierte im Jahr 2015 die juristische Fakult\u00e4t an der Istanbul Universit\u00e4t und meldete sich im selben Jahr an der Anwaltskammer Istanbul. In ihren ersten Berufsjahren arbeitete sie an einer vertraglichen Anwaltskammer einer Privatbank und sammelte Erfahrungen in den Bereichen Bankrecht, Verbraucherrecht, Wettbewerbsrecht, Handelsrecht, Arbeitsrecht. Sie schloss sich im Jahr 2017 dem Team der Rechtsanwaltkanzlei Demir &amp; Partner an. Rechtsanw\u00e4ltin Gizem SAAT\u00c7I AKBULUT ist in den Bereichen Verbraucherrecht, Handelsrecht, Familienrecht, Erbrecht und Arbeitsrecht t\u00e4tig und gibt juristische Beratungen an einheimische und internationale Mandanten.\u00a0 Sie ist au\u00dferdem als Mediatorin t\u00e4tig und spricht Englisch.<\/p>\n<p>[\/vc_column_text][\/vc_column][\/vc_row]<\/p>\n","protected":false},"excerpt":{"rendered":"<p>[vc_row content_width=&#8220;grid&#8220; triangle_shape=&#8220;no&#8220; css=&#8220;.vc_custom_1664732035358{padding-top: 60px !important;padding-bottom: 50px !important;}&#8220;][vc_column width=&#8220;1\/4&#8243;][vc_single_image image=&#8220;4594&#8243; img_size=&#8220;full&#8220; style=&#8220;vc_box_circle_2&#8243;][\/vc_column][vc_column width=&#8220;3\/4&#8243;][vc_column_text] Rechtsanw\u00e4ltin Gizem SAAT\u00c7I AKBULUT absolvierte im Jahr 2015 die juristische Fakult\u00e4t an der Istanbul Universit\u00e4t und meldete sich im selben Jahr an der Anwaltskammer Istanbul. In ihren ersten Berufsjahren arbeitete sie an einer vertraglichen Anwaltskammer einer Privatbank und sammelte Erfahrungen in den Bereichen Bankrecht, Verbraucherrecht, Wettbewerbsrecht, Handelsrecht, Arbeitsrecht. Sie schloss sich im Jahr 2017 dem Team der Rechtsanwaltkanzlei Demir &amp; Partner an. Rechtsanw\u00e4ltin Gizem SAAT\u00c7I AKBULUT ist in den Bereichen Verbraucherrecht, Handelsrecht, Familienrecht, Erbrecht und Arbeitsrecht t\u00e4tig und gibt juristische Beratungen an einheimische und internationale Mandanten.\u00a0 Sie&#8230;<\/p>\n","protected":false},"author":1,"featured_media":0,"parent":4129,"menu_order":0,"comment_status":"closed","ping_status":"closed","template":"full-width.php","meta":{"footnotes":""},"class_list":["post-4364","page","type-page","status-publish","hentry"],"_links":{"self":[{"href":"https:\/\/demir.av.tr\/de\/wp-json\/wp\/v2\/pages\/4364","targetHints":{"allow":["GET"]}}],"collection":[{"href":"https:\/\/demir.av.tr\/de\/wp-json\/wp\/v2\/pages"}],"about":[{"href":"https:\/\/demir.av.tr\/de\/wp-json\/wp\/v2\/types\/page"}],"author":[{"embeddable":true,"href":"https:\/\/demir.av.tr\/de\/wp-json\/wp\/v2\/users\/1"}],"replies":[{"embeddable":true,"href":"https:\/\/demir.av.tr\/de\/wp-json\/wp\/v2\/comments?post=4364"}],"version-history":[{"count":5,"href":"https:\/\/demir.av.tr\/de\/wp-json\/wp\/v2\/pages\/4364\/revisions"}],"predecessor-version":[{"id":4605,"href":"https:\/\/demir.av.tr\/de\/wp-json\/wp\/v2\/pages\/4364\/revisions\/4605"}],"up":[{"embeddable":true,"href":"https:\/\/demir.av.tr\/de\/wp-json\/wp\/v2\/pages\/4129"}],"wp:attachment":[{"href":"https:\/\/demir.av.tr\/de\/wp-json\/wp\/v2\/media?parent=4364"}],"curies":[{"name":"wp","href":"https:\/\/api.w.org\/{rel}","templated":true}]}}