{"id":4368,"date":"2022-10-02T17:39:20","date_gmt":"2022-10-02T17:39:20","guid":{"rendered":"https:\/\/demir.av.tr\/ekibimiz\/av-olcay-yilmaz\/"},"modified":"2023-05-16T18:07:36","modified_gmt":"2023-05-16T18:07:36","slug":"av-olcay-yilmaz","status":"publish","type":"page","link":"https:\/\/demir.av.tr\/de\/ekibimiz\/av-olcay-yilmaz\/","title":{"rendered":"RA. Olcay YILMAZ"},"content":{"rendered":"<p>[vc_row content_width=&#8220;grid&#8220; triangle_shape=&#8220;no&#8220; css=&#8220;.vc_custom_1664732035358{padding-top: 60px !important;padding-bottom: 50px !important;}&#8220;][vc_column width=&#8220;1\/4&#8243;][vc_single_image image=&#8220;4570&#8243; img_size=&#8220;full&#8220; style=&#8220;vc_box_circle_2&#8243;][\/vc_column][vc_column width=&#8220;3\/4&#8243;][vc_column_text]<\/p>\n<p style=\"text-align: justify;\">Rechtsanwalt Olcay Y\u0131lmaz absolvierte im Jahr 1997 die Berufsschule Ankara f\u00fcr Justiz. Im Jahr 1998 begann er, als Beamter im Justizministerium zu arbeiten, daraufhin war er bis 2003 bei dem Gericht Istanbul t\u00e4tig. Er absolvierte im Jahr 2003 die juristische Fakult\u00e4t an der Istanbul Universit\u00e4t und fing im selben Jahr seine Arbeit als Praktikant in der Rechtsanwaltkanzlei Demir &amp; Partner. Nach seinem Praktikum arbeitete er weiterhin in unserer Kanzlei. Rechtsanwalt Olcay Y\u0131lmaz arbeitet \u00fcberwiegend in den Bereichen Transportrecht, geistiges Eigentum und Arbeitsrecht. Er gibt schriftliche und m\u00fcndliche juristische Beratungen an Gesellschaften. Au\u00dferdem ist er als Mediator t\u00e4tig und spricht Englisch.<\/p>\n<p>&nbsp;<\/p>\n<p style=\"text-align: justify;\">Rechtsanwalt Olcay Y\u0131lmaz ist insbesondere in diesen Bereichen spezialisiert;<\/p>\n<p>&nbsp;<\/p>\n<ul>\n<li style=\"text-align: justify;\">L\u00f6sung von Konflikten, die wegen dem Verlust, Schaden und Versp\u00e4tung der Transporte mit den Verkehrsmitteln (auf Landstra\u00dfen, Seewegen, Luftlinie und Eisenbahnen) innerhalb des Inlands oder Ausland aufkommen; Beseitigung von Streitigkeiten zwischen dem Versicherten und den Versicherungsunternehmen bei Versicherungen, die die rechtliche Verantwortung internationaler Transportunternehmen in Bezug auf die von ihnen bef\u00f6rderte Fracht im Rahmen der in der Police festgelegten Bedingungen und Grenzen abdecken sowie Feststellung, ob das Versicherungsunternehmen die Pr\u00e4mie und die Einziehung der Pr\u00e4mie erhalten hat.<\/li>\n<\/ul>\n<p>&nbsp;<\/p>\n<ul>\n<li style=\"text-align: justify;\">Unterst\u00fctzung von Unternehmen und Personen bei der Einlegung straf- und zivilrechtlicher Rechtsbehelfe in Bezug auf den Schutz der geistigen Eigentumsrechte; diesbez\u00fcglich die Durchf\u00fchrung von Klagen gegen die Entscheidungen des T\u00fcrkischen Patent- und Markenamts (TPE), hinsichtlich der Nichtigkeit der Marken, negative Feststellungsklagen in Bezug auf die Verletzung von Markenrechten, Feststellung von Beweisen, Einstellung von Markenrechtsverst\u00f6\u00dfen, Beseitigung dieser Verst\u00f6\u00dfe; materielle und immaterielle Schadenersatzklagen sowie die Beschlagnahme der die den Gegenstand dieser Verst\u00f6\u00dfe bildenden Produkte mittels einstweiliger Verf\u00fcgung beim Zoll und anderen amtlichen Beh\u00f6rden und die Durchf\u00fchrung der Strafverfahren gegen den Versto\u00df der Markenrechte; Anklageschriften an die Staatsanwaltschaft; Beantragung von Durchsuchungsanordnungen und Beschlagnahme der gef\u00e4lschten G\u00fcter; Anklagen f\u00fcr den Schutz des Handelsnamens und der L\u00f6schung; Verfolgung der Verfahren gem\u00e4\u00df des Urheberrechtsgesetzes \u00fcber geistige und k\u00fcnstlerische Werke, insbesondere die die Rechte der Urheber besch\u00fctzenden Verfahren der Beseitigung und Verhinderung von Markenrechtverst\u00f6\u00dfen sowie die Verfolgung von Strafverfahren hinsichtlich der Verst\u00f6\u00dfe gegen die materiellen und immateriellen Rechte der Rechteinhaber<\/li>\n<\/ul>\n<p>&nbsp;<\/p>\n<ul>\n<li style=\"text-align: justify;\">Erhebung und Verfolgung von Leistungsklagen im Bereich des Arbeitsrechts wie Entlassungs-, K\u00fcndigungsabfindung, Schadensersatz wegen b\u00f6ser Wille, Gehaltsanspruch; Klagen f\u00fcr die Feststellung des Dienstes, Wiedereinstellungsklagen, materielle und immaterielle Schadensersatzklagen, Anklagen gegen den Versto\u00df des Wettbewerbsverbots.<\/li>\n<\/ul>\n<p>&nbsp;<\/p>\n<p style=\"text-align: justify;\">Au\u00dferdem gibt der Rechtsanwalt Olcay Y\u0131lmaz juristische Beratung an Gesellschaften durch die Beantwortung von schriftlichen und m\u00fcndlichen Fragen, die \u00dcberpr\u00fcfung und der Nachfrage entsprechende Vorbereitung von Vertr\u00e4gen, die Vorbereitung und Pr\u00fcfung der Arbeitsvertr\u00e4ge zwischen dem Arbeitnehmer und Arbeitgeber und auf Nachfrage die Teilnahme an Versammlungen und die Leistung der notwendigen rechtlichen Unterst\u00fctzung, um die Interessen seiner Mandanten zu wahren.<\/p>\n<p>[\/vc_column_text][\/vc_column][\/vc_row]<\/p>\n","protected":false},"excerpt":{"rendered":"<p>[vc_row content_width=&#8220;grid&#8220; triangle_shape=&#8220;no&#8220; css=&#8220;.vc_custom_1664732035358{padding-top: 60px !important;padding-bottom: 50px !important;}&#8220;][vc_column width=&#8220;1\/4&#8243;][vc_single_image image=&#8220;4570&#8243; img_size=&#8220;full&#8220; style=&#8220;vc_box_circle_2&#8243;][\/vc_column][vc_column width=&#8220;3\/4&#8243;][vc_column_text] Rechtsanwalt Olcay Y\u0131lmaz absolvierte im Jahr 1997 die Berufsschule Ankara f\u00fcr Justiz. Im Jahr 1998 begann er, als Beamter im Justizministerium zu arbeiten, daraufhin war er bis 2003 bei dem Gericht Istanbul t\u00e4tig. Er absolvierte im Jahr 2003 die juristische Fakult\u00e4t an der Istanbul Universit\u00e4t und fing im selben Jahr seine Arbeit als Praktikant in der Rechtsanwaltkanzlei Demir &amp; Partner. Nach seinem Praktikum arbeitete er weiterhin in unserer Kanzlei. Rechtsanwalt Olcay Y\u0131lmaz arbeitet \u00fcberwiegend in den Bereichen Transportrecht, geistiges Eigentum und Arbeitsrecht. Er gibt schriftliche und m\u00fcndliche&#8230;<\/p>\n","protected":false},"author":1,"featured_media":0,"parent":4129,"menu_order":0,"comment_status":"closed","ping_status":"closed","template":"full-width.php","meta":{"footnotes":""},"class_list":["post-4368","page","type-page","status-publish","hentry"],"_links":{"self":[{"href":"https:\/\/demir.av.tr\/de\/wp-json\/wp\/v2\/pages\/4368","targetHints":{"allow":["GET"]}}],"collection":[{"href":"https:\/\/demir.av.tr\/de\/wp-json\/wp\/v2\/pages"}],"about":[{"href":"https:\/\/demir.av.tr\/de\/wp-json\/wp\/v2\/types\/page"}],"author":[{"embeddable":true,"href":"https:\/\/demir.av.tr\/de\/wp-json\/wp\/v2\/users\/1"}],"replies":[{"embeddable":true,"href":"https:\/\/demir.av.tr\/de\/wp-json\/wp\/v2\/comments?post=4368"}],"version-history":[{"count":5,"href":"https:\/\/demir.av.tr\/de\/wp-json\/wp\/v2\/pages\/4368\/revisions"}],"predecessor-version":[{"id":4585,"href":"https:\/\/demir.av.tr\/de\/wp-json\/wp\/v2\/pages\/4368\/revisions\/4585"}],"up":[{"embeddable":true,"href":"https:\/\/demir.av.tr\/de\/wp-json\/wp\/v2\/pages\/4129"}],"wp:attachment":[{"href":"https:\/\/demir.av.tr\/de\/wp-json\/wp\/v2\/media?parent=4368"}],"curies":[{"name":"wp","href":"https:\/\/api.w.org\/{rel}","templated":true}]}}