{"id":4370,"date":"2022-10-02T17:48:04","date_gmt":"2022-10-02T17:48:04","guid":{"rendered":"https:\/\/demir.av.tr\/ekibimiz\/av-semih-yuksel\/"},"modified":"2023-05-16T18:33:41","modified_gmt":"2023-05-16T18:33:41","slug":"av-semih-yuksel","status":"publish","type":"page","link":"https:\/\/demir.av.tr\/de\/ekibimiz\/av-semih-yuksel\/","title":{"rendered":"RA. Semih Y\u00dcKSEL"},"content":{"rendered":"<p>[vc_row content_width=&#8220;grid&#8220; triangle_shape=&#8220;no&#8220; css=&#8220;.vc_custom_1664732035358{padding-top: 60px !important;padding-bottom: 50px !important;}&#8220;][vc_column width=&#8220;1\/4&#8243;][vc_single_image image=&#8220;4611&#8243; img_size=&#8220;full&#8220; style=&#8220;vc_box_circle_2&#8243;][\/vc_column][vc_column width=&#8220;3\/4&#8243;][vc_column_text]<\/p>\n<p style=\"text-align: justify;\">Der Rechtsanwalt Semih Y\u00dcKSEL absolvierte im Jahr 2015 die juristische Fakult\u00e4t an der Istanbul Universit\u00e4t und meldete sich im selben Jahr bei der Anwaltskammer Istanbul als Rechtsreferendar an. Semih Y\u00dcKSEL startete sein Berufsleben als Rechtsreferendar in der Rechtsanwaltskanzlei Demir &amp; Partners. Seine T\u00e4tigkeiten in dieser Zeit bezogen sich haupts\u00e4chlich auf Urheberrecht, Markenrecht und Informationsrecht. Mit dem Ende seines Referendariats war er f\u00fcr die Verfolgung von Vollstreckungsverfahren zust\u00e4ndig und setzt nunmehr seine Arbeit in diesem Bereich fort. Seine Fremdsprache ist Englisch.<\/p>\n<p>&nbsp;<\/p>\n<p style=\"text-align: justify;\">Rechtsanwalt Semih Y\u00dcKSEL ist insbesondere in folgenden Rechtsbereichen t\u00e4tig:<\/p>\n<p>&nbsp;<\/p>\n<ul>\n<li style=\"text-align: justify;\">Einleitung, Verfolgung und Beendung von Vollstreckungsverfahren<\/li>\n<li style=\"text-align: justify;\">Durchf\u00fchrung der Prozesse zu Zwangsvollstreckungen aus einer Hypothek<\/li>\n<li style=\"text-align: justify;\">Verfolgung der Prozesse von Immobilien- und Grundst\u00fcckverk\u00e4ufen bis zum Abschluss<\/li>\n<li style=\"text-align: justify;\">Verfolgung der Insolvenz-\/ Liquidations-\/ Nachlassvertragsprozesse<\/li>\n<li style=\"text-align: justify;\">Verfolgung von Forderungsklagen aller Art<\/li>\n<li style=\"text-align: justify;\">Schlichtung von arbeitsrechtlichen Streitigkeiten, Rechtliche Beratung zu arbeitsrechtlichen Angelegenheiten<\/li>\n<li style=\"text-align: justify;\">Verfolgung von Verfahrens- \/Schiedsausschussprozessen bez\u00fcglich des Verbraucherrechts<\/li>\n<\/ul>\n<p>&nbsp;<\/p>\n<p style=\"text-align: justify;\">Seine Arbeit \u2018\u2018Bitcoin\u2019e H\u00fccum\u2018\u2018 wurde in der Zeitschrift ILSA Opinio ver\u00f6ffentlicht.<\/p>\n<p>[\/vc_column_text][\/vc_column][\/vc_row]<\/p>\n","protected":false},"excerpt":{"rendered":"<p>[vc_row content_width=&#8220;grid&#8220; triangle_shape=&#8220;no&#8220; css=&#8220;.vc_custom_1664732035358{padding-top: 60px !important;padding-bottom: 50px !important;}&#8220;][vc_column width=&#8220;1\/4&#8243;][vc_single_image image=&#8220;4611&#8243; img_size=&#8220;full&#8220; style=&#8220;vc_box_circle_2&#8243;][\/vc_column][vc_column width=&#8220;3\/4&#8243;][vc_column_text] Der Rechtsanwalt Semih Y\u00dcKSEL absolvierte im Jahr 2015 die juristische Fakult\u00e4t an der Istanbul Universit\u00e4t und meldete sich im selben Jahr bei der Anwaltskammer Istanbul als Rechtsreferendar an. Semih Y\u00dcKSEL startete sein Berufsleben als Rechtsreferendar in der Rechtsanwaltskanzlei Demir &amp; Partners. Seine T\u00e4tigkeiten in dieser Zeit bezogen sich haupts\u00e4chlich auf Urheberrecht, Markenrecht und Informationsrecht. Mit dem Ende seines Referendariats war er f\u00fcr die Verfolgung von Vollstreckungsverfahren zust\u00e4ndig und setzt nunmehr seine Arbeit in diesem Bereich fort. Seine Fremdsprache ist Englisch. &nbsp; Rechtsanwalt Semih Y\u00dcKSEL ist insbesondere in&#8230;<\/p>\n","protected":false},"author":1,"featured_media":0,"parent":4129,"menu_order":0,"comment_status":"closed","ping_status":"closed","template":"full-width.php","meta":{"footnotes":""},"class_list":["post-4370","page","type-page","status-publish","hentry"],"_links":{"self":[{"href":"https:\/\/demir.av.tr\/de\/wp-json\/wp\/v2\/pages\/4370","targetHints":{"allow":["GET"]}}],"collection":[{"href":"https:\/\/demir.av.tr\/de\/wp-json\/wp\/v2\/pages"}],"about":[{"href":"https:\/\/demir.av.tr\/de\/wp-json\/wp\/v2\/types\/page"}],"author":[{"embeddable":true,"href":"https:\/\/demir.av.tr\/de\/wp-json\/wp\/v2\/users\/1"}],"replies":[{"embeddable":true,"href":"https:\/\/demir.av.tr\/de\/wp-json\/wp\/v2\/comments?post=4370"}],"version-history":[{"count":4,"href":"https:\/\/demir.av.tr\/de\/wp-json\/wp\/v2\/pages\/4370\/revisions"}],"predecessor-version":[{"id":4620,"href":"https:\/\/demir.av.tr\/de\/wp-json\/wp\/v2\/pages\/4370\/revisions\/4620"}],"up":[{"embeddable":true,"href":"https:\/\/demir.av.tr\/de\/wp-json\/wp\/v2\/pages\/4129"}],"wp:attachment":[{"href":"https:\/\/demir.av.tr\/de\/wp-json\/wp\/v2\/media?parent=4370"}],"curies":[{"name":"wp","href":"https:\/\/api.w.org\/{rel}","templated":true}]}}