{"id":4372,"date":"2022-10-02T17:44:18","date_gmt":"2022-10-02T17:44:18","guid":{"rendered":"https:\/\/demir.av.tr\/ekibimiz\/av-serpil-baltan-ogutcen\/"},"modified":"2022-10-25T11:37:03","modified_gmt":"2022-10-25T11:37:03","slug":"av-serpil-baltan-ogutcen","status":"publish","type":"page","link":"https:\/\/demir.av.tr\/de\/ekibimiz\/av-serpil-baltan-ogutcen\/","title":{"rendered":"RA. Serpil BALTAN \u00d6\u011e\u00dcTCEN"},"content":{"rendered":"<p>[vc_row content_width=&#8220;grid&#8220; triangle_shape=&#8220;no&#8220; css=&#8220;.vc_custom_1664732035358{padding-top: 60px !important;padding-bottom: 50px !important;}&#8220;][vc_column width=&#8220;1\/4&#8243;][vc_single_image image=&#8220;2709&#8243; img_size=&#8220;full&#8220; style=&#8220;vc_box_circle_2&#8243;][\/vc_column][vc_column width=&#8220;3\/4&#8243;][vc_column_text]<\/p>\n<p style=\"text-align: justify;\">Serpil Baltan \u00d6\u011f\u00fct\u00e7en absolvierte im 2001 die juristische Fakult\u00e4t an der Istanbul Universit\u00e4t und meldete sich zuerst an der Staatkammer Bursa, danach im 2010 an der Staatskammer Istanbul an.<\/p>\n<p style=\"text-align: justify;\">Sie machte ihr Praktikum an einer Anwaltskanzlei, das in dem Bereich Handelsrecht t\u00e4tig ist. Nachdem sie ihre Betriebserlaubnis bekommen hat, arbeitete sie vier Jahre an Privatbanken in der Abteilung rechtliche Betreibung, in dem Bereich Vollstreckungsrecht. Zwischen den Jahren 2010-2015 war sie an einem privaten Holding in den Bereichen Vertragsrecht, Immobilienrecht (Verstaatlichung, Schutzgebiete, Baurecht, Klagen wegen angemessene Verg\u00fctung und Vorkaufsrecht, Miete, Evakuierung), internationales Recht, internationales Transportrecht, Handelsrecht, Arbeitsrecht, Vollstreckungsrecht, \u00f6ffentliches Recht, Steuerrecht t\u00e4tig und hat sich in diesen Bereichen spezialisiert.<\/p>\n<p style=\"text-align: justify;\">Seit 2015 arbeitet sie als Leiterin der Abteilung Vollstreckung an der Anwaltskanzlei Demir &amp; Partner. Serpil Baltan \u00d6\u011f\u00fct\u00e7en spricht Englisch im Mittelstufenniveau. Sie ist in der Rechtsanwaltkanzlei Demir &amp; Partner in diesen Bereichen t\u00e4tig;<\/p>\n<ul>\n<li>Einl\u00f6sung der Forderungen der Gesellschaft ohne einer rechtlichen Betreibung einzuleiten, sondern durch Einigung zu erledigen<\/li>\n<li>Einl\u00f6sung von gesch\u00e4ftliche Forderungen der Gesellschaft durch Vollstreckung<\/li>\n<li>Einl\u00f6sung von Devisenforderungen durch Vollstreckung<\/li>\n<li>Vollstreckungshandlungen, indem das hypothekarische Grundst\u00fcck verkauft und eingel\u00f6st wird.<\/li>\n<\/ul>\n<p>[\/vc_column_text][\/vc_column][\/vc_row]<\/p>\n","protected":false},"excerpt":{"rendered":"<p>[vc_row content_width=&#8220;grid&#8220; triangle_shape=&#8220;no&#8220; css=&#8220;.vc_custom_1664732035358{padding-top: 60px !important;padding-bottom: 50px !important;}&#8220;][vc_column width=&#8220;1\/4&#8243;][vc_single_image image=&#8220;2709&#8243; img_size=&#8220;full&#8220; style=&#8220;vc_box_circle_2&#8243;][\/vc_column][vc_column width=&#8220;3\/4&#8243;][vc_column_text] Serpil Baltan \u00d6\u011f\u00fct\u00e7en absolvierte im 2001 die juristische Fakult\u00e4t an der Istanbul Universit\u00e4t und meldete sich zuerst an der Staatkammer Bursa, danach im 2010 an der Staatskammer Istanbul an. Sie machte ihr Praktikum an einer Anwaltskanzlei, das in dem Bereich Handelsrecht t\u00e4tig ist. Nachdem sie ihre Betriebserlaubnis bekommen hat, arbeitete sie vier Jahre an Privatbanken in der Abteilung rechtliche Betreibung, in dem Bereich Vollstreckungsrecht. Zwischen den Jahren 2010-2015 war sie an einem privaten Holding in den Bereichen Vertragsrecht, Immobilienrecht (Verstaatlichung, Schutzgebiete, Baurecht, Klagen wegen angemessene Verg\u00fctung und&#8230;<\/p>\n","protected":false},"author":1,"featured_media":0,"parent":4129,"menu_order":0,"comment_status":"closed","ping_status":"closed","template":"full-width.php","meta":{"footnotes":""},"class_list":["post-4372","page","type-page","status-publish","hentry"],"_links":{"self":[{"href":"https:\/\/demir.av.tr\/de\/wp-json\/wp\/v2\/pages\/4372","targetHints":{"allow":["GET"]}}],"collection":[{"href":"https:\/\/demir.av.tr\/de\/wp-json\/wp\/v2\/pages"}],"about":[{"href":"https:\/\/demir.av.tr\/de\/wp-json\/wp\/v2\/types\/page"}],"author":[{"embeddable":true,"href":"https:\/\/demir.av.tr\/de\/wp-json\/wp\/v2\/users\/1"}],"replies":[{"embeddable":true,"href":"https:\/\/demir.av.tr\/de\/wp-json\/wp\/v2\/comments?post=4372"}],"version-history":[{"count":2,"href":"https:\/\/demir.av.tr\/de\/wp-json\/wp\/v2\/pages\/4372\/revisions"}],"predecessor-version":[{"id":4412,"href":"https:\/\/demir.av.tr\/de\/wp-json\/wp\/v2\/pages\/4372\/revisions\/4412"}],"up":[{"embeddable":true,"href":"https:\/\/demir.av.tr\/de\/wp-json\/wp\/v2\/pages\/4129"}],"wp:attachment":[{"href":"https:\/\/demir.av.tr\/de\/wp-json\/wp\/v2\/media?parent=4372"}],"curies":[{"name":"wp","href":"https:\/\/api.w.org\/{rel}","templated":true}]}}