{"id":4374,"date":"2022-10-02T17:50:17","date_gmt":"2022-10-02T17:50:17","guid":{"rendered":"https:\/\/demir.av.tr\/ekibimiz\/av-yasemin-demir\/"},"modified":"2023-05-16T21:22:24","modified_gmt":"2023-05-16T21:22:24","slug":"ra-berk-yuece","status":"publish","type":"page","link":"https:\/\/demir.av.tr\/de\/ekibimiz\/ra-berk-yuece\/","title":{"rendered":"RA. Berk Y\u00dcCE"},"content":{"rendered":"<p>[vc_row content_width=&#8220;grid&#8220; triangle_shape=&#8220;no&#8220; css=&#8220;.vc_custom_1664732035358{padding-top: 60px !important;padding-bottom: 50px !important;}&#8220;][vc_column width=&#8220;1\/4&#8243;][vc_single_image image=&#8220;4662&#8243; img_size=&#8220;full&#8220; style=&#8220;vc_box_circle_2&#8243;][\/vc_column][vc_column width=&#8220;3\/4&#8243;][vc_column_text]<\/p>\n<p style=\"text-align: justify;\">Rechtsanwalt Berk Y\u00dcCE absolvierte im Jahr 2021 die juristische Fakult\u00e4t an der Maltepe Universit\u00e4t und meldete sich im selben Jahr an der Anwaltskammer Istanbul. Berk Y\u00fcce begann seine Karriere bei der Anwaltskanzlei Demir &amp; Partners und arbeitete auch w\u00e4hrend seines Studentenlebens als Praktikant bei der Anwaltskanzlei Demir &amp; Partners. Berk Y\u00fcce, der bereits im Studium begann, als Praktikant vollzeitig in der Markenabteilung t\u00e4tig zu sein, arbeitete nach seinem Referendariat im Bereich Markenrecht weiter. Nachdem er sein Rechtsreferendariat im Jahr 2022 abschloss, arbeitete er weiterhin als Rechtsanwalt in unserer Kanzlei. Neben dem Markenrecht ist er weiterhin in den Bereichen Gesellschaftsrecht, Arbeitsrecht, Handelsrecht, Familienrecht und Erbrecht t\u00e4tig. W\u00e4hrend seiner Studienzeit erhielt Berk Y\u00fcce Ausbildungen in den Bereichen Schutz geistiger und gewerblicher Rechte im Strafrecht, Markenrecht und Eigentumsrecht und verf\u00fcgt in diesem Zusammenhang \u00fcber international g\u00fcltige Zertifikate.<\/p>\n<p>[\/vc_column_text][\/vc_column][\/vc_row]<\/p>\n","protected":false},"excerpt":{"rendered":"<p>[vc_row content_width=&#8220;grid&#8220; triangle_shape=&#8220;no&#8220; css=&#8220;.vc_custom_1664732035358{padding-top: 60px !important;padding-bottom: 50px !important;}&#8220;][vc_column width=&#8220;1\/4&#8243;][vc_single_image image=&#8220;4662&#8243; img_size=&#8220;full&#8220; style=&#8220;vc_box_circle_2&#8243;][\/vc_column][vc_column width=&#8220;3\/4&#8243;][vc_column_text] Rechtsanwalt Berk Y\u00dcCE absolvierte im Jahr 2021 die juristische Fakult\u00e4t an der Maltepe Universit\u00e4t und meldete sich im selben Jahr an der Anwaltskammer Istanbul. Berk Y\u00fcce begann seine Karriere bei der Anwaltskanzlei Demir &amp; Partners und arbeitete auch w\u00e4hrend seines Studentenlebens als Praktikant bei der Anwaltskanzlei Demir &amp; Partners. Berk Y\u00fcce, der bereits im Studium begann, als Praktikant vollzeitig in der Markenabteilung t\u00e4tig zu sein, arbeitete nach seinem Referendariat im Bereich Markenrecht weiter. Nachdem er sein Rechtsreferendariat im Jahr 2022 abschloss, arbeitete er weiterhin als Rechtsanwalt in&#8230;<\/p>\n","protected":false},"author":1,"featured_media":0,"parent":4129,"menu_order":0,"comment_status":"closed","ping_status":"closed","template":"full-width.php","meta":{"footnotes":""},"class_list":["post-4374","page","type-page","status-publish","hentry"],"_links":{"self":[{"href":"https:\/\/demir.av.tr\/de\/wp-json\/wp\/v2\/pages\/4374","targetHints":{"allow":["GET"]}}],"collection":[{"href":"https:\/\/demir.av.tr\/de\/wp-json\/wp\/v2\/pages"}],"about":[{"href":"https:\/\/demir.av.tr\/de\/wp-json\/wp\/v2\/types\/page"}],"author":[{"embeddable":true,"href":"https:\/\/demir.av.tr\/de\/wp-json\/wp\/v2\/users\/1"}],"replies":[{"embeddable":true,"href":"https:\/\/demir.av.tr\/de\/wp-json\/wp\/v2\/comments?post=4374"}],"version-history":[{"count":4,"href":"https:\/\/demir.av.tr\/de\/wp-json\/wp\/v2\/pages\/4374\/revisions"}],"predecessor-version":[{"id":4706,"href":"https:\/\/demir.av.tr\/de\/wp-json\/wp\/v2\/pages\/4374\/revisions\/4706"}],"up":[{"embeddable":true,"href":"https:\/\/demir.av.tr\/de\/wp-json\/wp\/v2\/pages\/4129"}],"wp:attachment":[{"href":"https:\/\/demir.av.tr\/de\/wp-json\/wp\/v2\/media?parent=4374"}],"curies":[{"name":"wp","href":"https:\/\/api.w.org\/{rel}","templated":true}]}}