{"id":4376,"date":"2022-10-02T17:51:59","date_gmt":"2022-10-02T17:51:59","guid":{"rendered":"https:\/\/demir.av.tr\/ekibimiz\/sehriban-ince\/"},"modified":"2022-10-25T11:38:26","modified_gmt":"2022-10-25T11:38:26","slug":"sehriban-ince","status":"publish","type":"page","link":"https:\/\/demir.av.tr\/de\/ekibimiz\/sehriban-ince\/","title":{"rendered":"Assistent \u015eehriban \u0130nce"},"content":{"rendered":"<p>[vc_row content_width=&#8220;grid&#8220; triangle_shape=&#8220;no&#8220; css=&#8220;.vc_custom_1664732035358{padding-top: 60px !important;padding-bottom: 50px !important;}&#8220;][vc_column width=&#8220;1\/4&#8243;][vc_single_image image=&#8220;2983&#8243; img_size=&#8220;full&#8220; style=&#8220;vc_box_circle_2&#8243;][\/vc_column][vc_column width=&#8220;3\/4&#8243;][vc_column_text]Geboren 1977 in Friedberg\/Deutschland<br \/>\n1984-1991 Grund und Hauptschule in Izmir T\u00fcrkei<br \/>\n1991-1995 Realschulabschluss in Gesamtschule Hungen<br \/>\n1996-1999 Ausbildung als Medizinische Fachangestellte in Kaufm\u00e4nnische Berufschule in Bad Nauheim<br \/>\n1996-2016 Arbeitete sie in der Diabetes Klinik in Bad Nauheim<br \/>\n2013-2016 Arbeitete sie als Diabetesassistentin in Bad Nauheim<br \/>\n2018-2019 Als Executive Asistant in einer Baufirma in Istanbul<\/p>\n<p>Seit Januar 2020 ist \u015eehriban \u0130nce als Assistent in unserem Unternehmen t\u00e4tig. Sie spricht T\u00fcrkisch und Deutsch als Muttersprache und Englisch mittelmaessig.[\/vc_column_text][\/vc_column][\/vc_row]<\/p>\n","protected":false},"excerpt":{"rendered":"<p>[vc_row content_width=&#8220;grid&#8220; triangle_shape=&#8220;no&#8220; css=&#8220;.vc_custom_1664732035358{padding-top: 60px !important;padding-bottom: 50px !important;}&#8220;][vc_column width=&#8220;1\/4&#8243;][vc_single_image image=&#8220;2983&#8243; img_size=&#8220;full&#8220; style=&#8220;vc_box_circle_2&#8243;][\/vc_column][vc_column width=&#8220;3\/4&#8243;][vc_column_text]Geboren 1977 in Friedberg\/Deutschland 1984-1991 Grund und Hauptschule in Izmir T\u00fcrkei 1991-1995 Realschulabschluss in Gesamtschule Hungen 1996-1999 Ausbildung als Medizinische Fachangestellte in Kaufm\u00e4nnische Berufschule in Bad Nauheim 1996-2016 Arbeitete sie in der Diabetes Klinik in Bad Nauheim 2013-2016 Arbeitete sie als Diabetesassistentin in Bad Nauheim 2018-2019 Als Executive Asistant in einer Baufirma in Istanbul Seit Januar 2020 ist \u015eehriban \u0130nce als Assistent in unserem Unternehmen t\u00e4tig. Sie spricht T\u00fcrkisch und Deutsch als Muttersprache und Englisch mittelmaessig.[\/vc_column_text][\/vc_column][\/vc_row]<\/p>\n","protected":false},"author":1,"featured_media":0,"parent":4129,"menu_order":0,"comment_status":"closed","ping_status":"closed","template":"full-width.php","meta":{"footnotes":""},"class_list":["post-4376","page","type-page","status-publish","hentry"],"_links":{"self":[{"href":"https:\/\/demir.av.tr\/de\/wp-json\/wp\/v2\/pages\/4376","targetHints":{"allow":["GET"]}}],"collection":[{"href":"https:\/\/demir.av.tr\/de\/wp-json\/wp\/v2\/pages"}],"about":[{"href":"https:\/\/demir.av.tr\/de\/wp-json\/wp\/v2\/types\/page"}],"author":[{"embeddable":true,"href":"https:\/\/demir.av.tr\/de\/wp-json\/wp\/v2\/users\/1"}],"replies":[{"embeddable":true,"href":"https:\/\/demir.av.tr\/de\/wp-json\/wp\/v2\/comments?post=4376"}],"version-history":[{"count":2,"href":"https:\/\/demir.av.tr\/de\/wp-json\/wp\/v2\/pages\/4376\/revisions"}],"predecessor-version":[{"id":4416,"href":"https:\/\/demir.av.tr\/de\/wp-json\/wp\/v2\/pages\/4376\/revisions\/4416"}],"up":[{"embeddable":true,"href":"https:\/\/demir.av.tr\/de\/wp-json\/wp\/v2\/pages\/4129"}],"wp:attachment":[{"href":"https:\/\/demir.av.tr\/de\/wp-json\/wp\/v2\/media?parent=4376"}],"curies":[{"name":"wp","href":"https:\/\/api.w.org\/{rel}","templated":true}]}}