{"id":4420,"date":"2022-10-25T11:51:45","date_gmt":"2022-10-25T11:51:45","guid":{"rendered":"https:\/\/demir.av.tr\/?page_id=4420"},"modified":"2023-05-15T19:07:05","modified_gmt":"2023-05-15T19:07:05","slug":"ra-abdullah-resul-demir","status":"publish","type":"page","link":"https:\/\/demir.av.tr\/de\/ekibimiz\/ra-abdullah-resul-demir\/","title":{"rendered":"RA. Abdullah Resul DEM\u0130R"},"content":{"rendered":"<p>[vc_row content_width=&#8220;grid&#8220; triangle_shape=&#8220;no&#8220; css=&#8220;.vc_custom_1664732035358{padding-top: 60px !important;padding-bottom: 50px !important;}&#8220;][vc_column width=&#8220;1\/4&#8243;][vc_single_image image=&#8220;4546&#8243; img_size=&#8220;full&#8220; style=&#8220;vc_box_circle_2&#8243;][\/vc_column][vc_column width=&#8220;3\/4&#8243;][vc_column_text]<\/p>\n<p style=\"text-align: justify;\">Abdullah Resul Demir absolvierte im Jahr 2004 das Gymnasium Yusuf Kalkavan und im Jahr 2009 die juristische Fakult\u00e4t der Maltepe Universit\u00e4t. Danach schloss er sein Magister im Bereich internationales Handelsrecht im Jahr 2011 an der Universit\u00e4t Bournemouth ab.<\/p>\n<p>&nbsp;<\/p>\n<p>Abdullah Resul Demir ist insbesondere in folgenden Bereichen t\u00e4tig;<\/p>\n<p>&nbsp;<\/p>\n<p style=\"text-align: justify;\">M\u00fcndliche und schriftliche juristische Beratung von Gesellschaften und Mandanten; Erstellung von Vertr\u00e4gen; Pr\u00fcfung und Auslegung von Vertr\u00e4gen; Ausf\u00fchrung von Versammlungen im Namen der Mandanten; Gr\u00fcndung von Aktiengesellschaften und Gesellschaften mit beschr\u00e4nkter Haftung inklusive der Vorbereitungen f\u00fcr die Ausfertigung von Satzungen; \u00c4nderungen an diesen Satzungen, Durchf\u00fchrung von Gesch\u00e4ften hinsichtlich von Generalversammlungen, die \u00dcbernahme, Abtretung und Registrierung der Gesch\u00e4ftsanteile, die Ausf\u00fchrung von Transaktionen in Bezug auf das Gesellschaftsrecht wie die \u00c4nderung der Unternehmensart, die Fusion oder die \u00dcbernahme der Gesellschaft.<\/p>\n<p>&nbsp;<\/p>\n<p style=\"text-align: justify;\">Die Verfolgung von Straf- und Zivilverfahren insbesondere im Bereich Markenrecht im Rahmen der Besch\u00fctzung der geistigen Eigentumsrechte, Nichtigkeit der Marken, die Feststellung und Verhinderung von Verst\u00f6\u00dfen gegen Markenrechte, materielle und immaterielle Schadenersatzklagen aufgrund dieser Verst\u00f6\u00dfe, Beschlagnahme der die den Gegenstand der Verst\u00f6\u00dfe bildenden Produkte mittels einstweiliger Verf\u00fcgung beim Zoll und anderen amtlichen Beh\u00f6rden Einreichung von Anklageschriften an die Staatsanwaltschaft und Ausf\u00fchren der Aktionen hinsichtlich von Durchsuchungsanordnungen wegen Verletzung von Markenrechten, Verfolgung von aufgrund der Verletzung von Markenrechten eingeleiteten Strafprozesse; Beschlagnahme gef\u00e4lschter G\u00fcter; Klagen gegen die L\u00f6schung von Handelsnamen in Bezug auf Markenverletzungen; Durchf\u00fchrung von Ma\u00dfnahmen zur Verhinderung des Zugriffs auf Internet-Domainnamen, die eine Markenverletzung verursachen.<\/p>\n<p>&nbsp;<\/p>\n<p style=\"text-align: justify;\">Ausfertigung von Mietvertr\u00e4gen f\u00fcr Immobilien der Mandanten, insbesondere Arbeitspl\u00e4tzen; Durchf\u00fchrung von dem Mietrecht spezifischen Vollstreckungsverfahren f\u00fcr die Einziehung der Mietpreise, Entleerungen von Immobilien<\/p>\n<p>&nbsp;<\/p>\n<p style=\"text-align: justify;\">Beteiligung an Klagen zur Aufschiebung des Konkursverfahrens als Nebenkl\u00e4ger im Namen der Gl\u00e4ubiger, insbesondere der Eigent\u00fcmer von vermieteten Immobilien sowie der Schutz von Mandantenrechten durch Verfolgung dieser Klagen<\/p>\n<p>&nbsp;<\/p>\n<p style=\"text-align: justify;\">Durchf\u00fchrung der Gesch\u00e4fte hinsichtlich von einvernehmlichen und strittigen Scheidungsklagen im Familienrecht sowie der Gesch\u00e4fte zur Liquidation von G\u00fcterst\u00e4nden<\/p>\n<p>[\/vc_column_text][\/vc_column][\/vc_row]<\/p>\n","protected":false},"excerpt":{"rendered":"<p>[vc_row content_width=&#8220;grid&#8220; triangle_shape=&#8220;no&#8220; css=&#8220;.vc_custom_1664732035358{padding-top: 60px !important;padding-bottom: 50px !important;}&#8220;][vc_column width=&#8220;1\/4&#8243;][vc_single_image image=&#8220;4546&#8243; img_size=&#8220;full&#8220; style=&#8220;vc_box_circle_2&#8243;][\/vc_column][vc_column width=&#8220;3\/4&#8243;][vc_column_text] Abdullah Resul Demir absolvierte im Jahr 2004 das Gymnasium Yusuf Kalkavan und im Jahr 2009 die juristische Fakult\u00e4t der Maltepe Universit\u00e4t. Danach schloss er sein Magister im Bereich internationales Handelsrecht im Jahr 2011 an der Universit\u00e4t Bournemouth ab. &nbsp; Abdullah Resul Demir ist insbesondere in folgenden Bereichen t\u00e4tig; &nbsp; M\u00fcndliche und schriftliche juristische Beratung von Gesellschaften und Mandanten; Erstellung von Vertr\u00e4gen; Pr\u00fcfung und Auslegung von Vertr\u00e4gen; Ausf\u00fchrung von Versammlungen im Namen der Mandanten; Gr\u00fcndung von Aktiengesellschaften und Gesellschaften mit beschr\u00e4nkter Haftung inklusive der Vorbereitungen f\u00fcr die Ausfertigung&#8230;<\/p>\n","protected":false},"author":1,"featured_media":4546,"parent":4129,"menu_order":0,"comment_status":"closed","ping_status":"closed","template":"full-width.php","meta":{"footnotes":""},"class_list":["post-4420","page","type-page","status-publish","has-post-thumbnail","hentry"],"_links":{"self":[{"href":"https:\/\/demir.av.tr\/de\/wp-json\/wp\/v2\/pages\/4420","targetHints":{"allow":["GET"]}}],"collection":[{"href":"https:\/\/demir.av.tr\/de\/wp-json\/wp\/v2\/pages"}],"about":[{"href":"https:\/\/demir.av.tr\/de\/wp-json\/wp\/v2\/types\/page"}],"author":[{"embeddable":true,"href":"https:\/\/demir.av.tr\/de\/wp-json\/wp\/v2\/users\/1"}],"replies":[{"embeddable":true,"href":"https:\/\/demir.av.tr\/de\/wp-json\/wp\/v2\/comments?post=4420"}],"version-history":[{"count":3,"href":"https:\/\/demir.av.tr\/de\/wp-json\/wp\/v2\/pages\/4420\/revisions"}],"predecessor-version":[{"id":4556,"href":"https:\/\/demir.av.tr\/de\/wp-json\/wp\/v2\/pages\/4420\/revisions\/4556"}],"up":[{"embeddable":true,"href":"https:\/\/demir.av.tr\/de\/wp-json\/wp\/v2\/pages\/4129"}],"wp:featuredmedia":[{"embeddable":true,"href":"https:\/\/demir.av.tr\/de\/wp-json\/wp\/v2\/media\/4546"}],"wp:attachment":[{"href":"https:\/\/demir.av.tr\/de\/wp-json\/wp\/v2\/media?parent=4420"}],"curies":[{"name":"wp","href":"https:\/\/api.w.org\/{rel}","templated":true}]}}