{"id":4704,"date":"2023-05-16T21:20:23","date_gmt":"2023-05-16T21:20:23","guid":{"rendered":"https:\/\/demir.av.tr\/?page_id=4704"},"modified":"2023-05-16T21:26:28","modified_gmt":"2023-05-16T21:26:28","slug":"ra-nida-atli","status":"publish","type":"page","link":"https:\/\/demir.av.tr\/de\/ekibimiz\/ra-nida-atli\/","title":{"rendered":"RA. Nida ATLI"},"content":{"rendered":"<p>[vc_row content_width=&#8220;grid&#8220; triangle_shape=&#8220;no&#8220; css=&#8220;.vc_custom_1664732035358{padding-top: 60px !important;padding-bottom: 50px !important;}&#8220;][vc_column width=&#8220;1\/4&#8243;][vc_single_image image=&#8220;4665&#8243; img_size=&#8220;full&#8220; style=&#8220;vc_box_circle_2&#8243;][\/vc_column][vc_column width=&#8220;3\/4&#8243;][vc_column_text]<\/p>\n<p style=\"text-align: justify;\">Rechtsanw\u00e4ltin Nida ATLI absolvierte im Jahr 2021 die juristische Fakult\u00e4t an der Bilgi Universit\u00e4t und meldete sich im selben Jahr an der Anwaltskammer Istanbul. Im Jahr 2019 sammelte sie w\u00e4hrend ihres Sommerpraktikums Erfahrung als Inhouse-Jurist. Sie begann ihr Rechtsreferendariat in der Markenrechtsabteilung der Anwaltskanzlei Demir &amp; Partners und ist weiterhin in den Bereichen Markenrecht, Arbeitsrecht, Strafrecht, Verbraucher- und Handelsrecht t\u00e4tig. Sie spricht flie\u00dfend Englisch.<\/p>\n<p>[\/vc_column_text][\/vc_column][\/vc_row]<\/p>\n","protected":false},"excerpt":{"rendered":"<p>[vc_row content_width=&#8220;grid&#8220; triangle_shape=&#8220;no&#8220; css=&#8220;.vc_custom_1664732035358{padding-top: 60px !important;padding-bottom: 50px !important;}&#8220;][vc_column width=&#8220;1\/4&#8243;][vc_single_image image=&#8220;4665&#8243; img_size=&#8220;full&#8220; style=&#8220;vc_box_circle_2&#8243;][\/vc_column][vc_column width=&#8220;3\/4&#8243;][vc_column_text] Rechtsanw\u00e4ltin Nida ATLI absolvierte im Jahr 2021 die juristische Fakult\u00e4t an der Bilgi Universit\u00e4t und meldete sich im selben Jahr an der Anwaltskammer Istanbul. Im Jahr 2019 sammelte sie w\u00e4hrend ihres Sommerpraktikums Erfahrung als Inhouse-Jurist. Sie begann ihr Rechtsreferendariat in der Markenrechtsabteilung der Anwaltskanzlei Demir &amp; Partners und ist weiterhin in den Bereichen Markenrecht, Arbeitsrecht, Strafrecht, Verbraucher- und Handelsrecht t\u00e4tig. Sie spricht flie\u00dfend Englisch. [\/vc_column_text][\/vc_column][\/vc_row]<\/p>\n","protected":false},"author":1,"featured_media":0,"parent":4129,"menu_order":0,"comment_status":"closed","ping_status":"closed","template":"full-width.php","meta":{"footnotes":""},"class_list":["post-4704","page","type-page","status-publish","hentry"],"_links":{"self":[{"href":"https:\/\/demir.av.tr\/de\/wp-json\/wp\/v2\/pages\/4704","targetHints":{"allow":["GET"]}}],"collection":[{"href":"https:\/\/demir.av.tr\/de\/wp-json\/wp\/v2\/pages"}],"about":[{"href":"https:\/\/demir.av.tr\/de\/wp-json\/wp\/v2\/types\/page"}],"author":[{"embeddable":true,"href":"https:\/\/demir.av.tr\/de\/wp-json\/wp\/v2\/users\/1"}],"replies":[{"embeddable":true,"href":"https:\/\/demir.av.tr\/de\/wp-json\/wp\/v2\/comments?post=4704"}],"version-history":[{"count":1,"href":"https:\/\/demir.av.tr\/de\/wp-json\/wp\/v2\/pages\/4704\/revisions"}],"predecessor-version":[{"id":4711,"href":"https:\/\/demir.av.tr\/de\/wp-json\/wp\/v2\/pages\/4704\/revisions\/4711"}],"up":[{"embeddable":true,"href":"https:\/\/demir.av.tr\/de\/wp-json\/wp\/v2\/pages\/4129"}],"wp:attachment":[{"href":"https:\/\/demir.av.tr\/de\/wp-json\/wp\/v2\/media?parent=4704"}],"curies":[{"name":"wp","href":"https:\/\/api.w.org\/{rel}","templated":true}]}}