{"id":4733,"date":"2023-05-16T21:43:50","date_gmt":"2023-05-16T21:43:50","guid":{"rendered":"https:\/\/demir.av.tr\/?page_id=4733"},"modified":"2024-12-07T11:17:21","modified_gmt":"2024-12-07T11:17:21","slug":"isil-karadayi","status":"publish","type":"page","link":"https:\/\/demir.av.tr\/de\/ekibimiz\/isil-karadayi\/","title":{"rendered":"I\u015f\u0131l KARADAYI"},"content":{"rendered":"<p>[vc_row content_width=&#8220;grid&#8220; triangle_shape=&#8220;no&#8220; css=&#8220;.vc_custom_1664732035358{padding-top: 60px !important;padding-bottom: 50px !important;}&#8220;][vc_column width=&#8220;1\/4&#8243;][vc_single_image image=&#8220;4677&#8243; img_size=&#8220;full&#8220; style=&#8220;vc_box_circle_2&#8243;][\/vc_column][vc_column width=&#8220;3\/4&#8243;][vc_column_text]Ra\u0130n. I\u015f\u0131l Karaday\u0131 hat im Jahr 2019 ihr Studium am Istanbul Erkek Lisesi abgeschlossen und im selben Jahr ihr Studium an der juristischen Fakult\u00e4t der Universit\u00e4t Istanbul begonnen. Im Jahr 2020 hat sie ihr Doppelstudium an der Fakult\u00e4t f\u00fcr Politikwissenschaften der Universit\u00e4t Istanbul, Abteilung f\u00fcr Betriebswirtschaft, begonnen.<\/p>\n<p>Im Jahr 2023 hat Ra\u0130n. I\u015f\u0131l Karaday\u0131 ihr Studium an der juristischen Fakult\u00e4t der Universit\u00e4t Istanbul mit Auszeichnung abgeschlossen und wurde noch im selben Jahr in die Istanbuler Anwaltskammer aufgenommen. Ra\u0130n. I\u015f\u0131l Karaday\u0131 hat ihr Rechtsreferendariat in der Anwaltskanzlei Demir absolviert und setzt ihre Karriere als Rechtsanw\u00e4ltin in der Kanzlei Demir &amp; Partners fort.<\/p>\n<p>Ra\u0130n. I\u015f\u0131l Karaday\u0131 arbeitet haupts\u00e4chlich in den Bereichen Arbeitsrecht, Erbrecht, Familienrecht, Handelsrecht vor allem auf dem Gebiet des Transportrechts, und ber\u00e4t in- und ausl\u00e4ndische Unternehmen, die in diesen Bereichen t\u00e4tig sind.<\/p>\n<p>Ra\u0130n. I\u015f\u0131l Karaday\u0131 spricht Deutsch auf muttersprachlichem Niveau und Englisch auf mittlerem Niveau.[\/vc_column_text][\/vc_column][\/vc_row]<\/p>\n","protected":false},"excerpt":{"rendered":"<p>[vc_row content_width=&#8220;grid&#8220; triangle_shape=&#8220;no&#8220; css=&#8220;.vc_custom_1664732035358{padding-top: 60px !important;padding-bottom: 50px !important;}&#8220;][vc_column width=&#8220;1\/4&#8243;][vc_single_image image=&#8220;4677&#8243; img_size=&#8220;full&#8220; style=&#8220;vc_box_circle_2&#8243;][\/vc_column][vc_column width=&#8220;3\/4&#8243;][vc_column_text]Ra\u0130n. I\u015f\u0131l Karaday\u0131 hat im Jahr 2019 ihr Studium am Istanbul Erkek Lisesi abgeschlossen und im selben Jahr ihr Studium an der juristischen Fakult\u00e4t der Universit\u00e4t Istanbul begonnen. Im Jahr 2020 hat sie ihr Doppelstudium an der Fakult\u00e4t f\u00fcr Politikwissenschaften der Universit\u00e4t Istanbul, Abteilung f\u00fcr Betriebswirtschaft, begonnen. Im Jahr 2023 hat Ra\u0130n. I\u015f\u0131l Karaday\u0131 ihr Studium an der juristischen Fakult\u00e4t der Universit\u00e4t Istanbul mit Auszeichnung abgeschlossen und wurde noch im selben Jahr in die Istanbuler Anwaltskammer aufgenommen. Ra\u0130n. I\u015f\u0131l Karaday\u0131 hat ihr Rechtsreferendariat in der Anwaltskanzlei Demir absolviert&#8230;<\/p>\n","protected":false},"author":1,"featured_media":0,"parent":4129,"menu_order":0,"comment_status":"closed","ping_status":"closed","template":"full-width.php","meta":{"footnotes":""},"class_list":["post-4733","page","type-page","status-publish","hentry"],"_links":{"self":[{"href":"https:\/\/demir.av.tr\/de\/wp-json\/wp\/v2\/pages\/4733","targetHints":{"allow":["GET"]}}],"collection":[{"href":"https:\/\/demir.av.tr\/de\/wp-json\/wp\/v2\/pages"}],"about":[{"href":"https:\/\/demir.av.tr\/de\/wp-json\/wp\/v2\/types\/page"}],"author":[{"embeddable":true,"href":"https:\/\/demir.av.tr\/de\/wp-json\/wp\/v2\/users\/1"}],"replies":[{"embeddable":true,"href":"https:\/\/demir.av.tr\/de\/wp-json\/wp\/v2\/comments?post=4733"}],"version-history":[{"count":2,"href":"https:\/\/demir.av.tr\/de\/wp-json\/wp\/v2\/pages\/4733\/revisions"}],"predecessor-version":[{"id":4933,"href":"https:\/\/demir.av.tr\/de\/wp-json\/wp\/v2\/pages\/4733\/revisions\/4933"}],"up":[{"embeddable":true,"href":"https:\/\/demir.av.tr\/de\/wp-json\/wp\/v2\/pages\/4129"}],"wp:attachment":[{"href":"https:\/\/demir.av.tr\/de\/wp-json\/wp\/v2\/media?parent=4733"}],"curies":[{"name":"wp","href":"https:\/\/api.w.org\/{rel}","templated":true}]}}