{"id":4762,"date":"2023-06-05T20:50:56","date_gmt":"2023-06-05T20:50:56","guid":{"rendered":"https:\/\/demir.av.tr\/?page_id=4762"},"modified":"2023-06-05T20:56:27","modified_gmt":"2023-06-05T20:56:27","slug":"ra-burcak-copuroglu","status":"publish","type":"page","link":"https:\/\/demir.av.tr\/de\/ekibimiz\/ra-burcak-copuroglu\/","title":{"rendered":"RA. Bur\u00e7ak \u00c7OPURO\u011eLU"},"content":{"rendered":"<p>[vc_row content_width=&#8220;grid&#8220; triangle_shape=&#8220;no&#8220; css=&#8220;.vc_custom_1664732035358{padding-top: 60px !important;padding-bottom: 50px !important;}&#8220;][vc_column width=&#8220;1\/4&#8243;][vc_single_image image=&#8220;4765&#8243; img_size=&#8220;full&#8220; style=&#8220;vc_box_circle_2&#8243;][\/vc_column][vc_column width=&#8220;3\/4&#8243;][vc_column_text]<\/p>\n<p style=\"text-align: justify;\">Ra. Bur\u00e7ak \u00c7opuro\u011flu schloss im Jahr 2009 ihr Studium an der juristischen Fakult\u00e4t der \u0130stanbul Ticaret Universit\u00e4t ab. Ihr Referendariat absolvierte sie in einer haupts\u00e4chlich in den Bereichen Erbrecht und Arbeitsrecht t\u00e4tigen Anwaltskanzlei. Sie f\u00fchrte ihr Berufsleben f\u00fcr eine lange Zeit als gesch\u00e4ftsf\u00fchrende Anw\u00e4ltin in einer der f\u00fchrenden Anwaltskanzleien der T\u00fcrkei weiter und setzt ihre Anwaltskarriere bei Demir &amp; Partners fort.<\/p>\n<p>&nbsp;<\/p>\n<p style=\"text-align: justify;\">Im Jahr 2014 schloss sie ihr Masterstudium im Gesundheitsrecht an der Universit\u00e4t Medipol ab und setzte ihre Doktorandenausbildung im Gesundheitsrecht an der Universit\u00e4t Medipol fort. Sie war au\u00dferdem Mitglied des Ethikrats der Fakult\u00e4t f\u00fcr Zahnmedizin der Marmara-Universit\u00e4t und f\u00fchrt weiterhin T\u00e4tigkeiten als Mitglied des Ethikrats des Krankenhauses Metin Sabanc\u0131 Baltaliman\u0131 Kemik Hastal\u0131klar\u0131 E\u011fitim ve Ara\u015ft\u0131rma Hastanesi fort.<\/p>\n<p>&nbsp;<\/p>\n<p style=\"text-align: justify;\">Sie ist haupts\u00e4chlich in den Bereichen Gesundheitsrecht, Erbrecht, Handelsrecht, Recht des geistigen und gewerblichen Eigentums, Familienrecht, Arbeitsrecht, Vollstreckungs- und Insolvenzrecht t\u00e4tig.<\/p>\n<p>[\/vc_column_text][\/vc_column][\/vc_row]<\/p>\n","protected":false},"excerpt":{"rendered":"<p>[vc_row content_width=&#8220;grid&#8220; triangle_shape=&#8220;no&#8220; css=&#8220;.vc_custom_1664732035358{padding-top: 60px !important;padding-bottom: 50px !important;}&#8220;][vc_column width=&#8220;1\/4&#8243;][vc_single_image image=&#8220;4765&#8243; img_size=&#8220;full&#8220; style=&#8220;vc_box_circle_2&#8243;][\/vc_column][vc_column width=&#8220;3\/4&#8243;][vc_column_text] Ra. Bur\u00e7ak \u00c7opuro\u011flu schloss im Jahr 2009 ihr Studium an der juristischen Fakult\u00e4t der \u0130stanbul Ticaret Universit\u00e4t ab. Ihr Referendariat absolvierte sie in einer haupts\u00e4chlich in den Bereichen Erbrecht und Arbeitsrecht t\u00e4tigen Anwaltskanzlei. Sie f\u00fchrte ihr Berufsleben f\u00fcr eine lange Zeit als gesch\u00e4ftsf\u00fchrende Anw\u00e4ltin in einer der f\u00fchrenden Anwaltskanzleien der T\u00fcrkei weiter und setzt ihre Anwaltskarriere bei Demir &amp; Partners fort. &nbsp; Im Jahr 2014 schloss sie ihr Masterstudium im Gesundheitsrecht an der Universit\u00e4t Medipol ab und setzte ihre Doktorandenausbildung im Gesundheitsrecht an der Universit\u00e4t Medipol fort&#8230;.<\/p>\n","protected":false},"author":1,"featured_media":0,"parent":4129,"menu_order":0,"comment_status":"closed","ping_status":"closed","template":"full-width.php","meta":{"footnotes":""},"class_list":["post-4762","page","type-page","status-publish","hentry"],"_links":{"self":[{"href":"https:\/\/demir.av.tr\/de\/wp-json\/wp\/v2\/pages\/4762","targetHints":{"allow":["GET"]}}],"collection":[{"href":"https:\/\/demir.av.tr\/de\/wp-json\/wp\/v2\/pages"}],"about":[{"href":"https:\/\/demir.av.tr\/de\/wp-json\/wp\/v2\/types\/page"}],"author":[{"embeddable":true,"href":"https:\/\/demir.av.tr\/de\/wp-json\/wp\/v2\/users\/1"}],"replies":[{"embeddable":true,"href":"https:\/\/demir.av.tr\/de\/wp-json\/wp\/v2\/comments?post=4762"}],"version-history":[{"count":1,"href":"https:\/\/demir.av.tr\/de\/wp-json\/wp\/v2\/pages\/4762\/revisions"}],"predecessor-version":[{"id":4771,"href":"https:\/\/demir.av.tr\/de\/wp-json\/wp\/v2\/pages\/4762\/revisions\/4771"}],"up":[{"embeddable":true,"href":"https:\/\/demir.av.tr\/de\/wp-json\/wp\/v2\/pages\/4129"}],"wp:attachment":[{"href":"https:\/\/demir.av.tr\/de\/wp-json\/wp\/v2\/media?parent=4762"}],"curies":[{"name":"wp","href":"https:\/\/api.w.org\/{rel}","templated":true}]}}