{"id":4898,"date":"2024-02-19T18:52:56","date_gmt":"2024-02-19T18:52:56","guid":{"rendered":"https:\/\/demir.av.tr\/?page_id=4898"},"modified":"2024-12-07T11:11:12","modified_gmt":"2024-12-07T11:11:12","slug":"ra-izel-erol","status":"publish","type":"page","link":"https:\/\/demir.av.tr\/de\/ekibimiz\/ra-izel-erol\/","title":{"rendered":"RA. \u0130zel EROL"},"content":{"rendered":"<p>[vc_row content_width=&#8220;grid&#8220; triangle_shape=&#8220;no&#8220; css=&#8220;.vc_custom_1664732035358{padding-top: 60px !important;padding-bottom: 50px !important;}&#8220;][vc_column width=&#8220;1\/4&#8243;][vc_single_image image=&#8220;4921&#8243; img_size=&#8220;full&#8220; style=&#8220;vc_box_circle_2&#8243;][\/vc_column][vc_column width=&#8220;3\/4&#8243;][vc_column_text]<\/p>\n<p style=\"text-align: justify;\">Ra. \u0130zel EROL schloss im Jahr 2021 ihr Studium an der juristischen Fakult\u00e4t der Marmara-Universit\u00e4t ab und wurde im selben Jahr in die Anwaltskammer Istanbul aufgenommen. W\u00e4hrend ihres Referendariats und ihres Berufslebens sammelte sie Erfahrungen in den Bereichen Datenschutzrecht, Arbeitsrecht und Handelsrecht. Ra. \u0130zel EROL arbeitet haupts\u00e4chlich in den Bereichen Handelsrecht, Recht der geistigen und gewerblichen Rechte, Familienrecht, Erbrecht, Arbeitsrecht und Datenschutzrecht und ber\u00e4t in- und ausl\u00e4ndische Unternehmen, die in diesen Bereichen t\u00e4tig sind. Sie kann Englisch sprechen.<\/p>\n<p>[\/vc_column_text][\/vc_column][\/vc_row]<\/p>\n","protected":false},"excerpt":{"rendered":"<p>[vc_row content_width=&#8220;grid&#8220; triangle_shape=&#8220;no&#8220; css=&#8220;.vc_custom_1664732035358{padding-top: 60px !important;padding-bottom: 50px !important;}&#8220;][vc_column width=&#8220;1\/4&#8243;][vc_single_image image=&#8220;4921&#8243; img_size=&#8220;full&#8220; style=&#8220;vc_box_circle_2&#8243;][\/vc_column][vc_column width=&#8220;3\/4&#8243;][vc_column_text] Ra. \u0130zel EROL schloss im Jahr 2021 ihr Studium an der juristischen Fakult\u00e4t der Marmara-Universit\u00e4t ab und wurde im selben Jahr in die Anwaltskammer Istanbul aufgenommen. W\u00e4hrend ihres Referendariats und ihres Berufslebens sammelte sie Erfahrungen in den Bereichen Datenschutzrecht, Arbeitsrecht und Handelsrecht. Ra. \u0130zel EROL arbeitet haupts\u00e4chlich in den Bereichen Handelsrecht, Recht der geistigen und gewerblichen Rechte, Familienrecht, Erbrecht, Arbeitsrecht und Datenschutzrecht und ber\u00e4t in- und ausl\u00e4ndische Unternehmen, die in diesen Bereichen t\u00e4tig sind. Sie kann Englisch sprechen. [\/vc_column_text][\/vc_column][\/vc_row]<\/p>\n","protected":false},"author":1,"featured_media":0,"parent":4129,"menu_order":0,"comment_status":"closed","ping_status":"closed","template":"full-width.php","meta":{"footnotes":""},"class_list":["post-4898","page","type-page","status-publish","hentry"],"_links":{"self":[{"href":"https:\/\/demir.av.tr\/de\/wp-json\/wp\/v2\/pages\/4898","targetHints":{"allow":["GET"]}}],"collection":[{"href":"https:\/\/demir.av.tr\/de\/wp-json\/wp\/v2\/pages"}],"about":[{"href":"https:\/\/demir.av.tr\/de\/wp-json\/wp\/v2\/types\/page"}],"author":[{"embeddable":true,"href":"https:\/\/demir.av.tr\/de\/wp-json\/wp\/v2\/users\/1"}],"replies":[{"embeddable":true,"href":"https:\/\/demir.av.tr\/de\/wp-json\/wp\/v2\/comments?post=4898"}],"version-history":[{"count":2,"href":"https:\/\/demir.av.tr\/de\/wp-json\/wp\/v2\/pages\/4898\/revisions"}],"predecessor-version":[{"id":4929,"href":"https:\/\/demir.av.tr\/de\/wp-json\/wp\/v2\/pages\/4898\/revisions\/4929"}],"up":[{"embeddable":true,"href":"https:\/\/demir.av.tr\/de\/wp-json\/wp\/v2\/pages\/4129"}],"wp:attachment":[{"href":"https:\/\/demir.av.tr\/de\/wp-json\/wp\/v2\/media?parent=4898"}],"curies":[{"name":"wp","href":"https:\/\/api.w.org\/{rel}","templated":true}]}}