{"id":4902,"date":"2024-02-19T18:54:16","date_gmt":"2024-02-19T18:54:16","guid":{"rendered":"https:\/\/demir.av.tr\/?page_id=4902"},"modified":"2024-02-19T21:14:30","modified_gmt":"2024-02-19T21:14:30","slug":"ra-mert-bilgi","status":"publish","type":"page","link":"https:\/\/demir.av.tr\/de\/ekibimiz\/ra-mert-bilgi\/","title":{"rendered":"RA. Mert B\u0130LG\u0130"},"content":{"rendered":"<p>[vc_row content_width=&#8220;grid&#8220; triangle_shape=&#8220;no&#8220; css=&#8220;.vc_custom_1664732035358{padding-top: 60px !important;padding-bottom: 50px !important;}&#8220;][vc_column width=&#8220;1\/4&#8243;][vc_single_image image=&#8220;4891&#8243; img_size=&#8220;full&#8220; style=&#8220;vc_box_circle_2&#8243;][\/vc_column][vc_column width=&#8220;3\/4&#8243;][vc_column_text]<\/p>\n<p style=\"text-align: justify;\">Ra. Mert B\u0130LG\u0130 schloss sein Studium an der juristischen Fakult\u00e4t der Universit\u00e4t Istanbul ab und absolvierte sein Referendariat bei der Anwaltskammer Istanbul. Seit Beginn seines Referendariats hat er in den Bereichen Land-, See-, Luft- und Schienenverkehr gearbeitet, insbesondere im Seehandelsrecht. Er setzt seine berufliche Laufbahn in der Anwaltskanzlei Demir &amp; Partners fort und studiert derzeit Internationales Handels- und Logistikmanagement an der Universit\u00e4t Istanbul. Er kann Englisch sprechen.<\/p>\n<p>[\/vc_column_text][\/vc_column][\/vc_row]<\/p>\n","protected":false},"excerpt":{"rendered":"<p>[vc_row content_width=&#8220;grid&#8220; triangle_shape=&#8220;no&#8220; css=&#8220;.vc_custom_1664732035358{padding-top: 60px !important;padding-bottom: 50px !important;}&#8220;][vc_column width=&#8220;1\/4&#8243;][vc_single_image image=&#8220;4891&#8243; img_size=&#8220;full&#8220; style=&#8220;vc_box_circle_2&#8243;][\/vc_column][vc_column width=&#8220;3\/4&#8243;][vc_column_text] Ra. Mert B\u0130LG\u0130 schloss sein Studium an der juristischen Fakult\u00e4t der Universit\u00e4t Istanbul ab und absolvierte sein Referendariat bei der Anwaltskammer Istanbul. Seit Beginn seines Referendariats hat er in den Bereichen Land-, See-, Luft- und Schienenverkehr gearbeitet, insbesondere im Seehandelsrecht. Er setzt seine berufliche Laufbahn in der Anwaltskanzlei Demir &amp; Partners fort und studiert derzeit Internationales Handels- und Logistikmanagement an der Universit\u00e4t Istanbul. Er kann Englisch sprechen. [\/vc_column_text][\/vc_column][\/vc_row]<\/p>\n","protected":false},"author":1,"featured_media":0,"parent":4129,"menu_order":0,"comment_status":"closed","ping_status":"closed","template":"full-width.php","meta":{"footnotes":""},"class_list":["post-4902","page","type-page","status-publish","hentry"],"_links":{"self":[{"href":"https:\/\/demir.av.tr\/de\/wp-json\/wp\/v2\/pages\/4902","targetHints":{"allow":["GET"]}}],"collection":[{"href":"https:\/\/demir.av.tr\/de\/wp-json\/wp\/v2\/pages"}],"about":[{"href":"https:\/\/demir.av.tr\/de\/wp-json\/wp\/v2\/types\/page"}],"author":[{"embeddable":true,"href":"https:\/\/demir.av.tr\/de\/wp-json\/wp\/v2\/users\/1"}],"replies":[{"embeddable":true,"href":"https:\/\/demir.av.tr\/de\/wp-json\/wp\/v2\/comments?post=4902"}],"version-history":[{"count":1,"href":"https:\/\/demir.av.tr\/de\/wp-json\/wp\/v2\/pages\/4902\/revisions"}],"predecessor-version":[{"id":4907,"href":"https:\/\/demir.av.tr\/de\/wp-json\/wp\/v2\/pages\/4902\/revisions\/4907"}],"up":[{"embeddable":true,"href":"https:\/\/demir.av.tr\/de\/wp-json\/wp\/v2\/pages\/4129"}],"wp:attachment":[{"href":"https:\/\/demir.av.tr\/de\/wp-json\/wp\/v2\/media?parent=4902"}],"curies":[{"name":"wp","href":"https:\/\/api.w.org\/{rel}","templated":true}]}}