{"id":4943,"date":"2024-12-07T11:36:09","date_gmt":"2024-12-07T11:36:09","guid":{"rendered":"https:\/\/demir.av.tr\/?page_id=4943"},"modified":"2024-12-16T13:45:11","modified_gmt":"2024-12-16T13:45:11","slug":"ra-busenur-basbilen","status":"publish","type":"page","link":"https:\/\/demir.av.tr\/de\/ekibimiz\/ra-busenur-basbilen\/","title":{"rendered":"RA. Bu\u011fsenur BA\u015eB\u0130LEN"},"content":{"rendered":"<p>[vc_row content_width=&#8220;grid&#8220; triangle_shape=&#8220;no&#8220; css=&#8220;.vc_custom_1664732035358{padding-top: 60px !important;padding-bottom: 50px !important;}&#8220;][vc_column width=&#8220;1\/4&#8243;][vc_single_image image=&#8220;4776&#8243; img_size=&#8220;full&#8220; style=&#8220;vc_box_circle_2&#8243;][\/vc_column][vc_column width=&#8220;3\/4&#8243;][vc_column_text]Rechtsanw\u00e4ltin Bu\u011fsenur Ba\u015fbilen schloss ihr Studium an der juristischen Fakult\u00e4t der Marmara Universit\u00e4t im Jahr 2023 ab. W\u00e4hrend ihres Studiums entwickelte sie eine erfolgreiche Karriere in den Bereichen Mediation und Schiedsgerichtsbarkeit, insbesondere durch die Teilnahme am GTAY-Wettbewerb des Istanbul Arbitration Zentrum, bei dem sie mit ihrem Team den dritten Platz in der T\u00fcrkei belegte. Dar\u00fcber hinaus sammelte sie internationale Erfahrung durch die Teilnahme am ICC (International Chamber of Commerce) International Commercial Mediation Competition.<\/p>\n<p>Ra\u0130n. Bu\u011fsenur Ba\u015fbilen hat ihr Rechtsreferendariat im Jahr 2023 in der Anwaltskanzlei Demir absolviert und setzt ihre Karriere als Rechtsanw\u00e4ltin in der Kanzlei Demir &amp; Partners fort.<\/p>\n<p>Ra\u0130n. Bu\u011fsenur Ba\u015fbilen arbeitet haupts\u00e4chlich in den Bereichen Gewerblicher Rechtsschutz, Arbeitsrecht, Handelsrecht Erbrecht,\u00a0 Familienrecht, und ber\u00e4t in- und ausl\u00e4ndische Unternehmen, die in diesen Bereichen t\u00e4tig sind.[\/vc_column_text][\/vc_column][\/vc_row]<\/p>\n","protected":false},"excerpt":{"rendered":"<p>[vc_row content_width=&#8220;grid&#8220; triangle_shape=&#8220;no&#8220; css=&#8220;.vc_custom_1664732035358{padding-top: 60px !important;padding-bottom: 50px !important;}&#8220;][vc_column width=&#8220;1\/4&#8243;][vc_single_image image=&#8220;4776&#8243; img_size=&#8220;full&#8220; style=&#8220;vc_box_circle_2&#8243;][\/vc_column][vc_column width=&#8220;3\/4&#8243;][vc_column_text]Rechtsanw\u00e4ltin Bu\u011fsenur Ba\u015fbilen schloss ihr Studium an der juristischen Fakult\u00e4t der Marmara Universit\u00e4t im Jahr 2023 ab. W\u00e4hrend ihres Studiums entwickelte sie eine erfolgreiche Karriere in den Bereichen Mediation und Schiedsgerichtsbarkeit, insbesondere durch die Teilnahme am GTAY-Wettbewerb des Istanbul Arbitration Zentrum, bei dem sie mit ihrem Team den dritten Platz in der T\u00fcrkei belegte. Dar\u00fcber hinaus sammelte sie internationale Erfahrung durch die Teilnahme am ICC (International Chamber of Commerce) International Commercial Mediation Competition. Ra\u0130n. Bu\u011fsenur Ba\u015fbilen hat ihr Rechtsreferendariat im Jahr 2023 in der Anwaltskanzlei Demir absolviert und&#8230;<\/p>\n","protected":false},"author":5,"featured_media":0,"parent":4129,"menu_order":0,"comment_status":"closed","ping_status":"closed","template":"full-width.php","meta":{"footnotes":""},"class_list":["post-4943","page","type-page","status-publish","hentry"],"_links":{"self":[{"href":"https:\/\/demir.av.tr\/de\/wp-json\/wp\/v2\/pages\/4943","targetHints":{"allow":["GET"]}}],"collection":[{"href":"https:\/\/demir.av.tr\/de\/wp-json\/wp\/v2\/pages"}],"about":[{"href":"https:\/\/demir.av.tr\/de\/wp-json\/wp\/v2\/types\/page"}],"author":[{"embeddable":true,"href":"https:\/\/demir.av.tr\/de\/wp-json\/wp\/v2\/users\/5"}],"replies":[{"embeddable":true,"href":"https:\/\/demir.av.tr\/de\/wp-json\/wp\/v2\/comments?post=4943"}],"version-history":[{"count":2,"href":"https:\/\/demir.av.tr\/de\/wp-json\/wp\/v2\/pages\/4943\/revisions"}],"predecessor-version":[{"id":5025,"href":"https:\/\/demir.av.tr\/de\/wp-json\/wp\/v2\/pages\/4943\/revisions\/5025"}],"up":[{"embeddable":true,"href":"https:\/\/demir.av.tr\/de\/wp-json\/wp\/v2\/pages\/4129"}],"wp:attachment":[{"href":"https:\/\/demir.av.tr\/de\/wp-json\/wp\/v2\/media?parent=4943"}],"curies":[{"name":"wp","href":"https:\/\/api.w.org\/{rel}","templated":true}]}}