{"id":4950,"date":"2024-12-16T08:44:04","date_gmt":"2024-12-16T08:44:04","guid":{"rendered":"https:\/\/demir.av.tr\/?page_id=4950"},"modified":"2024-12-16T08:56:35","modified_gmt":"2024-12-16T08:56:35","slug":"hatice-ebrar-dere","status":"publish","type":"page","link":"https:\/\/demir.av.tr\/de\/ekibimiz\/hatice-ebrar-dere\/","title":{"rendered":"Hatice Ebrar Dere"},"content":{"rendered":"<p>[vc_row content_width=&#8220;grid&#8220; triangle_shape=&#8220;no&#8220; css=&#8220;.vc_custom_1664732035358{padding-top: 60px !important;padding-bottom: 50px !important;}&#8220;][vc_column width=&#8220;1\/4&#8243;][vc_single_image image=&#8220;4953&#8243; img_size=&#8220;full&#8220; style=&#8220;vc_box_circle_2&#8243;][\/vc_column][vc_column width=&#8220;3\/4&#8243;][vc_column_text]Hatice Ebrar Dere schloss ihr Studium an der Juristischen Fakult\u00e4t der Universit\u00e4t Istanbul im Jahr 2024 ab. Sie arbeitet als Rechtsreferendarin in der Anwaltskanzlei Demir &amp; Partners. W\u00e4hrend ihres Studiums absolvierte sie Praktika in verschiedenen Anwaltskanzleien und sammelte Erfahrungen im Recht des geistigen Eigentums, im Arbeitsrecht, im Erbrecht und im Transportrecht.<\/p>\n<p>Hatice Ebrar Dere arbeitet in den Bereichen Handelsrecht, Vollstreckungs- und Konkursrecht sowie Verbraucherrecht, insbesondere im Bereich des Transportrechts, und unterst\u00fctzt in diesen Bereichen t\u00e4tige in- und ausl\u00e4ndische Unternehmen bei der Rechtsberatung.<\/p>\n<p>Hatice Ebrar Dere spricht flie\u00dfend Englisch.[\/vc_column_text][\/vc_column][\/vc_row]<\/p>\n","protected":false},"excerpt":{"rendered":"<p>[vc_row content_width=&#8220;grid&#8220; triangle_shape=&#8220;no&#8220; css=&#8220;.vc_custom_1664732035358{padding-top: 60px !important;padding-bottom: 50px !important;}&#8220;][vc_column width=&#8220;1\/4&#8243;][vc_single_image image=&#8220;4953&#8243; img_size=&#8220;full&#8220; style=&#8220;vc_box_circle_2&#8243;][\/vc_column][vc_column width=&#8220;3\/4&#8243;][vc_column_text]Hatice Ebrar Dere schloss ihr Studium an der Juristischen Fakult\u00e4t der Universit\u00e4t Istanbul im Jahr 2024 ab. Sie arbeitet als Rechtsreferendarin in der Anwaltskanzlei Demir &amp; Partners. W\u00e4hrend ihres Studiums absolvierte sie Praktika in verschiedenen Anwaltskanzleien und sammelte Erfahrungen im Recht des geistigen Eigentums, im Arbeitsrecht, im Erbrecht und im Transportrecht. Hatice Ebrar Dere arbeitet in den Bereichen Handelsrecht, Vollstreckungs- und Konkursrecht sowie Verbraucherrecht, insbesondere im Bereich des Transportrechts, und unterst\u00fctzt in diesen Bereichen t\u00e4tige in- und ausl\u00e4ndische Unternehmen bei der Rechtsberatung. Hatice Ebrar Dere spricht flie\u00dfend Englisch.[\/vc_column_text][\/vc_column][\/vc_row]<\/p>\n","protected":false},"author":5,"featured_media":0,"parent":4129,"menu_order":0,"comment_status":"closed","ping_status":"closed","template":"full-width.php","meta":{"footnotes":""},"class_list":["post-4950","page","type-page","status-publish","hentry"],"_links":{"self":[{"href":"https:\/\/demir.av.tr\/de\/wp-json\/wp\/v2\/pages\/4950","targetHints":{"allow":["GET"]}}],"collection":[{"href":"https:\/\/demir.av.tr\/de\/wp-json\/wp\/v2\/pages"}],"about":[{"href":"https:\/\/demir.av.tr\/de\/wp-json\/wp\/v2\/types\/page"}],"author":[{"embeddable":true,"href":"https:\/\/demir.av.tr\/de\/wp-json\/wp\/v2\/users\/5"}],"replies":[{"embeddable":true,"href":"https:\/\/demir.av.tr\/de\/wp-json\/wp\/v2\/comments?post=4950"}],"version-history":[{"count":1,"href":"https:\/\/demir.av.tr\/de\/wp-json\/wp\/v2\/pages\/4950\/revisions"}],"predecessor-version":[{"id":4957,"href":"https:\/\/demir.av.tr\/de\/wp-json\/wp\/v2\/pages\/4950\/revisions\/4957"}],"up":[{"embeddable":true,"href":"https:\/\/demir.av.tr\/de\/wp-json\/wp\/v2\/pages\/4129"}],"wp:attachment":[{"href":"https:\/\/demir.av.tr\/de\/wp-json\/wp\/v2\/media?parent=4950"}],"curies":[{"name":"wp","href":"https:\/\/api.w.org\/{rel}","templated":true}]}}