{"id":4962,"date":"2024-12-16T10:18:30","date_gmt":"2024-12-16T10:18:30","guid":{"rendered":"https:\/\/demir.av.tr\/?page_id=4962"},"modified":"2024-12-16T10:25:32","modified_gmt":"2024-12-16T10:25:32","slug":"ra-omer-erkin-koc","status":"publish","type":"page","link":"https:\/\/demir.av.tr\/de\/ekibimiz\/ra-omer-erkin-koc\/","title":{"rendered":"RA. \u00d6mer Erkin KO\u00c7"},"content":{"rendered":"<p>[vc_row content_width=&#8220;grid&#8220; triangle_shape=&#8220;no&#8220; css=&#8220;.vc_custom_1664732035358{padding-top: 60px !important;padding-bottom: 50px !important;}&#8220;][vc_column width=&#8220;1\/4&#8243;][vc_single_image image=&#8220;4965&#8243; img_size=&#8220;full&#8220; style=&#8220;vc_box_circle_2&#8243;][\/vc_column][vc_column width=&#8220;3\/4&#8243;][vc_column_text]\u00d6mer Erkin Ko\u00e7 schloss sein Studium an der juristischen Fakult\u00e4t der Universit\u00e4t Istanbul im Jahr 2023 ab. Er absolvierte sein Rechtsreferendariat in unserer Kanzlei und setzt seine juristische Karriere bei Demir &amp; Partners fort.<\/p>\n<p>Nach seinem Universit\u00e4tsabschluss schrieb er sich im Jahr 2024 f\u00fcr den Masterstudiengang Immobilien- und Baurecht am Institut f\u00fcr Sozialwissenschaften der Universit\u00e4t Istanbul ein. Sein Master-Studium dauert noch an.<\/p>\n<p>Er arbeitet haupts\u00e4chlich auf dem Gebiet des Eigentumsrechts, des Handelsrechts, des Rechts der geistigen und gewerblichen Rechte, des Arbeitsrechts und der Durchsetzung des Verbraucherrechts sowie des Konkursrechts.[\/vc_column_text][\/vc_column][\/vc_row]<\/p>\n","protected":false},"excerpt":{"rendered":"<p>[vc_row content_width=&#8220;grid&#8220; triangle_shape=&#8220;no&#8220; css=&#8220;.vc_custom_1664732035358{padding-top: 60px !important;padding-bottom: 50px !important;}&#8220;][vc_column width=&#8220;1\/4&#8243;][vc_single_image image=&#8220;4965&#8243; img_size=&#8220;full&#8220; style=&#8220;vc_box_circle_2&#8243;][\/vc_column][vc_column width=&#8220;3\/4&#8243;][vc_column_text]\u00d6mer Erkin Ko\u00e7 schloss sein Studium an der juristischen Fakult\u00e4t der Universit\u00e4t Istanbul im Jahr 2023 ab. Er absolvierte sein Rechtsreferendariat in unserer Kanzlei und setzt seine juristische Karriere bei Demir &amp; Partners fort. Nach seinem Universit\u00e4tsabschluss schrieb er sich im Jahr 2024 f\u00fcr den Masterstudiengang Immobilien- und Baurecht am Institut f\u00fcr Sozialwissenschaften der Universit\u00e4t Istanbul ein. Sein Master-Studium dauert noch an. Er arbeitet haupts\u00e4chlich auf dem Gebiet des Eigentumsrechts, des Handelsrechts, des Rechts der geistigen und gewerblichen Rechte, des Arbeitsrechts und der Durchsetzung des Verbraucherrechts sowie des&#8230;<\/p>\n","protected":false},"author":5,"featured_media":0,"parent":4129,"menu_order":0,"comment_status":"closed","ping_status":"closed","template":"full-width.php","meta":{"footnotes":""},"class_list":["post-4962","page","type-page","status-publish","hentry"],"_links":{"self":[{"href":"https:\/\/demir.av.tr\/de\/wp-json\/wp\/v2\/pages\/4962","targetHints":{"allow":["GET"]}}],"collection":[{"href":"https:\/\/demir.av.tr\/de\/wp-json\/wp\/v2\/pages"}],"about":[{"href":"https:\/\/demir.av.tr\/de\/wp-json\/wp\/v2\/types\/page"}],"author":[{"embeddable":true,"href":"https:\/\/demir.av.tr\/de\/wp-json\/wp\/v2\/users\/5"}],"replies":[{"embeddable":true,"href":"https:\/\/demir.av.tr\/de\/wp-json\/wp\/v2\/comments?post=4962"}],"version-history":[{"count":1,"href":"https:\/\/demir.av.tr\/de\/wp-json\/wp\/v2\/pages\/4962\/revisions"}],"predecessor-version":[{"id":4969,"href":"https:\/\/demir.av.tr\/de\/wp-json\/wp\/v2\/pages\/4962\/revisions\/4969"}],"up":[{"embeddable":true,"href":"https:\/\/demir.av.tr\/de\/wp-json\/wp\/v2\/pages\/4129"}],"wp:attachment":[{"href":"https:\/\/demir.av.tr\/de\/wp-json\/wp\/v2\/media?parent=4962"}],"curies":[{"name":"wp","href":"https:\/\/api.w.org\/{rel}","templated":true}]}}