{"id":4974,"date":"2024-12-16T10:41:01","date_gmt":"2024-12-16T10:41:01","guid":{"rendered":"https:\/\/demir.av.tr\/?page_id=4974"},"modified":"2024-12-16T11:13:25","modified_gmt":"2024-12-16T11:13:25","slug":"doga-tuncer","status":"publish","type":"page","link":"https:\/\/demir.av.tr\/de\/ekibimiz\/doga-tuncer\/","title":{"rendered":"Do\u011fa TUNCER"},"content":{"rendered":"<p>[vc_row content_width=&#8220;grid&#8220; triangle_shape=&#8220;no&#8220; css=&#8220;.vc_custom_1664732035358{padding-top: 60px !important;padding-bottom: 50px !important;}&#8220;][vc_column width=&#8220;1\/4&#8243;][vc_single_image image=&#8220;4998&#8243; img_size=&#8220;full&#8220; style=&#8220;vc_box_circle_2&#8243;][\/vc_column][vc_column width=&#8220;3\/4&#8243;][vc_column_text]<strong>Do\u011fa TUNCER<\/strong> schloss ihr Studium an der Juristischen Fakult\u00e4t der Yeditepe-Universit\u00e4t im Jahr 2024 ab. W\u00e4hrend ihres Studiums absolvierte sie Praktika vor allem in den Bereichen Recht der geistigen und gewerblichen Rechte, Markenrecht, Handelsrecht und Strafrecht.<\/p>\n<p>Sie setzt ihre Praktikumslaufbahn in der Anwaltskanzlei Demir &amp; Partner fort.<\/p>\n<p>Sie arbeitet haupts\u00e4chlich in den Bereichen Markenrecht, Recht der geistigen und gewerblichen Rechte, Arbeitsrecht und Handelsrecht.[\/vc_column_text][\/vc_column][\/vc_row]<\/p>\n","protected":false},"excerpt":{"rendered":"<p>[vc_row content_width=&#8220;grid&#8220; triangle_shape=&#8220;no&#8220; css=&#8220;.vc_custom_1664732035358{padding-top: 60px !important;padding-bottom: 50px !important;}&#8220;][vc_column width=&#8220;1\/4&#8243;][vc_single_image image=&#8220;4998&#8243; img_size=&#8220;full&#8220; style=&#8220;vc_box_circle_2&#8243;][\/vc_column][vc_column width=&#8220;3\/4&#8243;][vc_column_text]Do\u011fa TUNCER schloss ihr Studium an der Juristischen Fakult\u00e4t der Yeditepe-Universit\u00e4t im Jahr 2024 ab. W\u00e4hrend ihres Studiums absolvierte sie Praktika vor allem in den Bereichen Recht der geistigen und gewerblichen Rechte, Markenrecht, Handelsrecht und Strafrecht. Sie setzt ihre Praktikumslaufbahn in der Anwaltskanzlei Demir &amp; Partner fort. Sie arbeitet haupts\u00e4chlich in den Bereichen Markenrecht, Recht der geistigen und gewerblichen Rechte, Arbeitsrecht und Handelsrecht.[\/vc_column_text][\/vc_column][\/vc_row]<\/p>\n","protected":false},"author":5,"featured_media":0,"parent":4129,"menu_order":0,"comment_status":"closed","ping_status":"closed","template":"full-width.php","meta":{"footnotes":""},"class_list":["post-4974","page","type-page","status-publish","hentry"],"_links":{"self":[{"href":"https:\/\/demir.av.tr\/de\/wp-json\/wp\/v2\/pages\/4974","targetHints":{"allow":["GET"]}}],"collection":[{"href":"https:\/\/demir.av.tr\/de\/wp-json\/wp\/v2\/pages"}],"about":[{"href":"https:\/\/demir.av.tr\/de\/wp-json\/wp\/v2\/types\/page"}],"author":[{"embeddable":true,"href":"https:\/\/demir.av.tr\/de\/wp-json\/wp\/v2\/users\/5"}],"replies":[{"embeddable":true,"href":"https:\/\/demir.av.tr\/de\/wp-json\/wp\/v2\/comments?post=4974"}],"version-history":[{"count":2,"href":"https:\/\/demir.av.tr\/de\/wp-json\/wp\/v2\/pages\/4974\/revisions"}],"predecessor-version":[{"id":5002,"href":"https:\/\/demir.av.tr\/de\/wp-json\/wp\/v2\/pages\/4974\/revisions\/5002"}],"up":[{"embeddable":true,"href":"https:\/\/demir.av.tr\/de\/wp-json\/wp\/v2\/pages\/4129"}],"wp:attachment":[{"href":"https:\/\/demir.av.tr\/de\/wp-json\/wp\/v2\/media?parent=4974"}],"curies":[{"name":"wp","href":"https:\/\/api.w.org\/{rel}","templated":true}]}}