{"id":4984,"date":"2024-12-16T10:55:28","date_gmt":"2024-12-16T10:55:28","guid":{"rendered":"https:\/\/demir.av.tr\/?page_id=4984"},"modified":"2024-12-16T10:58:43","modified_gmt":"2024-12-16T10:58:43","slug":"baris-baran-demir","status":"publish","type":"page","link":"https:\/\/demir.av.tr\/de\/ekibimiz\/baris-baran-demir\/","title":{"rendered":"Bar\u0131\u015f Baran DEM\u0130R"},"content":{"rendered":"<p>[vc_row content_width=&#8220;grid&#8220; triangle_shape=&#8220;no&#8220; css=&#8220;.vc_custom_1664732035358{padding-top: 60px !important;padding-bottom: 50px !important;}&#8220;][vc_column width=&#8220;1\/4&#8243;][vc_single_image image=&#8220;4987&#8243; img_size=&#8220;full&#8220; style=&#8220;vc_box_circle_2&#8243;][\/vc_column][vc_column width=&#8220;3\/4&#8243;][vc_column_text]Rechtsreferandar Bar\u0131\u015f Baran Demir schloss im Jahr 2024 sein Studium an der Juristischen Fakult\u00e4t der Ko\u00e7-Universit\u00e4t ab. Nachdem er w\u00e4hrend seines Studiums Praktikum in verschiedenen Anwaltskanzleien absolviert hat, setzt er seine Karriere als Rechtsreferendar bei Demir &amp; Partners fort.<\/p>\n<p>Er arbeitet haupts\u00e4chlich in den Bereichen Erbrecht, Handelsrecht, Recht des geistigen und gewerblichen Eigentums, Familienrecht, Arbeitsrecht und Datenschutzrecht. Er spricht Englisch.[\/vc_column_text][\/vc_column][\/vc_row]<\/p>\n","protected":false},"excerpt":{"rendered":"<p>[vc_row content_width=&#8220;grid&#8220; triangle_shape=&#8220;no&#8220; css=&#8220;.vc_custom_1664732035358{padding-top: 60px !important;padding-bottom: 50px !important;}&#8220;][vc_column width=&#8220;1\/4&#8243;][vc_single_image image=&#8220;4987&#8243; img_size=&#8220;full&#8220; style=&#8220;vc_box_circle_2&#8243;][\/vc_column][vc_column width=&#8220;3\/4&#8243;][vc_column_text]Rechtsreferandar Bar\u0131\u015f Baran Demir schloss im Jahr 2024 sein Studium an der Juristischen Fakult\u00e4t der Ko\u00e7-Universit\u00e4t ab. Nachdem er w\u00e4hrend seines Studiums Praktikum in verschiedenen Anwaltskanzleien absolviert hat, setzt er seine Karriere als Rechtsreferendar bei Demir &amp; Partners fort. Er arbeitet haupts\u00e4chlich in den Bereichen Erbrecht, Handelsrecht, Recht des geistigen und gewerblichen Eigentums, Familienrecht, Arbeitsrecht und Datenschutzrecht. Er spricht Englisch.[\/vc_column_text][\/vc_column][\/vc_row]<\/p>\n","protected":false},"author":5,"featured_media":0,"parent":4129,"menu_order":0,"comment_status":"closed","ping_status":"closed","template":"full-width.php","meta":{"footnotes":""},"class_list":["post-4984","page","type-page","status-publish","hentry"],"_links":{"self":[{"href":"https:\/\/demir.av.tr\/de\/wp-json\/wp\/v2\/pages\/4984","targetHints":{"allow":["GET"]}}],"collection":[{"href":"https:\/\/demir.av.tr\/de\/wp-json\/wp\/v2\/pages"}],"about":[{"href":"https:\/\/demir.av.tr\/de\/wp-json\/wp\/v2\/types\/page"}],"author":[{"embeddable":true,"href":"https:\/\/demir.av.tr\/de\/wp-json\/wp\/v2\/users\/5"}],"replies":[{"embeddable":true,"href":"https:\/\/demir.av.tr\/de\/wp-json\/wp\/v2\/comments?post=4984"}],"version-history":[{"count":1,"href":"https:\/\/demir.av.tr\/de\/wp-json\/wp\/v2\/pages\/4984\/revisions"}],"predecessor-version":[{"id":4990,"href":"https:\/\/demir.av.tr\/de\/wp-json\/wp\/v2\/pages\/4984\/revisions\/4990"}],"up":[{"embeddable":true,"href":"https:\/\/demir.av.tr\/de\/wp-json\/wp\/v2\/pages\/4129"}],"wp:attachment":[{"href":"https:\/\/demir.av.tr\/de\/wp-json\/wp\/v2\/media?parent=4984"}],"curies":[{"name":"wp","href":"https:\/\/api.w.org\/{rel}","templated":true}]}}