{"id":5008,"date":"2024-12-16T12:28:02","date_gmt":"2024-12-16T12:28:02","guid":{"rendered":"https:\/\/demir.av.tr\/?page_id=5008"},"modified":"2024-12-16T12:31:30","modified_gmt":"2024-12-16T12:31:30","slug":"eleif-egercioglu","status":"publish","type":"page","link":"https:\/\/demir.av.tr\/de\/ekibimiz\/eleif-egercioglu\/","title":{"rendered":"Elif E\u011eERC\u0130O\u011eLU"},"content":{"rendered":"<p>[vc_row content_width=&#8220;grid&#8220; triangle_shape=&#8220;no&#8220; css=&#8220;.vc_custom_1664732035358{padding-top: 60px !important;padding-bottom: 50px !important;}&#8220;][vc_column width=&#8220;1\/4&#8243;][vc_single_image image=&#8220;5003&#8243; img_size=&#8220;full&#8220; style=&#8220;vc_box_circle_2&#8243;][\/vc_column][vc_column width=&#8220;3\/4&#8243;][vc_column_text]<strong>Rechtsreferendarin Elif E\u011eERC\u0130O\u011eLU<\/strong> schloss im Jahr 2024 ihr Studium an der juristischen Fakult\u00e4t der T\u00fcrkisch-Deutschen Universit\u00e4t mit Auszeichnung ab. Sie war Mitglied des Verwaltungs- und Aufsichtsrates des TAU Pro Bono juristischer Studentenverein. Nach verschiedenen Praktika w\u00e4hrend ihres Studiums absolvierte E\u011fercio\u011flu im Rahmen der Erasmus-Praktikumsmobilit\u00e4t ein zweimonatiges Praktikum in einer Anwaltskanzlei in Deutschland. Sie setzt ihre Karriere als Rechtsreferendarin bei Demir &amp; Partners fort.<\/p>\n<p>Im Jahr 2024 setzt Sie ihr Studium an der T\u00fcrkisch-Deutschen Universit\u00e4t im Masterstudiengang Privatrecht (Deutsch) fort.<\/p>\n<p>Sie ist haupts\u00e4chlich in den Bereichen Handelsrecht, Recht des geistigen und gewerblichen Eigentums, Arbeitsrecht, Vollstreckungs- und Insolvenzrecht t\u00e4tig. Sie spricht Englisch und Deutsch.[\/vc_column_text][\/vc_column][\/vc_row]<\/p>\n","protected":false},"excerpt":{"rendered":"<p>[vc_row content_width=&#8220;grid&#8220; triangle_shape=&#8220;no&#8220; css=&#8220;.vc_custom_1664732035358{padding-top: 60px !important;padding-bottom: 50px !important;}&#8220;][vc_column width=&#8220;1\/4&#8243;][vc_single_image image=&#8220;5003&#8243; img_size=&#8220;full&#8220; style=&#8220;vc_box_circle_2&#8243;][\/vc_column][vc_column width=&#8220;3\/4&#8243;][vc_column_text]Rechtsreferendarin Elif E\u011eERC\u0130O\u011eLU schloss im Jahr 2024 ihr Studium an der juristischen Fakult\u00e4t der T\u00fcrkisch-Deutschen Universit\u00e4t mit Auszeichnung ab. Sie war Mitglied des Verwaltungs- und Aufsichtsrates des TAU Pro Bono juristischer Studentenverein. Nach verschiedenen Praktika w\u00e4hrend ihres Studiums absolvierte E\u011fercio\u011flu im Rahmen der Erasmus-Praktikumsmobilit\u00e4t ein zweimonatiges Praktikum in einer Anwaltskanzlei in Deutschland. Sie setzt ihre Karriere als Rechtsreferendarin bei Demir &amp; Partners fort. Im Jahr 2024 setzt Sie ihr Studium an der T\u00fcrkisch-Deutschen Universit\u00e4t im Masterstudiengang Privatrecht (Deutsch) fort. Sie ist haupts\u00e4chlich in den Bereichen Handelsrecht, Recht des&#8230;<\/p>\n","protected":false},"author":5,"featured_media":0,"parent":4129,"menu_order":0,"comment_status":"closed","ping_status":"closed","template":"full-width.php","meta":{"footnotes":""},"class_list":["post-5008","page","type-page","status-publish","hentry"],"_links":{"self":[{"href":"https:\/\/demir.av.tr\/de\/wp-json\/wp\/v2\/pages\/5008","targetHints":{"allow":["GET"]}}],"collection":[{"href":"https:\/\/demir.av.tr\/de\/wp-json\/wp\/v2\/pages"}],"about":[{"href":"https:\/\/demir.av.tr\/de\/wp-json\/wp\/v2\/types\/page"}],"author":[{"embeddable":true,"href":"https:\/\/demir.av.tr\/de\/wp-json\/wp\/v2\/users\/5"}],"replies":[{"embeddable":true,"href":"https:\/\/demir.av.tr\/de\/wp-json\/wp\/v2\/comments?post=5008"}],"version-history":[{"count":1,"href":"https:\/\/demir.av.tr\/de\/wp-json\/wp\/v2\/pages\/5008\/revisions"}],"predecessor-version":[{"id":5011,"href":"https:\/\/demir.av.tr\/de\/wp-json\/wp\/v2\/pages\/5008\/revisions\/5011"}],"up":[{"embeddable":true,"href":"https:\/\/demir.av.tr\/de\/wp-json\/wp\/v2\/pages\/4129"}],"wp:attachment":[{"href":"https:\/\/demir.av.tr\/de\/wp-json\/wp\/v2\/media?parent=5008"}],"curies":[{"name":"wp","href":"https:\/\/api.w.org\/{rel}","templated":true}]}}