{"id":4130,"date":"2016-03-09T18:16:08","date_gmt":"2016-03-09T18:16:08","guid":{"rendered":"https:\/\/demir.av.tr\/haberler\/"},"modified":"2022-10-25T16:07:59","modified_gmt":"2022-10-25T16:07:59","slug":"haberler","status":"publish","type":"page","link":"https:\/\/demir.av.tr\/en\/haberler\/","title":{"rendered":"News"},"content":{"rendered":"<p>[vc_row content_width=&#8221;grid&#8221; triangle_shape=&#8221;no&#8221; css=&#8221;.vc_custom_1664734586578{padding-top: 60px !important;padding-bottom: 50px !important;}&#8221;][vc_column]<div class=\"mkd-blog-list-holder mkd-image-in-box \">\n\t<ul class=\"mkd-blog-list\">\n\t<li class=\"mkd-blog-list-item clearfix\">\n\t<div class=\"mkd-blog-list-item-inner\">\n\t\t<div class=\"mkd-item-image clearfix\">\n\t\t\t<a href=\"https:\/\/demir.av.tr\/en\/iftar-yemegimiz\/\">\n\t\t\t\t<img loading=\"lazy\" decoding=\"async\" width=\"650\" height=\"422\" src=\"https:\/\/demir.av.tr\/wp-content\/uploads\/2022\/10\/img16807-650x422.jpg\" class=\"attachment-libero_mikado_square size-libero_mikado_square wp-post-image\" alt=\"\" \/>\t\t\t\t<div class=\"mkd-post-info-date-holder\">\n\t\t\t\t\t<div class=\"mkd-post-info-date-holder-inner\">\n\t\t\t\t\t\t\n<div class=\"mkd-post-info-date\">\n\t\n\t\t<span class=\"mkd-post-info-date-day\">06<\/span>\n\t\t<span class=\"mkd-post-info-date-month\">June<\/span>\n\n\t\t<\/div>\t\t\t\t\t<\/div>\n\t\t\t\t<\/div>\n\t\t\t<\/a>\n\t\t<\/div>\n\t\t<div class=\"mkd-item-text-holder\">\n\t\t\t<h4 class=\"mkd-item-title \">\n\t\t\t\t<a href=\"https:\/\/demir.av.tr\/en\/iftar-yemegimiz\/\" >\n\t\t\t\t\tDinner\t\t\t\t<\/a>\n\t\t\t<\/h4>\n\n\t\t\t\t\t\t\t<p class=\"mkd-excerpt\">Dinner \/ 06.06.2018...<\/p>\n\t\t\t\t\t\t<div class=\"mkd-item-info-section\">\n\t\t\t\t<div class=\"mkd-post-info-comments-holder\">\n\t<a class=\"mkd-post-info-comments\" href=\"https:\/\/demir.av.tr\/en\/iftar-yemegimiz\/#respond\" target=\"_self\">\n\t\t<span class=\"mkd-post-info-comments-no\">0<\/span>\n\t\t<span class=\"mkd-post-info-comments-text\">Comments<\/span>\n\t<\/a>\n<\/div>\t\t\t<\/div>\n\t\t<\/div>\n\t<\/div>\t\n<\/li>\n<li class=\"mkd-blog-list-item clearfix\">\n\t<div class=\"mkd-blog-list-item-inner\">\n\t\t<div class=\"mkd-item-image clearfix\">\n\t\t\t<a href=\"https:\/\/demir.av.tr\/en\/demir-partners-iftar-klasigi\/\">\n\t\t\t\t<img loading=\"lazy\" decoding=\"async\" width=\"650\" height=\"497\" src=\"https:\/\/demir.av.tr\/wp-content\/uploads\/2022\/10\/iftar01-650x497.jpg\" class=\"attachment-libero_mikado_square size-libero_mikado_square wp-post-image\" alt=\"\" \/>\t\t\t\t<div class=\"mkd-post-info-date-holder\">\n\t\t\t\t\t<div class=\"mkd-post-info-date-holder-inner\">\n\t\t\t\t\t\t\n<div class=\"mkd-post-info-date\">\n\t\n\t\t<span class=\"mkd-post-info-date-day\">22<\/span>\n\t\t<span class=\"mkd-post-info-date-month\">June<\/span>\n\n\t\t<\/div>\t\t\t\t\t<\/div>\n\t\t\t\t<\/div>\n\t\t\t<\/a>\n\t\t<\/div>\n\t\t<div class=\"mkd-item-text-holder\">\n\t\t\t<h4 class=\"mkd-item-title \">\n\t\t\t\t<a href=\"https:\/\/demir.av.tr\/en\/demir-partners-iftar-klasigi\/\" >\n\t\t\t\t\tDemir &#038; Partners Dinner\t\t\t\t<\/a>\n\t\t\t<\/h4>\n\n\t\t\t\t\t\t\t<p class=\"mkd-excerpt\">22.06.2016...<\/p>\n\t\t\t\t\t\t<div class=\"mkd-item-info-section\">\n\t\t\t\t<div class=\"mkd-post-info-comments-holder\">\n\t<a class=\"mkd-post-info-comments\" href=\"https:\/\/demir.av.tr\/en\/demir-partners-iftar-klasigi\/#respond\" target=\"_self\">\n\t\t<span class=\"mkd-post-info-comments-no\">0<\/span>\n\t\t<span class=\"mkd-post-info-comments-text\">Comments<\/span>\n\t<\/a>\n<\/div>\t\t\t<\/div>\n\t\t<\/div>\n\t<\/div>\t\n<\/li>\n<li class=\"mkd-blog-list-item clearfix\">\n\t<div class=\"mkd-blog-list-item-inner\">\n\t\t<div class=\"mkd-item-image clearfix\">\n\t\t\t<a href=\"https:\/\/demir.av.tr\/en\/demir-partners-bahari-karsiliyor\/\">\n\t\t\t\t<img loading=\"lazy\" decoding=\"async\" width=\"650\" height=\"422\" src=\"https:\/\/demir.av.tr\/wp-content\/uploads\/2022\/10\/bahar014-650x422.jpg\" class=\"attachment-libero_mikado_square size-libero_mikado_square wp-post-image\" alt=\"\" \/>\t\t\t\t<div class=\"mkd-post-info-date-holder\">\n\t\t\t\t\t<div class=\"mkd-post-info-date-holder-inner\">\n\t\t\t\t\t\t\n<div class=\"mkd-post-info-date\">\n\t\n\t\t<span class=\"mkd-post-info-date-day\">15<\/span>\n\t\t<span class=\"mkd-post-info-date-month\">April<\/span>\n\n\t\t<\/div>\t\t\t\t\t<\/div>\n\t\t\t\t<\/div>\n\t\t\t<\/a>\n\t\t<\/div>\n\t\t<div class=\"mkd-item-text-holder\">\n\t\t\t<h4 class=\"mkd-item-title \">\n\t\t\t\t<a href=\"https:\/\/demir.av.tr\/en\/demir-partners-bahari-karsiliyor\/\" >\n\t\t\t\t\tDemir &#038; Partners Law Firm welcoming the summer.\t\t\t\t<\/a>\n\t\t\t<\/h4>\n\n\t\t\t\t\t\t\t<p class=\"mkd-excerpt\">Demir &amp; Partners Law Firm welcoming the summer....<\/p>\n\t\t\t\t\t\t<div class=\"mkd-item-info-section\">\n\t\t\t\t<div class=\"mkd-post-info-comments-holder\">\n\t<a class=\"mkd-post-info-comments\" href=\"https:\/\/demir.av.tr\/en\/demir-partners-bahari-karsiliyor\/#respond\" target=\"_self\">\n\t\t<span class=\"mkd-post-info-comments-no\">0<\/span>\n\t\t<span class=\"mkd-post-info-comments-text\">Comments<\/span>\n\t<\/a>\n<\/div>\t\t\t<\/div>\n\t\t<\/div>\n\t<\/div>\t\n<\/li>\n<li class=\"mkd-blog-list-item clearfix\">\n\t<div class=\"mkd-blog-list-item-inner\">\n\t\t<div class=\"mkd-item-image clearfix\">\n\t\t\t<a href=\"https:\/\/demir.av.tr\/en\/istanbul-ticaret-universitesi-meslegin-fragmani-9-konferansi\/\">\n\t\t\t\t<img loading=\"lazy\" decoding=\"async\" width=\"650\" height=\"422\" src=\"https:\/\/demir.av.tr\/wp-content\/uploads\/2022\/10\/itu014-650x422.jpg\" class=\"attachment-libero_mikado_square size-libero_mikado_square wp-post-image\" alt=\"\" \/>\t\t\t\t<div class=\"mkd-post-info-date-holder\">\n\t\t\t\t\t<div class=\"mkd-post-info-date-holder-inner\">\n\t\t\t\t\t\t\n<div class=\"mkd-post-info-date\">\n\t\n\t\t<span class=\"mkd-post-info-date-day\">04<\/span>\n\t\t<span class=\"mkd-post-info-date-month\">April<\/span>\n\n\t\t<\/div>\t\t\t\t\t<\/div>\n\t\t\t\t<\/div>\n\t\t\t<\/a>\n\t\t<\/div>\n\t\t<div class=\"mkd-item-text-holder\">\n\t\t\t<h4 class=\"mkd-item-title \">\n\t\t\t\t<a href=\"https:\/\/demir.av.tr\/en\/istanbul-ticaret-universitesi-meslegin-fragmani-9-konferansi\/\" >\n\t\t\t\t\t\u0130stanbul Ticaret University Conference of &#8220;Mesle\u011fin Fragman\u0131 9&#8221;\t\t\t\t<\/a>\n\t\t\t<\/h4>\n\n\t\t\t\t\t\t\t<p class=\"mkd-excerpt\">The participation on the organisation at the \u0130stanbul Ticaret University on 04.04.2016 Att. Taner DEM\u0130R &#8211; Demir &amp; Partners Law Firm...<\/p>\n\t\t\t\t\t\t<div class=\"mkd-item-info-section\">\n\t\t\t\t<div class=\"mkd-post-info-comments-holder\">\n\t<a class=\"mkd-post-info-comments\" href=\"https:\/\/demir.av.tr\/en\/istanbul-ticaret-universitesi-meslegin-fragmani-9-konferansi\/#respond\" target=\"_self\">\n\t\t<span class=\"mkd-post-info-comments-no\">0<\/span>\n\t\t<span class=\"mkd-post-info-comments-text\">Comments<\/span>\n\t<\/a>\n<\/div>\t\t\t<\/div>\n\t\t<\/div>\n\t<\/div>\t\n<\/li>\n<li class=\"mkd-blog-list-item clearfix\">\n\t<div class=\"mkd-blog-list-item-inner\">\n\t\t<div class=\"mkd-item-image clearfix\">\n\t\t\t<a href=\"https:\/\/demir.av.tr\/en\/beykent-universitesi-meslegin-fragmani-7-konferansi\/\">\n\t\t\t\t<img loading=\"lazy\" decoding=\"async\" width=\"650\" height=\"422\" src=\"https:\/\/demir.av.tr\/wp-content\/uploads\/2015\/12\/beykent014-650x422.jpg\" class=\"attachment-libero_mikado_square size-libero_mikado_square wp-post-image\" alt=\"\" \/>\t\t\t\t<div class=\"mkd-post-info-date-holder\">\n\t\t\t\t\t<div class=\"mkd-post-info-date-holder-inner\">\n\t\t\t\t\t\t\n<div class=\"mkd-post-info-date\">\n\t\n\t\t<span class=\"mkd-post-info-date-day\">09<\/span>\n\t\t<span class=\"mkd-post-info-date-month\">March<\/span>\n\n\t\t<\/div>\t\t\t\t\t<\/div>\n\t\t\t\t<\/div>\n\t\t\t<\/a>\n\t\t<\/div>\n\t\t<div class=\"mkd-item-text-holder\">\n\t\t\t<h4 class=\"mkd-item-title \">\n\t\t\t\t<a href=\"https:\/\/demir.av.tr\/en\/beykent-universitesi-meslegin-fragmani-7-konferansi\/\" >\n\t\t\t\t\tBeykent University Conference of &#8220;Mesle\u011fin Fragman\u0131 7&#8221;\t\t\t\t<\/a>\n\t\t\t<\/h4>\n\n\t\t\t\t\t\t\t<p class=\"mkd-excerpt\">The participation on the organisation at the Beykent University on 09.03.2016 Att. Olcay YILMAZ &#8211; Demir &amp; Partners Law Firm...<\/p>\n\t\t\t\t\t\t<div class=\"mkd-item-info-section\">\n\t\t\t\t<div class=\"mkd-post-info-comments-holder\">\n\t<a class=\"mkd-post-info-comments\" href=\"https:\/\/demir.av.tr\/en\/beykent-universitesi-meslegin-fragmani-7-konferansi\/#respond\" target=\"_self\">\n\t\t<span class=\"mkd-post-info-comments-no\">0<\/span>\n\t\t<span class=\"mkd-post-info-comments-text\">Comments<\/span>\n\t<\/a>\n<\/div>\t\t\t<\/div>\n\t\t<\/div>\n\t<\/div>\t\n<\/li>\n<li class=\"mkd-blog-list-item clearfix\">\n\t<div class=\"mkd-blog-list-item-inner\">\n\t\t<div class=\"mkd-item-image clearfix\">\n\t\t\t<a href=\"https:\/\/demir.av.tr\/en\/fatih-sultan-mehmet-universitesi-meslegin-fragmani-4-konferansi\/\">\n\t\t\t\t<img loading=\"lazy\" decoding=\"async\" width=\"650\" height=\"422\" src=\"https:\/\/demir.av.tr\/wp-content\/uploads\/2022\/10\/fatih014-650x422.jpg\" class=\"attachment-libero_mikado_square size-libero_mikado_square wp-post-image\" alt=\"\" \/>\t\t\t\t<div class=\"mkd-post-info-date-holder\">\n\t\t\t\t\t<div class=\"mkd-post-info-date-holder-inner\">\n\t\t\t\t\t\t\n<div class=\"mkd-post-info-date\">\n\t\n\t\t<span class=\"mkd-post-info-date-day\">17<\/span>\n\t\t<span class=\"mkd-post-info-date-month\">December<\/span>\n\n\t\t<\/div>\t\t\t\t\t<\/div>\n\t\t\t\t<\/div>\n\t\t\t<\/a>\n\t\t<\/div>\n\t\t<div class=\"mkd-item-text-holder\">\n\t\t\t<h4 class=\"mkd-item-title \">\n\t\t\t\t<a href=\"https:\/\/demir.av.tr\/en\/fatih-sultan-mehmet-universitesi-meslegin-fragmani-4-konferansi\/\" >\n\t\t\t\t\tFatih Sultan Mehmet University Conference of &#8220;Mesle\u011fin Fragman\u0131 4&#8221;\t\t\t\t<\/a>\n\t\t\t<\/h4>\n\n\t\t\t\t\t\t\t<p class=\"mkd-excerpt\">The participation on the organisation at the Fatih Sultan Mehmet University on 17.12.2015Att. Ahmet Akif DEM\u0130R &#8211; Demir &amp; Partners Law Firm...<\/p>\n\t\t\t\t\t\t<div class=\"mkd-item-info-section\">\n\t\t\t\t<div class=\"mkd-post-info-comments-holder\">\n\t<a class=\"mkd-post-info-comments\" href=\"https:\/\/demir.av.tr\/en\/fatih-sultan-mehmet-universitesi-meslegin-fragmani-4-konferansi\/#respond\" target=\"_self\">\n\t\t<span class=\"mkd-post-info-comments-no\">0<\/span>\n\t\t<span class=\"mkd-post-info-comments-text\">Comments<\/span>\n\t<\/a>\n<\/div>\t\t\t<\/div>\n\t\t<\/div>\n\t<\/div>\t\n<\/li>\n\t<\/ul>\t\n<\/div>\n[\/vc_column][\/vc_row]<\/p>\n","protected":false},"excerpt":{"rendered":"<p>[vc_row content_width=&#8221;grid&#8221; triangle_shape=&#8221;no&#8221; css=&#8221;.vc_custom_1664734586578{padding-top: 60px !important;padding-bottom: 50px !important;}&#8221;][vc_column][\/vc_column][\/vc_row]<\/p>\n","protected":false},"author":1,"featured_media":0,"parent":0,"menu_order":0,"comment_status":"closed","ping_status":"closed","template":"full-width.php","meta":{"footnotes":""},"class_list":["post-4130","page","type-page","status-publish","hentry"],"_links":{"self":[{"href":"https:\/\/demir.av.tr\/en\/wp-json\/wp\/v2\/pages\/4130","targetHints":{"allow":["GET"]}}],"collection":[{"href":"https:\/\/demir.av.tr\/en\/wp-json\/wp\/v2\/pages"}],"about":[{"href":"https:\/\/demir.av.tr\/en\/wp-json\/wp\/v2\/types\/page"}],"author":[{"embeddable":true,"href":"https:\/\/demir.av.tr\/en\/wp-json\/wp\/v2\/users\/1"}],"replies":[{"embeddable":true,"href":"https:\/\/demir.av.tr\/en\/wp-json\/wp\/v2\/comments?post=4130"}],"version-history":[{"count":3,"href":"https:\/\/demir.av.tr\/en\/wp-json\/wp\/v2\/pages\/4130\/revisions"}],"predecessor-version":[{"id":4523,"href":"https:\/\/demir.av.tr\/en\/wp-json\/wp\/v2\/pages\/4130\/revisions\/4523"}],"wp:attachment":[{"href":"https:\/\/demir.av.tr\/en\/wp-json\/wp\/v2\/media?parent=4130"}],"curies":[{"name":"wp","href":"https:\/\/api.w.org\/{rel}","templated":true}]}}