{"id":4371,"date":"2022-10-02T17:44:18","date_gmt":"2022-10-02T17:44:18","guid":{"rendered":"https:\/\/demir.av.tr\/ekibimiz\/av-serpil-baltan-ogutcen\/"},"modified":"2022-10-25T11:08:36","modified_gmt":"2022-10-25T11:08:36","slug":"av-serpil-baltan-ogutcen","status":"publish","type":"page","link":"https:\/\/demir.av.tr\/en\/ekibimiz\/av-serpil-baltan-ogutcen\/","title":{"rendered":"Att. Serpil BALTAN \u00d6\u011e\u00dcTCEN"},"content":{"rendered":"<p>[vc_row content_width=&#8221;grid&#8221; triangle_shape=&#8221;no&#8221; css=&#8221;.vc_custom_1664732035358{padding-top: 60px !important;padding-bottom: 50px !important;}&#8221;][vc_column width=&#8221;1\/4&#8243;][vc_single_image image=&#8221;2709&#8243; img_size=&#8221;full&#8221; style=&#8221;vc_box_circle_2&#8243;][\/vc_column][vc_column width=&#8221;3\/4&#8243;][vc_column_text]<\/p>\n<p style=\"text-align: justify;\">Attorney \u00d6\u011f\u00fct\u00e7en graduated from law school at \u0130stanbul University in 2001 and subsequently joined the \u0130stanbul Bar.<\/p>\n<p>&nbsp;<\/p>\n<p style=\"text-align: justify;\">She completed her apprenticeship focusing on commercial law issues in \u0130stanbul and after getting her license, she worked in the legal follow up division of private banks in the field of enforcement law for four years. Between 2010-2015, she worked at a private holding as legal counsel on issues such as contract law, property law (expropriation, site areas, zone law, adequate pay, law suits arising from the right of preemption, rent, evacuation), international law, international transportation law, commercial law, working law, enforcement law, public law, and tax law and she is specialized in these topics.<\/p>\n<p>&nbsp;<\/p>\n<p style=\"text-align: justify;\">She has been with Demir &amp; Partners since 2015, having the title of Main Responsible of the enforcement department. Att. \u00d6\u011f\u00fct\u00e7en has intermediate proficiency in English.<\/p>\n<p>&nbsp;<\/p>\n<p style=\"text-align: justify;\">Att. \u00d6\u011f\u00fct\u00e7en primarily practices in the following areas:<\/p>\n<ul>\n<li>Collecting the commercial receivables of companies through arbitration and negotiation without legal follow ups,<\/li>\n<li>Collecting commercial receivables of companies through enforcement,<\/li>\n<li>Collecting exchange receivables through enforcement,<\/li>\n<li>Processing with enforcement proceedings in regard to selling encumbered immovables and liquidation of assets<\/li>\n<\/ul>\n<p>[\/vc_column_text][\/vc_column][\/vc_row]<\/p>\n","protected":false},"excerpt":{"rendered":"<p>[vc_row content_width=&#8221;grid&#8221; triangle_shape=&#8221;no&#8221; css=&#8221;.vc_custom_1664732035358{padding-top: 60px !important;padding-bottom: 50px !important;}&#8221;][vc_column width=&#8221;1\/4&#8243;][vc_single_image image=&#8221;2709&#8243; img_size=&#8221;full&#8221; style=&#8221;vc_box_circle_2&#8243;][\/vc_column][vc_column width=&#8221;3\/4&#8243;][vc_column_text] Attorney \u00d6\u011f\u00fct\u00e7en graduated from law school at \u0130stanbul University in 2001 and subsequently joined the \u0130stanbul Bar. &nbsp; She completed her apprenticeship focusing on commercial law issues in \u0130stanbul and after getting her license, she worked in the legal follow up division of private banks in the field of enforcement law for four years. Between 2010-2015, she worked at a private holding as legal counsel on issues such as contract law, property law (expropriation, site areas, zone law, adequate pay, law suits arising from the right of&#8230;<\/p>\n","protected":false},"author":1,"featured_media":0,"parent":4128,"menu_order":0,"comment_status":"closed","ping_status":"closed","template":"full-width.php","meta":{"footnotes":""},"class_list":["post-4371","page","type-page","status-publish","hentry"],"_links":{"self":[{"href":"https:\/\/demir.av.tr\/en\/wp-json\/wp\/v2\/pages\/4371","targetHints":{"allow":["GET"]}}],"collection":[{"href":"https:\/\/demir.av.tr\/en\/wp-json\/wp\/v2\/pages"}],"about":[{"href":"https:\/\/demir.av.tr\/en\/wp-json\/wp\/v2\/types\/page"}],"author":[{"embeddable":true,"href":"https:\/\/demir.av.tr\/en\/wp-json\/wp\/v2\/users\/1"}],"replies":[{"embeddable":true,"href":"https:\/\/demir.av.tr\/en\/wp-json\/wp\/v2\/comments?post=4371"}],"version-history":[{"count":3,"href":"https:\/\/demir.av.tr\/en\/wp-json\/wp\/v2\/pages\/4371\/revisions"}],"predecessor-version":[{"id":4393,"href":"https:\/\/demir.av.tr\/en\/wp-json\/wp\/v2\/pages\/4371\/revisions\/4393"}],"up":[{"embeddable":true,"href":"https:\/\/demir.av.tr\/en\/wp-json\/wp\/v2\/pages\/4128"}],"wp:attachment":[{"href":"https:\/\/demir.av.tr\/en\/wp-json\/wp\/v2\/media?parent=4371"}],"curies":[{"name":"wp","href":"https:\/\/api.w.org\/{rel}","templated":true}]}}