{"id":4728,"date":"2023-05-16T21:40:00","date_gmt":"2023-05-16T21:40:00","guid":{"rendered":"https:\/\/demir.av.tr\/?page_id=4728"},"modified":"2023-05-16T21:41:09","modified_gmt":"2023-05-16T21:41:09","slug":"eslem-sumeyra-yildiz","status":"publish","type":"page","link":"https:\/\/demir.av.tr\/en\/ekibimiz\/eslem-sumeyra-yildiz\/","title":{"rendered":"Eslem S\u00fcmeyra YILDIZ"},"content":{"rendered":"<p>[vc_row content_width=&#8221;grid&#8221; triangle_shape=&#8221;no&#8221; css=&#8221;.vc_custom_1664732035358{padding-top: 60px !important;padding-bottom: 50px !important;}&#8221;][vc_column width=&#8221;1\/4&#8243;][vc_single_image image=&#8221;4673&#8243; img_size=&#8221;full&#8221; style=&#8221;vc_box_circle_2&#8243;][\/vc_column][vc_column width=&#8221;3\/4&#8243;][vc_column_text]<\/p>\n<p style=\"text-align: justify;\">Legal Intern Eslem S\u00fcmeyra Y\u0131ld\u0131z graduated from the Turkish-German University in 2022 and started her legal internship in the same year by registering with the Istanbul Bar Association. She speaks English, German and French. After her graduation, she worked full time in a boutique Law Firm operating in the field of litigation and consultancy, and as of February 2023, she started to work in the field of Trademark Law at Demir and Partners Law Firm.<\/p>\n<p>[\/vc_column_text][\/vc_column][\/vc_row]<\/p>\n","protected":false},"excerpt":{"rendered":"<p>[vc_row content_width=&#8221;grid&#8221; triangle_shape=&#8221;no&#8221; css=&#8221;.vc_custom_1664732035358{padding-top: 60px !important;padding-bottom: 50px !important;}&#8221;][vc_column width=&#8221;1\/4&#8243;][vc_single_image image=&#8221;4673&#8243; img_size=&#8221;full&#8221; style=&#8221;vc_box_circle_2&#8243;][\/vc_column][vc_column width=&#8221;3\/4&#8243;][vc_column_text] Legal Intern Eslem S\u00fcmeyra Y\u0131ld\u0131z graduated from the Turkish-German University in 2022 and started her legal internship in the same year by registering with the Istanbul Bar Association. She speaks English, German and French. After her graduation, she worked full time in a boutique Law Firm operating in the field of litigation and consultancy, and as of February 2023, she started to work in the field of Trademark Law at Demir and Partners Law Firm. [\/vc_column_text][\/vc_column][\/vc_row]<\/p>\n","protected":false},"author":1,"featured_media":0,"parent":4128,"menu_order":0,"comment_status":"closed","ping_status":"closed","template":"full-width.php","meta":{"footnotes":""},"class_list":["post-4728","page","type-page","status-publish","hentry"],"_links":{"self":[{"href":"https:\/\/demir.av.tr\/en\/wp-json\/wp\/v2\/pages\/4728","targetHints":{"allow":["GET"]}}],"collection":[{"href":"https:\/\/demir.av.tr\/en\/wp-json\/wp\/v2\/pages"}],"about":[{"href":"https:\/\/demir.av.tr\/en\/wp-json\/wp\/v2\/types\/page"}],"author":[{"embeddable":true,"href":"https:\/\/demir.av.tr\/en\/wp-json\/wp\/v2\/users\/1"}],"replies":[{"embeddable":true,"href":"https:\/\/demir.av.tr\/en\/wp-json\/wp\/v2\/comments?post=4728"}],"version-history":[{"count":1,"href":"https:\/\/demir.av.tr\/en\/wp-json\/wp\/v2\/pages\/4728\/revisions"}],"predecessor-version":[{"id":4730,"href":"https:\/\/demir.av.tr\/en\/wp-json\/wp\/v2\/pages\/4728\/revisions\/4730"}],"up":[{"embeddable":true,"href":"https:\/\/demir.av.tr\/en\/wp-json\/wp\/v2\/pages\/4128"}],"wp:attachment":[{"href":"https:\/\/demir.av.tr\/en\/wp-json\/wp\/v2\/media?parent=4728"}],"curies":[{"name":"wp","href":"https:\/\/api.w.org\/{rel}","templated":true}]}}