{"id":4734,"date":"2023-05-16T21:43:50","date_gmt":"2023-05-16T21:43:50","guid":{"rendered":"https:\/\/demir.av.tr\/?page_id=4734"},"modified":"2024-12-07T11:16:17","modified_gmt":"2024-12-07T11:16:17","slug":"isil-karadayi","status":"publish","type":"page","link":"https:\/\/demir.av.tr\/en\/ekibimiz\/isil-karadayi\/","title":{"rendered":"I\u015f\u0131l KARADAYI"},"content":{"rendered":"<p>[vc_row content_width=&#8221;grid&#8221; triangle_shape=&#8221;no&#8221; css=&#8221;.vc_custom_1664732035358{padding-top: 60px !important;padding-bottom: 50px !important;}&#8221;][vc_column width=&#8221;1\/4&#8243;][vc_single_image image=&#8221;4676&#8243; img_size=&#8221;full&#8221; style=&#8221;vc_box_circle_2&#8243;][\/vc_column][vc_column width=&#8221;3\/4&#8243;][vc_column_text]Attorney I\u015f\u0131l Karaday\u0131 graduated from Istanbul Erkek Lisesi in 2019 and started her education at Istanbul University Faculty of Law in the same year. In 2020, she started her double major program at Istanbul University Faculty of Political Sciences, Department of Business Administration.<\/p>\n<p>In 2023, Att. I\u015f\u0131l Karaday\u0131 graduated from Istanbul University Faculty of Law as a high honor student and registered to the Istanbul Bar Association in the same year. Att. I\u015f\u0131l Karaday\u0131 completed her legal internship at Demir and Partners Law Office and continues to work as a lawyer in our office after the end of her internship.<\/p>\n<p>Att. I\u015f\u0131l Karaday\u0131 works mainly in the fields of Transportation Law, Commercial Law, Labor Law, Inheritance Law and Family Law and provides legal consultancy to local and foreign companies operating in these fields.<\/p>\n<p>Att. I\u015f\u0131l Karaday\u0131 speaks German as her mother tongue and intermediate level English.[\/vc_column_text][\/vc_column][\/vc_row]<\/p>\n","protected":false},"excerpt":{"rendered":"<p>[vc_row content_width=&#8221;grid&#8221; triangle_shape=&#8221;no&#8221; css=&#8221;.vc_custom_1664732035358{padding-top: 60px !important;padding-bottom: 50px !important;}&#8221;][vc_column width=&#8221;1\/4&#8243;][vc_single_image image=&#8221;4676&#8243; img_size=&#8221;full&#8221; style=&#8221;vc_box_circle_2&#8243;][\/vc_column][vc_column width=&#8221;3\/4&#8243;][vc_column_text]Attorney I\u015f\u0131l Karaday\u0131 graduated from Istanbul Erkek Lisesi in 2019 and started her education at Istanbul University Faculty of Law in the same year. In 2020, she started her double major program at Istanbul University Faculty of Political Sciences, Department of Business Administration. In 2023, Att. I\u015f\u0131l Karaday\u0131 graduated from Istanbul University Faculty of Law as a high honor student and registered to the Istanbul Bar Association in the same year. Att. I\u015f\u0131l Karaday\u0131 completed her legal internship at Demir and Partners Law Office and continues to work&#8230;<\/p>\n","protected":false},"author":1,"featured_media":0,"parent":4128,"menu_order":0,"comment_status":"closed","ping_status":"closed","template":"full-width.php","meta":{"footnotes":""},"class_list":["post-4734","page","type-page","status-publish","hentry"],"_links":{"self":[{"href":"https:\/\/demir.av.tr\/en\/wp-json\/wp\/v2\/pages\/4734","targetHints":{"allow":["GET"]}}],"collection":[{"href":"https:\/\/demir.av.tr\/en\/wp-json\/wp\/v2\/pages"}],"about":[{"href":"https:\/\/demir.av.tr\/en\/wp-json\/wp\/v2\/types\/page"}],"author":[{"embeddable":true,"href":"https:\/\/demir.av.tr\/en\/wp-json\/wp\/v2\/users\/1"}],"replies":[{"embeddable":true,"href":"https:\/\/demir.av.tr\/en\/wp-json\/wp\/v2\/comments?post=4734"}],"version-history":[{"count":2,"href":"https:\/\/demir.av.tr\/en\/wp-json\/wp\/v2\/pages\/4734\/revisions"}],"predecessor-version":[{"id":4932,"href":"https:\/\/demir.av.tr\/en\/wp-json\/wp\/v2\/pages\/4734\/revisions\/4932"}],"up":[{"embeddable":true,"href":"https:\/\/demir.av.tr\/en\/wp-json\/wp\/v2\/pages\/4128"}],"wp:attachment":[{"href":"https:\/\/demir.av.tr\/en\/wp-json\/wp\/v2\/media?parent=4734"}],"curies":[{"name":"wp","href":"https:\/\/api.w.org\/{rel}","templated":true}]}}