{"id":4761,"date":"2023-06-05T20:50:56","date_gmt":"2023-06-05T20:50:56","guid":{"rendered":"https:\/\/demir.av.tr\/?page_id=4761"},"modified":"2023-06-05T20:55:22","modified_gmt":"2023-06-05T20:55:22","slug":"att-burcak-copuroglu","status":"publish","type":"page","link":"https:\/\/demir.av.tr\/en\/ekibimiz\/att-burcak-copuroglu\/","title":{"rendered":"Att. Bur\u00e7ak \u00c7OPURO\u011eLU"},"content":{"rendered":"<p>[vc_row content_width=&#8221;grid&#8221; triangle_shape=&#8221;no&#8221; css=&#8221;.vc_custom_1664732035358{padding-top: 60px !important;padding-bottom: 50px !important;}&#8221;][vc_column width=&#8221;1\/4&#8243;][vc_single_image image=&#8221;4764&#8243; img_size=&#8221;full&#8221; style=&#8221;vc_box_circle_2&#8243;][\/vc_column][vc_column width=&#8221;3\/4&#8243;][vc_column_text]<\/p>\n<p style=\"text-align: justify;\">Att. Bur\u00e7ak \u00c7opuro\u011flu graduated from Istanbul Ticaret University Faculty of Law in 2009. She completed her legal internship in a law firm operating mainly in the field of inheritance law and labor law. She continued her professional life as a managing lawyer in one of Turkey&#8217;s leading law firms for a long time and continues her legal career at Demir &amp; Partners.<\/p>\n<p>&nbsp;<\/p>\n<p style=\"text-align: justify;\">She completed her Master&#8217;s Degree in Health Law at Medipol University in 2014 and continued her doctoral education in Health Law at Medipol University. She also served as a member of the Ethics Committee of Marmara University Faculty of Dentistry, and continues to serve as a member of the Ethics Committee of the hospital Metin Sabanc\u0131 Baltaliman\u0131 Kemik Hastal\u0131klar\u0131 E\u011fitim ve Ara\u015ft\u0131rma Hastanesi.<\/p>\n<p>&nbsp;<\/p>\n<p style=\"text-align: justify;\">She mainly works in the fields of Health Law, Inheritance Law, Commercial Law, Intellectual and Industrial Rights Law, Family Law, Labor Law, Enforcement and Bankruptcy Law.<\/p>\n<p>[\/vc_column_text][\/vc_column][\/vc_row]<\/p>\n","protected":false},"excerpt":{"rendered":"<p>[vc_row content_width=&#8221;grid&#8221; triangle_shape=&#8221;no&#8221; css=&#8221;.vc_custom_1664732035358{padding-top: 60px !important;padding-bottom: 50px !important;}&#8221;][vc_column width=&#8221;1\/4&#8243;][vc_single_image image=&#8221;4764&#8243; img_size=&#8221;full&#8221; style=&#8221;vc_box_circle_2&#8243;][\/vc_column][vc_column width=&#8221;3\/4&#8243;][vc_column_text] Att. Bur\u00e7ak \u00c7opuro\u011flu graduated from Istanbul Ticaret University Faculty of Law in 2009. She completed her legal internship in a law firm operating mainly in the field of inheritance law and labor law. She continued her professional life as a managing lawyer in one of Turkey&#8217;s leading law firms for a long time and continues her legal career at Demir &amp; Partners. &nbsp; She completed her Master&#8217;s Degree in Health Law at Medipol University in 2014 and continued her doctoral education in Health Law at Medipol University&#8230;.<\/p>\n","protected":false},"author":1,"featured_media":0,"parent":4128,"menu_order":0,"comment_status":"closed","ping_status":"closed","template":"full-width.php","meta":{"footnotes":""},"class_list":["post-4761","page","type-page","status-publish","hentry"],"_links":{"self":[{"href":"https:\/\/demir.av.tr\/en\/wp-json\/wp\/v2\/pages\/4761","targetHints":{"allow":["GET"]}}],"collection":[{"href":"https:\/\/demir.av.tr\/en\/wp-json\/wp\/v2\/pages"}],"about":[{"href":"https:\/\/demir.av.tr\/en\/wp-json\/wp\/v2\/types\/page"}],"author":[{"embeddable":true,"href":"https:\/\/demir.av.tr\/en\/wp-json\/wp\/v2\/users\/1"}],"replies":[{"embeddable":true,"href":"https:\/\/demir.av.tr\/en\/wp-json\/wp\/v2\/comments?post=4761"}],"version-history":[{"count":3,"href":"https:\/\/demir.av.tr\/en\/wp-json\/wp\/v2\/pages\/4761\/revisions"}],"predecessor-version":[{"id":4770,"href":"https:\/\/demir.av.tr\/en\/wp-json\/wp\/v2\/pages\/4761\/revisions\/4770"}],"up":[{"embeddable":true,"href":"https:\/\/demir.av.tr\/en\/wp-json\/wp\/v2\/pages\/4128"}],"wp:attachment":[{"href":"https:\/\/demir.av.tr\/en\/wp-json\/wp\/v2\/media?parent=4761"}],"curies":[{"name":"wp","href":"https:\/\/api.w.org\/{rel}","templated":true}]}}