{"id":4942,"date":"2024-12-07T11:36:09","date_gmt":"2024-12-07T11:36:09","guid":{"rendered":"https:\/\/demir.av.tr\/?page_id=4942"},"modified":"2024-12-07T11:39:50","modified_gmt":"2024-12-07T11:39:50","slug":"att-busenur-basbilen","status":"publish","type":"page","link":"https:\/\/demir.av.tr\/en\/ekibimiz\/att-busenur-basbilen\/","title":{"rendered":"Att. Bu\u011fsenur BA\u015eB\u0130LEN"},"content":{"rendered":"<p>[vc_row content_width=&#8221;grid&#8221; triangle_shape=&#8221;no&#8221; css=&#8221;.vc_custom_1664732035358{padding-top: 60px !important;padding-bottom: 50px !important;}&#8221;][vc_column width=&#8221;1\/4&#8243;][vc_single_image image=&#8221;4775&#8243; img_size=&#8221;full&#8221; style=&#8221;vc_box_circle_2&#8243;][\/vc_column][vc_column width=&#8221;3\/4&#8243;][vc_column_text]Att. Bu\u011fsenur Ba\u015fbilen graduated from Marmara University Faculty of Law in 2023. During her student period, she developed a successful career in the fields of mediation and arbitration, especially by participating in the GTAY Competition of Istanbul Arbitration Centre with her team and ranked 3rd in Turkey. She also gained international experience by participating in the ICC (International Chamber of Commerce) International Commercial Mediation Competition.<\/p>\n<p>Bu\u011fsenur Ba\u015fbilen started her internship in 2023 and registered to the Istanbul Bar Association. Att. Bu\u011fsenur Ba\u015fbilen completed her legal internship at Demir and Partners Law Office and continues to work as a lawyer in our office after the end of her internship.<\/p>\n<p>Att. Bu\u011fsenur Ba\u015fbilen mainly works in the fields of Trademark Law and Labour Law, Commercial Law, Inheritance Law and Family Law and provides legal consultancy to local and foreign companies operating in these fields.[\/vc_column_text][\/vc_column][\/vc_row]<\/p>\n","protected":false},"excerpt":{"rendered":"<p>[vc_row content_width=&#8221;grid&#8221; triangle_shape=&#8221;no&#8221; css=&#8221;.vc_custom_1664732035358{padding-top: 60px !important;padding-bottom: 50px !important;}&#8221;][vc_column width=&#8221;1\/4&#8243;][vc_single_image image=&#8221;4775&#8243; img_size=&#8221;full&#8221; style=&#8221;vc_box_circle_2&#8243;][\/vc_column][vc_column width=&#8221;3\/4&#8243;][vc_column_text]Att. Bu\u011fsenur Ba\u015fbilen graduated from Marmara University Faculty of Law in 2023. During her student period, she developed a successful career in the fields of mediation and arbitration, especially by participating in the GTAY Competition of Istanbul Arbitration Centre with her team and ranked 3rd in Turkey. She also gained international experience by participating in the ICC (International Chamber of Commerce) International Commercial Mediation Competition. Bu\u011fsenur Ba\u015fbilen started her internship in 2023 and registered to the Istanbul Bar Association. Att. Bu\u011fsenur Ba\u015fbilen completed her legal internship at Demir&#8230;<\/p>\n","protected":false},"author":5,"featured_media":0,"parent":4128,"menu_order":0,"comment_status":"closed","ping_status":"closed","template":"full-width.php","meta":{"footnotes":""},"class_list":["post-4942","page","type-page","status-publish","hentry"],"_links":{"self":[{"href":"https:\/\/demir.av.tr\/en\/wp-json\/wp\/v2\/pages\/4942","targetHints":{"allow":["GET"]}}],"collection":[{"href":"https:\/\/demir.av.tr\/en\/wp-json\/wp\/v2\/pages"}],"about":[{"href":"https:\/\/demir.av.tr\/en\/wp-json\/wp\/v2\/types\/page"}],"author":[{"embeddable":true,"href":"https:\/\/demir.av.tr\/en\/wp-json\/wp\/v2\/users\/5"}],"replies":[{"embeddable":true,"href":"https:\/\/demir.av.tr\/en\/wp-json\/wp\/v2\/comments?post=4942"}],"version-history":[{"count":1,"href":"https:\/\/demir.av.tr\/en\/wp-json\/wp\/v2\/pages\/4942\/revisions"}],"predecessor-version":[{"id":4946,"href":"https:\/\/demir.av.tr\/en\/wp-json\/wp\/v2\/pages\/4942\/revisions\/4946"}],"up":[{"embeddable":true,"href":"https:\/\/demir.av.tr\/en\/wp-json\/wp\/v2\/pages\/4128"}],"wp:attachment":[{"href":"https:\/\/demir.av.tr\/en\/wp-json\/wp\/v2\/media?parent=4942"}],"curies":[{"name":"wp","href":"https:\/\/api.w.org\/{rel}","templated":true}]}}