{"id":4983,"date":"2024-12-16T10:55:28","date_gmt":"2024-12-16T10:55:28","guid":{"rendered":"https:\/\/demir.av.tr\/?page_id=4983"},"modified":"2024-12-16T10:57:21","modified_gmt":"2024-12-16T10:57:21","slug":"baris-baran-demir","status":"publish","type":"page","link":"https:\/\/demir.av.tr\/en\/ekibimiz\/baris-baran-demir\/","title":{"rendered":"Bar\u0131\u015f Baran DEM\u0130R"},"content":{"rendered":"<p>[vc_row content_width=&#8221;grid&#8221; triangle_shape=&#8221;no&#8221; css=&#8221;.vc_custom_1664732035358{padding-top: 60px !important;padding-bottom: 50px !important;}&#8221;][vc_column width=&#8221;1\/4&#8243;][vc_single_image image=&#8221;4986&#8243; img_size=&#8221;full&#8221; style=&#8221;vc_box_circle_2&#8243;][\/vc_column][vc_column width=&#8221;3\/4&#8243;][vc_column_text]<strong>Legal Intern Bar\u0131\u015f Baran Demir<\/strong> graduated from Ko\u00e7 University Faculty of Law in 2024. Having worked as a student intern at various law firms during his undergraduate life, Bar\u0131\u015f Baran Demir continues his legal internship career at Demir &amp; Partners.<\/p>\n<p>He mainly works on Inheritance Law, Commercial Law, Intellectual and Industrial Rights Law, Family Law, Labor Law, Personal Data Protection Law. He speaks english.[\/vc_column_text][\/vc_column][\/vc_row]<\/p>\n","protected":false},"excerpt":{"rendered":"<p>[vc_row content_width=&#8221;grid&#8221; triangle_shape=&#8221;no&#8221; css=&#8221;.vc_custom_1664732035358{padding-top: 60px !important;padding-bottom: 50px !important;}&#8221;][vc_column width=&#8221;1\/4&#8243;][vc_single_image image=&#8221;4986&#8243; img_size=&#8221;full&#8221; style=&#8221;vc_box_circle_2&#8243;][\/vc_column][vc_column width=&#8221;3\/4&#8243;][vc_column_text]Legal Intern Bar\u0131\u015f Baran Demir graduated from Ko\u00e7 University Faculty of Law in 2024. Having worked as a student intern at various law firms during his undergraduate life, Bar\u0131\u015f Baran Demir continues his legal internship career at Demir &amp; Partners. He mainly works on Inheritance Law, Commercial Law, Intellectual and Industrial Rights Law, Family Law, Labor Law, Personal Data Protection Law. He speaks english.[\/vc_column_text][\/vc_column][\/vc_row]<\/p>\n","protected":false},"author":5,"featured_media":0,"parent":4128,"menu_order":0,"comment_status":"closed","ping_status":"closed","template":"full-width.php","meta":{"footnotes":""},"class_list":["post-4983","page","type-page","status-publish","hentry"],"_links":{"self":[{"href":"https:\/\/demir.av.tr\/en\/wp-json\/wp\/v2\/pages\/4983","targetHints":{"allow":["GET"]}}],"collection":[{"href":"https:\/\/demir.av.tr\/en\/wp-json\/wp\/v2\/pages"}],"about":[{"href":"https:\/\/demir.av.tr\/en\/wp-json\/wp\/v2\/types\/page"}],"author":[{"embeddable":true,"href":"https:\/\/demir.av.tr\/en\/wp-json\/wp\/v2\/users\/5"}],"replies":[{"embeddable":true,"href":"https:\/\/demir.av.tr\/en\/wp-json\/wp\/v2\/comments?post=4983"}],"version-history":[{"count":1,"href":"https:\/\/demir.av.tr\/en\/wp-json\/wp\/v2\/pages\/4983\/revisions"}],"predecessor-version":[{"id":4989,"href":"https:\/\/demir.av.tr\/en\/wp-json\/wp\/v2\/pages\/4983\/revisions\/4989"}],"up":[{"embeddable":true,"href":"https:\/\/demir.av.tr\/en\/wp-json\/wp\/v2\/pages\/4128"}],"wp:attachment":[{"href":"https:\/\/demir.av.tr\/en\/wp-json\/wp\/v2\/media?parent=4983"}],"curies":[{"name":"wp","href":"https:\/\/api.w.org\/{rel}","templated":true}]}}