{"id":5007,"date":"2024-12-16T12:28:02","date_gmt":"2024-12-16T12:28:02","guid":{"rendered":"https:\/\/demir.av.tr\/?page_id=5007"},"modified":"2024-12-16T12:29:51","modified_gmt":"2024-12-16T12:29:51","slug":"elif-egercioglu","status":"publish","type":"page","link":"https:\/\/demir.av.tr\/en\/ekibimiz\/elif-egercioglu\/","title":{"rendered":"Elif E\u011eERC\u0130O\u011eLU"},"content":{"rendered":"<p>[vc_row content_width=&#8221;grid&#8221; triangle_shape=&#8221;no&#8221; css=&#8221;.vc_custom_1664732035358{padding-top: 60px !important;padding-bottom: 50px !important;}&#8221;][vc_column width=&#8221;1\/4&#8243;][vc_single_image image=&#8221;5004&#8243; img_size=&#8221;full&#8221; style=&#8221;vc_box_circle_2&#8243;][\/vc_column][vc_column width=&#8221;3\/4&#8243;][vc_column_text]<strong>Legal Intern Elif E\u011eERC\u0130O\u011eLU<\/strong> graduated from the Turkish-German University Faculty of Law with high honors in 2024. She served as a treasurer and supervisory board member of the TAU Pro Bono Law Club. After completing various internships during her studies, E\u011fercio\u011flu interned at a law firm in Germany for two months as part of the Erasmus Internship Mobility program. She is continuing her career as a trainee lawyer at Demir &amp; Partners.<\/p>\n<p>In 2024, she began pursuing her Master&#8217;s degree in Private Law (German) at the Turkish-German University.<\/p>\n<p>She primarily works in the fields of Commercial Law, Intellectual and Industrial Rights Law, Labor Law, and Enforcement and Bankruptcy Law. She is fluent in English and German.[\/vc_column_text][\/vc_column][\/vc_row]<\/p>\n","protected":false},"excerpt":{"rendered":"<p>[vc_row content_width=&#8221;grid&#8221; triangle_shape=&#8221;no&#8221; css=&#8221;.vc_custom_1664732035358{padding-top: 60px !important;padding-bottom: 50px !important;}&#8221;][vc_column width=&#8221;1\/4&#8243;][vc_single_image image=&#8221;5004&#8243; img_size=&#8221;full&#8221; style=&#8221;vc_box_circle_2&#8243;][\/vc_column][vc_column width=&#8221;3\/4&#8243;][vc_column_text]Legal Intern Elif E\u011eERC\u0130O\u011eLU graduated from the Turkish-German University Faculty of Law with high honors in 2024. She served as a treasurer and supervisory board member of the TAU Pro Bono Law Club. After completing various internships during her studies, E\u011fercio\u011flu interned at a law firm in Germany for two months as part of the Erasmus Internship Mobility program. She is continuing her career as a trainee lawyer at Demir &amp; Partners. In 2024, she began pursuing her Master&#8217;s degree in Private Law (German) at the Turkish-German University&#8230;.<\/p>\n","protected":false},"author":5,"featured_media":0,"parent":4128,"menu_order":0,"comment_status":"closed","ping_status":"closed","template":"full-width.php","meta":{"footnotes":""},"class_list":["post-5007","page","type-page","status-publish","hentry"],"_links":{"self":[{"href":"https:\/\/demir.av.tr\/en\/wp-json\/wp\/v2\/pages\/5007","targetHints":{"allow":["GET"]}}],"collection":[{"href":"https:\/\/demir.av.tr\/en\/wp-json\/wp\/v2\/pages"}],"about":[{"href":"https:\/\/demir.av.tr\/en\/wp-json\/wp\/v2\/types\/page"}],"author":[{"embeddable":true,"href":"https:\/\/demir.av.tr\/en\/wp-json\/wp\/v2\/users\/5"}],"replies":[{"embeddable":true,"href":"https:\/\/demir.av.tr\/en\/wp-json\/wp\/v2\/comments?post=5007"}],"version-history":[{"count":1,"href":"https:\/\/demir.av.tr\/en\/wp-json\/wp\/v2\/pages\/5007\/revisions"}],"predecessor-version":[{"id":5010,"href":"https:\/\/demir.av.tr\/en\/wp-json\/wp\/v2\/pages\/5007\/revisions\/5010"}],"up":[{"embeddable":true,"href":"https:\/\/demir.av.tr\/en\/wp-json\/wp\/v2\/pages\/4128"}],"wp:attachment":[{"href":"https:\/\/demir.av.tr\/en\/wp-json\/wp\/v2\/media?parent=5007"}],"curies":[{"name":"wp","href":"https:\/\/api.w.org\/{rel}","templated":true}]}}